{"id":52461,"date":"2026-04-02T23:50:51","date_gmt":"2026-04-02T20:50:51","guid":{"rendered":"http:\/\/new.ceasuri.md\/shop\/uncategorized\/casio-edifice-efv-540dc-1cvuef\/"},"modified":"2026-04-07T04:41:29","modified_gmt":"2026-04-07T01:41:29","slug":"casio-edifice-efv-540dc-1cvuef","status":"publish","type":"product","link":"https:\/\/ceasuri.md\/ru\/shop\/branduri\/casio\/casio-edifice-efv-540dc-1cvuef\/","title":{"rendered":"Ceas CASIO EDIFICE EFV-540DC-1CVUEF"},"content":{"rendered":"<p>Ceasul pentru b\u0103rba\u021bi Edifice este combina\u021bia perfect\u0103 de elegan\u021b\u0103 \u0219i durabilitate. Multifunc\u021bional \u0219i discret, acest ceas sportiv este alegerea ideal\u0103 pentru b\u0103rba\u021bii moderni.<\/p>\n<p>Stratul nereflectorizant de acumulare a luminii asigur\u0103 o str\u0103lucire de lung\u0103 durat\u0103 \u00een \u00eentuneric, chiar \u0219i dup\u0103 o scurt\u0103 expunere la lumin\u0103.<\/p>\n<p>Ceas cronograf cu cronometru cu precizie de 1sec \u0219i timp de m\u0103surare de 10min. M\u00e2n\u0103 de minute cu cronograf retrograd. Format de timp de 12 \u0219i 24 de ore.<\/p>\n<p>Cadran \u00een raze de soare cu repere de curs\u0103. Fereastr\u0103 pentru dat\u0103 la ora 4.<\/p>\n<p>Rezisten\u021b\u0103 la ap\u0103 100m.<\/p>\n<p>Br\u0103\u021bar\u0103 cu \u00eenchidere pliabil\u0103 tripl\u0103 cu eliberare printr-o singur\u0103 atingere.<\/p>","protected":false},"excerpt":{"rendered":"<p>Ceasul pentru b\u0103rba\u021bi Edifice este combina\u021bia perfect\u0103 de elegan\u021b\u0103 \u0219i durabilitate. Multifunc\u021bional \u0219i discret, acest ceas sportiv este alegerea ideal\u0103 pentru b\u0103rba\u021bii moderni. Stratul nereflectorizant de acumulare a luminii asigur\u0103 o str\u0103lucire de lung\u0103 durat\u0103 \u00een \u00eentuneric, chiar \u0219i dup\u0103 o scurt\u0103 expunere la lumin\u0103. Ceas cronograf cu cronometru cu precizie de 1sec \u0219i timp [&hellip;]<\/p>\n","protected":false},"featured_media":52462,"comment_status":"closed","ping_status":"open","template":"","meta":{"_acf_changed":false},"product_brand":[],"product_cat":[27,20,536],"product_tag":[],"class_list":{"0":"post-52461","1":"product","2":"type-product","3":"status-publish","4":"has-post-thumbnail","6":"product_cat-casio","7":"product_cat-ceasuri-barbati","8":"product_cat-edifice","9":"pa_brand-casio","10":"pa_brand-edifice","11":"pa_braslet-otel-inoxidabil","12":"pa_corpus-48-mm","13":"pa_forma-rotund","14":"pa_funcii-cronograf","15":"pa_funcii-data","16":"pa_garatia-24-luni","17":"pa_korpus-gri","18":"pa_material-otel-inoxidabil","19":"pa_mehanizm-quartz","20":"pa_remeshok-gri","21":"pa_steklo-cristal-mineral","22":"pa_strana-japonia","23":"pa_voda-10-atm","25":"first","26":"instock","27":"purchasable","28":"product-type-simple"},"acf":[],"_links":{"self":[{"href":"https:\/\/ceasuri.md\/ru\/wp-json\/wp\/v2\/product\/52461","targetHints":{"allow":["GET"]}}],"collection":[{"href":"https:\/\/ceasuri.md\/ru\/wp-json\/wp\/v2\/product"}],"about":[{"href":"https:\/\/ceasuri.md\/ru\/wp-json\/wp\/v2\/types\/product"}],"replies":[{"embeddable":true,"href":"https:\/\/ceasuri.md\/ru\/wp-json\/wp\/v2\/comments?post=52461"}],"wp:featuredmedia":[{"embeddable":true,"href":"https:\/\/ceasuri.md\/ru\/wp-json\/wp\/v2\/media\/52462"}],"wp:attachment":[{"href":"https:\/\/ceasuri.md\/ru\/wp-json\/wp\/v2\/media?parent=52461"}],"wp:term":[{"taxonomy":"product_brand","embeddable":true,"href":"https:\/\/ceasuri.md\/ru\/wp-json\/wp\/v2\/product_brand?post=52461"},{"taxonomy":"product_cat","embeddable":true,"href":"https:\/\/ceasuri.md\/ru\/wp-json\/wp\/v2\/product_cat?post=52461"},{"taxonomy":"product_tag","embeddable":true,"href":"https:\/\/ceasuri.md\/ru\/wp-json\/wp\/v2\/product_tag?post=52461"}],"curies":[{"name":"wp","href":"https:\/\/api.w.org\/{rel}","templated":true}]}}