{"id":52458,"date":"2026-04-02T23:50:51","date_gmt":"2026-04-02T20:50:51","guid":{"rendered":"http:\/\/new.ceasuri.md\/shop\/uncategorized\/casio-edifice-eqs-940nl-1avuef\/"},"modified":"2026-04-07T04:41:28","modified_gmt":"2026-04-07T01:41:28","slug":"casio-edifice-eqs-940nl-1avuef","status":"publish","type":"product","link":"https:\/\/ceasuri.md\/ru\/shop\/branduri\/casio\/casio-edifice-eqs-940nl-1avuef\/","title":{"rendered":"Ceas CASIO EDIFICE EQS-940NL-1AVUEF"},"content":{"rendered":"<p>V\u0103 place s\u0103 conduce\u021bi pe drumuri \u00eentunecate? Str\u0103lucirea farurilor \u0219i a l\u0103mpilor de strad\u0103 t\u0103ind albastrul ad\u00e2nc al cerului de noapte? Atunci v\u0103 va pl\u0103cea acest ceas EDIFICE, creat special pentru automobili\u0219ti pentru a surprinde starea de spirit a condusului pe timp de noapte.<\/p>\n<p>Fiorul condusului nocturn pe str\u0103zile ora\u0219ului este surprins \u00eentr-o grada\u021bie str\u0103lucitoare de culori ale lunetei: cerul de noapte reprodus cu spray cu ioni alba\u0219tri deasupra, iar str\u0103lucirea luminilor de dedesubt cu tratament argintiu cu carbur\u0103 de titan. Aceast\u0103 grada\u021bie de dou\u0103 culori creeaz\u0103 o lunet\u0103 uimitoare cu o str\u0103lucire rafinat\u0103 \u0219i se repet\u0103 pe detaliile cadranului.<\/p>\n<p>Func\u021bioneaz\u0103 cu energie solar\u0103, indicator al nivelului bateriei. Durata de via\u021b\u0103 a bateriei f\u0103r\u0103 re\u00eenc\u0103rcare de aproximativ 5 luni.<\/p>\n<p>Ceas cronograf cu cronometru cu precizie de 1 secund\u0103 \u0219i timp de m\u0103surare de 30 min. Format de timp de 12 \u0219i 24 de ore.<\/p>\n<p>Cadranul cu indicatoare de curs\u0103 este realizat cu tehnologia Sunray. Fereastra datei se afl\u0103 la ora 4. Curea cu cataram\u0103 clasic\u0103.<\/p>","protected":false},"excerpt":{"rendered":"<p>V\u0103 place s\u0103 conduce\u021bi pe drumuri \u00eentunecate? Str\u0103lucirea farurilor \u0219i a l\u0103mpilor de strad\u0103 t\u0103ind albastrul ad\u00e2nc al cerului de noapte? Atunci v\u0103 va pl\u0103cea acest ceas EDIFICE, creat special pentru automobili\u0219ti pentru a surprinde starea de spirit a condusului pe timp de noapte. Fiorul condusului nocturn pe str\u0103zile ora\u0219ului este surprins \u00eentr-o grada\u021bie str\u0103lucitoare [&hellip;]<\/p>\n","protected":false},"featured_media":52459,"comment_status":"closed","ping_status":"open","template":"","meta":{"_acf_changed":false},"product_brand":[],"product_cat":[27,20,536],"product_tag":[],"class_list":{"0":"post-52458","1":"product","2":"type-product","3":"status-publish","4":"has-post-thumbnail","6":"product_cat-casio","7":"product_cat-ceasuri-barbati","8":"product_cat-edifice","9":"pa_brand-casio","10":"pa_brand-edifice","11":"pa_braslet-piele","12":"pa_corpus-30x50-mm","13":"pa_forma-rotund","14":"pa_funcii-cronograf","15":"pa_funcii-data","16":"pa_funcii-rezerva-de-energie","17":"pa_garatia-24-luni","18":"pa_korpus-albastru","19":"pa_korpus-negru","20":"pa_material-otel-inoxidabil","21":"pa_mehanizm-baterie-solara","22":"pa_remeshok-negru","23":"pa_steklo-cristal-mineral","24":"pa_strana-japonia","25":"pa_voda-10-atm","27":"first","28":"instock","29":"purchasable","30":"product-type-simple"},"acf":[],"_links":{"self":[{"href":"https:\/\/ceasuri.md\/ru\/wp-json\/wp\/v2\/product\/52458","targetHints":{"allow":["GET"]}}],"collection":[{"href":"https:\/\/ceasuri.md\/ru\/wp-json\/wp\/v2\/product"}],"about":[{"href":"https:\/\/ceasuri.md\/ru\/wp-json\/wp\/v2\/types\/product"}],"replies":[{"embeddable":true,"href":"https:\/\/ceasuri.md\/ru\/wp-json\/wp\/v2\/comments?post=52458"}],"wp:featuredmedia":[{"embeddable":true,"href":"https:\/\/ceasuri.md\/ru\/wp-json\/wp\/v2\/media\/52459"}],"wp:attachment":[{"href":"https:\/\/ceasuri.md\/ru\/wp-json\/wp\/v2\/media?parent=52458"}],"wp:term":[{"taxonomy":"product_brand","embeddable":true,"href":"https:\/\/ceasuri.md\/ru\/wp-json\/wp\/v2\/product_brand?post=52458"},{"taxonomy":"product_cat","embeddable":true,"href":"https:\/\/ceasuri.md\/ru\/wp-json\/wp\/v2\/product_cat?post=52458"},{"taxonomy":"product_tag","embeddable":true,"href":"https:\/\/ceasuri.md\/ru\/wp-json\/wp\/v2\/product_tag?post=52458"}],"curies":[{"name":"wp","href":"https:\/\/api.w.org\/{rel}","templated":true}]}}