{"id":52450,"date":"2026-04-02T23:50:51","date_gmt":"2026-04-02T20:50:51","guid":{"rendered":"http:\/\/new.ceasuri.md\/shop\/uncategorized\/casio-g-shock-ga-700hd-8aer\/"},"modified":"2026-04-07T04:41:27","modified_gmt":"2026-04-07T01:41:27","slug":"casio-g-shock-ga-700hd-8aer","status":"publish","type":"product","link":"https:\/\/ceasuri.md\/ru\/shop\/branduri\/casio\/casio-g-shock-ga-700hd-8aer\/","title":{"rendered":"Ceas CASIO G-SHOCK GA-700HD-8AER"},"content":{"rendered":"<p>Elibera\u021bi-v\u0103 \u00eentregul poten\u021bial \u0219i aduce\u021bi ceea ce este ascuns \u00een prim plan. V\u0103 prezent\u0103m ceasul G-SHOCK care str\u0103luce\u0219te \u00een \u00eentuneric.<\/p>\n<p>Modelul analogic-digital 2024 din seria G-SHOCK \u00eentr-o carcas\u0103 elegant\u0103 gri mat cu cadran deschis la culoare.<\/p>\n<p>Modelul are un cadran neobrit, care str\u0103luce\u0219te complet \u00een \u00eentuneric, cre\u00e2nd un aspect foarte special pentru ceas pe timp de noapte. Anterior, acest tip de acoperire se g\u0103sea doar pe m\u00e2ini \u0219i pe indicatoare.<\/p>\n<p>Datorit\u0103 noului design \u0219i a m\u00e2inilor mari, ceasul nu numai c\u0103 arat\u0103 grozav, dar are \u0219i un afi\u0219aj foarte convenabil al orei. Butonul de iluminare din spate este plasat \u00een partea de jos a carcasei, ca majoritatea modelelor premium, ceea ce \u00eel face u\u0219or de utilizat chiar \u0219i prin atingere.<\/p>\n<p>Cadranul combinat afi\u0219eaz\u0103 data, ziua, cronometrul, alarma \u0219i alte func\u021bii \u00een plus fa\u021b\u0103 de or\u0103. C\u0103l\u0103torii vor fi deosebit de mul\u021bumi\u021bi de selectarea u\u0219oar\u0103 a orei mondiale.<\/p>\n<p>Rezisten\u021ba la ap\u0103 a acestui model este de 200 de metri, astfel \u00eenc\u00e2t pute\u021bi \u00eenota \u00een el f\u0103r\u0103 probleme.<\/p>","protected":false},"excerpt":{"rendered":"<p>Elibera\u021bi-v\u0103 \u00eentregul poten\u021bial \u0219i aduce\u021bi ceea ce este ascuns \u00een prim plan. V\u0103 prezent\u0103m ceasul G-SHOCK care str\u0103luce\u0219te \u00een \u00eentuneric. Modelul analogic-digital 2024 din seria G-SHOCK \u00eentr-o carcas\u0103 elegant\u0103 gri mat cu cadran deschis la culoare. Modelul are un cadran neobrit, care str\u0103luce\u0219te complet \u00een \u00eentuneric, cre\u00e2nd un aspect foarte special pentru ceas pe timp [&hellip;]<\/p>\n","protected":false},"featured_media":52451,"comment_status":"closed","ping_status":"open","template":"","meta":{"_acf_changed":false},"product_brand":[],"product_cat":[27,20,419],"product_tag":[],"class_list":{"0":"post-52450","1":"product","2":"type-product","3":"status-publish","4":"has-post-thumbnail","6":"product_cat-casio","7":"product_cat-ceasuri-barbati","8":"product_cat-g-shock","9":"pa_brand-casio","10":"pa_brand-g-shock","11":"pa_braslet-plastic","12":"pa_corpus-53-mm","13":"pa_forma-rotund","14":"pa_funcii-alarma","15":"pa_funcii-calendar","16":"pa_funcii-cronometru","17":"pa_funcii-dual-time","18":"pa_funcii-iluminare","19":"pa_funcii-timp-mondial","20":"pa_garatia-24-luni","21":"pa_korpus-gri","22":"pa_material-plastic","23":"pa_mehanizm-electronic","24":"pa_mehanizm-quartz","25":"pa_remeshok-gri","26":"pa_steklo-cristal-mineral","27":"pa_strana-japonia","28":"pa_voda-20-atm","30":"first","31":"instock","32":"purchasable","33":"product-type-simple"},"acf":[],"_links":{"self":[{"href":"https:\/\/ceasuri.md\/ru\/wp-json\/wp\/v2\/product\/52450","targetHints":{"allow":["GET"]}}],"collection":[{"href":"https:\/\/ceasuri.md\/ru\/wp-json\/wp\/v2\/product"}],"about":[{"href":"https:\/\/ceasuri.md\/ru\/wp-json\/wp\/v2\/types\/product"}],"replies":[{"embeddable":true,"href":"https:\/\/ceasuri.md\/ru\/wp-json\/wp\/v2\/comments?post=52450"}],"wp:featuredmedia":[{"embeddable":true,"href":"https:\/\/ceasuri.md\/ru\/wp-json\/wp\/v2\/media\/52451"}],"wp:attachment":[{"href":"https:\/\/ceasuri.md\/ru\/wp-json\/wp\/v2\/media?parent=52450"}],"wp:term":[{"taxonomy":"product_brand","embeddable":true,"href":"https:\/\/ceasuri.md\/ru\/wp-json\/wp\/v2\/product_brand?post=52450"},{"taxonomy":"product_cat","embeddable":true,"href":"https:\/\/ceasuri.md\/ru\/wp-json\/wp\/v2\/product_cat?post=52450"},{"taxonomy":"product_tag","embeddable":true,"href":"https:\/\/ceasuri.md\/ru\/wp-json\/wp\/v2\/product_tag?post=52450"}],"curies":[{"name":"wp","href":"https:\/\/api.w.org\/{rel}","templated":true}]}}