{"id":52446,"date":"2026-04-02T23:50:51","date_gmt":"2026-04-02T20:50:51","guid":{"rendered":"http:\/\/new.ceasuri.md\/shop\/uncategorized\/casio-g-shock-ga-b001cbr-1aer\/"},"modified":"2026-04-07T04:41:26","modified_gmt":"2026-04-07T01:41:26","slug":"casio-g-shock-ga-b001cbr-1aer","status":"publish","type":"product","link":"https:\/\/ceasuri.md\/ru\/shop\/branduri\/casio\/casio-g-shock-ga-b001cbr-1aer\/","title":{"rendered":"Ceas CASIO G-SHOCK GA-B001CBR-1AER"},"content":{"rendered":"<p>C\u0103l\u0103tore\u0219te \u00een vastitatea spa\u021biului cibernetic cu un design \u00eendr\u0103zne\u021b care te transport\u0103 \u00eentr-o lume a senza\u021biilor sci-fi \u00eentr-un viitor nu prea \u00eendep\u0103rtat.<\/p>\n<p>Ceasul se \u00eemperecheaz\u0103 cu smartphone-ul prin Bluetooth pentru un control simplu \u0219i o personalizare u\u0219oar\u0103 a diferitelor func\u021bii. Atunci c\u00e2nd este conectat la un smartphone, acesta ajusteaz\u0103 automat ora curent\u0103, inclusiv ora de iarn\u0103\/var\u0103, \u0219i copiaz\u0103 set\u0103rile orei mondiale pentru peste 300 de ora\u0219e. Exist\u0103 func\u021bii de c\u0103utare a telefonului, mute\/unmute \u0219i mi\u0219care a m\u00e2inii pentru vizualizarea f\u0103r\u0103 obstacole a informa\u021biilor de pe afi\u0219ajele digitale.<\/p>\n<p>Format de timp de 12 \u0219i 24 de ore. Cronometru cu dou\u0103 citiri de precizie \u0219i timp de m\u0103surare de 24h. Cronometru cu num\u0103r\u0103toare invers\u0103 de la 1s la 24h.<\/p>\n<p>Curea din polimer cu cataram\u0103 clasic\u0103.<\/p>","protected":false},"excerpt":{"rendered":"<p>C\u0103l\u0103tore\u0219te \u00een vastitatea spa\u021biului cibernetic cu un design \u00eendr\u0103zne\u021b care te transport\u0103 \u00eentr-o lume a senza\u021biilor sci-fi \u00eentr-un viitor nu prea \u00eendep\u0103rtat. Ceasul se \u00eemperecheaz\u0103 cu smartphone-ul prin Bluetooth pentru un control simplu \u0219i o personalizare u\u0219oar\u0103 a diferitelor func\u021bii. Atunci c\u00e2nd este conectat la un smartphone, acesta ajusteaz\u0103 automat ora curent\u0103, inclusiv ora de [&hellip;]<\/p>\n","protected":false},"featured_media":52447,"comment_status":"closed","ping_status":"open","template":"","meta":{"_acf_changed":false},"product_brand":[],"product_cat":[27,20,419],"product_tag":[],"class_list":{"0":"post-52446","1":"product","2":"type-product","3":"status-publish","4":"has-post-thumbnail","6":"product_cat-casio","7":"product_cat-ceasuri-barbati","8":"product_cat-g-shock","9":"pa_brand-casio","10":"pa_brand-g-shock","11":"pa_braslet-plastic","12":"pa_corpus-46-mm","13":"pa_forma-rotund","14":"pa_funcii-alarma","15":"pa_funcii-bluetooth-smart","16":"pa_funcii-calendar","17":"pa_funcii-cronometru","18":"pa_funcii-data","19":"pa_funcii-dual-time","20":"pa_funcii-iluminare","21":"pa_funcii-timp-mondial","22":"pa_garatia-24-luni","23":"pa_korpus-negru","24":"pa_material-carbon","25":"pa_material-plastic","26":"pa_mehanizm-electronic","27":"pa_mehanizm-quartz","28":"pa_remeshok-negru","29":"pa_steklo-cristal-mineral","30":"pa_strana-japonia","31":"pa_voda-20-atm","33":"first","34":"instock","35":"purchasable","36":"product-type-simple"},"acf":[],"_links":{"self":[{"href":"https:\/\/ceasuri.md\/ru\/wp-json\/wp\/v2\/product\/52446","targetHints":{"allow":["GET"]}}],"collection":[{"href":"https:\/\/ceasuri.md\/ru\/wp-json\/wp\/v2\/product"}],"about":[{"href":"https:\/\/ceasuri.md\/ru\/wp-json\/wp\/v2\/types\/product"}],"replies":[{"embeddable":true,"href":"https:\/\/ceasuri.md\/ru\/wp-json\/wp\/v2\/comments?post=52446"}],"wp:featuredmedia":[{"embeddable":true,"href":"https:\/\/ceasuri.md\/ru\/wp-json\/wp\/v2\/media\/52447"}],"wp:attachment":[{"href":"https:\/\/ceasuri.md\/ru\/wp-json\/wp\/v2\/media?parent=52446"}],"wp:term":[{"taxonomy":"product_brand","embeddable":true,"href":"https:\/\/ceasuri.md\/ru\/wp-json\/wp\/v2\/product_brand?post=52446"},{"taxonomy":"product_cat","embeddable":true,"href":"https:\/\/ceasuri.md\/ru\/wp-json\/wp\/v2\/product_cat?post=52446"},{"taxonomy":"product_tag","embeddable":true,"href":"https:\/\/ceasuri.md\/ru\/wp-json\/wp\/v2\/product_tag?post=52446"}],"curies":[{"name":"wp","href":"https:\/\/api.w.org\/{rel}","templated":true}]}}