{"id":52436,"date":"2026-04-02T23:50:51","date_gmt":"2026-04-02T20:50:51","guid":{"rendered":"http:\/\/new.ceasuri.md\/shop\/uncategorized\/casio-collection-lrw-200hs-4evef\/"},"modified":"2026-04-07T04:41:23","modified_gmt":"2026-04-07T01:41:23","slug":"casio-collection-lrw-200hs-4evef","status":"publish","type":"product","link":"https:\/\/ceasuri.md\/ru\/shop\/branduri\/casio\/casio-collection-lrw-200hs-4evef\/","title":{"rendered":"Ceas CASIO COLLECTION LRW-200HS-4EVEF"},"content":{"rendered":"<p>Un ceas colorat \u0219i u\u0219or de purtat \u00een stil sport pentru vacan\u021bele la plaj\u0103.<\/p>\n<p>Ceasul are o carcas\u0103 rotund\u0103. Tehnologie Sunray pe cadran. Marcaje sub form\u0103 de puncte \u0219i liniu\u021be. Fereastr\u0103 pentru dat\u0103 la ora 3.<\/p>\n<p>Luneta rotativ\u0103 transparent\u0103. Coroan\u0103 de lichidare cu protec\u021bie. Spatele carcasei este fixat cu 4 \u0219uruburi.<\/p>\n<p>Rezisten\u021b\u0103 la ap\u0103 100m.<\/p>\n<p>Curea din polimer cu cataram\u0103 clasic\u0103.<\/p>","protected":false},"excerpt":{"rendered":"<p>Un ceas colorat \u0219i u\u0219or de purtat \u00een stil sport pentru vacan\u021bele la plaj\u0103. Ceasul are o carcas\u0103 rotund\u0103. Tehnologie Sunray pe cadran. Marcaje sub form\u0103 de puncte \u0219i liniu\u021be. Fereastr\u0103 pentru dat\u0103 la ora 3. Luneta rotativ\u0103 transparent\u0103. Coroan\u0103 de lichidare cu protec\u021bie. Spatele carcasei este fixat cu 4 \u0219uruburi. Rezisten\u021b\u0103 la ap\u0103 100m. [&hellip;]<\/p>\n","protected":false},"featured_media":52437,"comment_status":"closed","ping_status":"open","template":"","meta":{"_acf_changed":false},"product_brand":[],"product_cat":[27,25],"product_tag":[],"class_list":{"0":"post-52436","1":"product","2":"type-product","3":"status-publish","4":"has-post-thumbnail","6":"product_cat-casio","7":"product_cat-ceasuri-dama","8":"pa_brand-casio","9":"pa_braslet-plastic","10":"pa_corpus-34-mm","11":"pa_forma-rotund","12":"pa_funcii-data","13":"pa_garatia-24-luni","14":"pa_korpus-roz","15":"pa_korpus-transparent","16":"pa_material-plastic","17":"pa_mehanizm-quartz","18":"pa_remeshok-roz","19":"pa_remeshok-transparent","20":"pa_steklo-plastic","21":"pa_strana-japonia","22":"pa_voda-10-atm","24":"first","25":"instock","26":"purchasable","27":"product-type-simple"},"acf":[],"_links":{"self":[{"href":"https:\/\/ceasuri.md\/ru\/wp-json\/wp\/v2\/product\/52436","targetHints":{"allow":["GET"]}}],"collection":[{"href":"https:\/\/ceasuri.md\/ru\/wp-json\/wp\/v2\/product"}],"about":[{"href":"https:\/\/ceasuri.md\/ru\/wp-json\/wp\/v2\/types\/product"}],"replies":[{"embeddable":true,"href":"https:\/\/ceasuri.md\/ru\/wp-json\/wp\/v2\/comments?post=52436"}],"wp:featuredmedia":[{"embeddable":true,"href":"https:\/\/ceasuri.md\/ru\/wp-json\/wp\/v2\/media\/52437"}],"wp:attachment":[{"href":"https:\/\/ceasuri.md\/ru\/wp-json\/wp\/v2\/media?parent=52436"}],"wp:term":[{"taxonomy":"product_brand","embeddable":true,"href":"https:\/\/ceasuri.md\/ru\/wp-json\/wp\/v2\/product_brand?post=52436"},{"taxonomy":"product_cat","embeddable":true,"href":"https:\/\/ceasuri.md\/ru\/wp-json\/wp\/v2\/product_cat?post=52436"},{"taxonomy":"product_tag","embeddable":true,"href":"https:\/\/ceasuri.md\/ru\/wp-json\/wp\/v2\/product_tag?post=52436"}],"curies":[{"name":"wp","href":"https:\/\/api.w.org\/{rel}","templated":true}]}}