{"id":52429,"date":"2026-04-02T23:50:51","date_gmt":"2026-04-02T20:50:51","guid":{"rendered":"http:\/\/new.ceasuri.md\/shop\/uncategorized\/casio-collection-mtp-m305l-1aver\/"},"modified":"2026-04-07T04:41:22","modified_gmt":"2026-04-07T01:41:22","slug":"casio-collection-mtp-m305l-1aver","status":"publish","type":"product","link":"https:\/\/ceasuri.md\/ru\/shop\/branduri\/casio\/casio-collection-mtp-m305l-1aver\/","title":{"rendered":"Ceas CASIO COLLECTION MTP-M305L-1AVER"},"content":{"rendered":"<p>Urm\u0103ri\u021bi fazele lunii cu acest ceas analogic uimitor cu mai multe cadrane \u00eencorporate.<\/p>\n<p>Ceasul are o form\u0103 dreptunghiular\u0103 original\u0103. Mi\u0219care cu cuar\u021b cu ar\u0103t\u0103toare pentru dat\u0103 \u0219i zi, apertur\u0103 pentru fazele lunii.<\/p>\n<p>Rezisten\u021b\u0103 la ap\u0103 de p\u00e2n\u0103 la 50 de metri.<\/p>\n<p>Curea cu \u00eenchidere clasic\u0103.<\/p>","protected":false},"excerpt":{"rendered":"<p>Urm\u0103ri\u021bi fazele lunii cu acest ceas analogic uimitor cu mai multe cadrane \u00eencorporate. Ceasul are o form\u0103 dreptunghiular\u0103 original\u0103. Mi\u0219care cu cuar\u021b cu ar\u0103t\u0103toare pentru dat\u0103 \u0219i zi, apertur\u0103 pentru fazele lunii. Rezisten\u021b\u0103 la ap\u0103 de p\u00e2n\u0103 la 50 de metri. Curea cu \u00eenchidere clasic\u0103.<\/p>","protected":false},"featured_media":52430,"comment_status":"closed","ping_status":"open","template":"","meta":{"_acf_changed":false},"product_brand":[],"product_cat":[27,20,25],"product_tag":[],"class_list":{"0":"post-52429","1":"product","2":"type-product","3":"status-publish","4":"has-post-thumbnail","6":"product_cat-casio","7":"product_cat-ceasuri-barbati","8":"product_cat-ceasuri-dama","9":"pa_brand-casio","10":"pa_braslet-piele","11":"pa_corpus-34x46mm","12":"pa_forma-dreptunghiular","13":"pa_funcii-data","14":"pa_funcii-fazele-lunii","15":"pa_funcii-ziua-saptamanii","16":"pa_garatia-24-luni","17":"pa_korpus-argintiu","18":"pa_material-otel-inoxidabil","19":"pa_mehanizm-quartz","20":"pa_remeshok-maro","21":"pa_steklo-cristal-mineral","22":"pa_strana-japonia","23":"pa_voda-5-atm","25":"first","26":"instock","27":"purchasable","28":"product-type-simple"},"acf":[],"_links":{"self":[{"href":"https:\/\/ceasuri.md\/ru\/wp-json\/wp\/v2\/product\/52429","targetHints":{"allow":["GET"]}}],"collection":[{"href":"https:\/\/ceasuri.md\/ru\/wp-json\/wp\/v2\/product"}],"about":[{"href":"https:\/\/ceasuri.md\/ru\/wp-json\/wp\/v2\/types\/product"}],"replies":[{"embeddable":true,"href":"https:\/\/ceasuri.md\/ru\/wp-json\/wp\/v2\/comments?post=52429"}],"wp:featuredmedia":[{"embeddable":true,"href":"https:\/\/ceasuri.md\/ru\/wp-json\/wp\/v2\/media\/52430"}],"wp:attachment":[{"href":"https:\/\/ceasuri.md\/ru\/wp-json\/wp\/v2\/media?parent=52429"}],"wp:term":[{"taxonomy":"product_brand","embeddable":true,"href":"https:\/\/ceasuri.md\/ru\/wp-json\/wp\/v2\/product_brand?post=52429"},{"taxonomy":"product_cat","embeddable":true,"href":"https:\/\/ceasuri.md\/ru\/wp-json\/wp\/v2\/product_cat?post=52429"},{"taxonomy":"product_tag","embeddable":true,"href":"https:\/\/ceasuri.md\/ru\/wp-json\/wp\/v2\/product_tag?post=52429"}],"curies":[{"name":"wp","href":"https:\/\/api.w.org\/{rel}","templated":true}]}}