{"id":52421,"date":"2026-04-02T23:50:08","date_gmt":"2026-04-02T20:50:08","guid":{"rendered":"http:\/\/new.ceasuri.md\/shop\/uncategorized\/casio-collection-mtp-m305m-8aver\/"},"modified":"2026-04-17T19:38:42","modified_gmt":"2026-04-17T16:38:42","slug":"casio-collection-mtp-m305m-8aver","status":"publish","type":"product","link":"https:\/\/ceasuri.md\/ru\/shop\/branduri\/casio\/casio-collection-mtp-m305m-8aver\/","title":{"rendered":"Ceas CASIO COLLECTION MTP-M305M-8AVER"},"content":{"rendered":"<p>Urm\u0103ri\u021bi fazele lunii cu acest ceas analogic uimitor cu mai multe cadrane \u00eencorporate.<\/p>\n<p>Ceasul are o form\u0103 dreptunghiular\u0103 original\u0103. Mi\u0219care cu cuar\u021b cu ar\u0103t\u0103toare pentru dat\u0103 \u0219i zi, apertur\u0103 pentru fazele lunii.<\/p>\n<p>Rezisten\u021b\u0103 la ap\u0103 de p\u00e2n\u0103 la 50 de metri.<\/p>\n<p>Br\u0103\u021bar\u0103 milanez\u0103 cu \u00eenchidere reglabil\u0103.<\/p>","protected":false},"excerpt":{"rendered":"<p>Urm\u0103ri\u021bi fazele lunii cu acest ceas analogic uimitor cu mai multe cadrane \u00eencorporate. Ceasul are o form\u0103 dreptunghiular\u0103 original\u0103. Mi\u0219care cu cuar\u021b cu ar\u0103t\u0103toare pentru dat\u0103 \u0219i zi, apertur\u0103 pentru fazele lunii. Rezisten\u021b\u0103 la ap\u0103 de p\u00e2n\u0103 la 50 de metri. Br\u0103\u021bar\u0103 milanez\u0103 cu \u00eenchidere reglabil\u0103.<\/p>","protected":false},"featured_media":52422,"comment_status":"closed","ping_status":"open","template":"","meta":{"_acf_changed":false},"product_brand":[],"product_cat":[27,20,25],"product_tag":[],"class_list":{"0":"post-52421","1":"product","2":"type-product","3":"status-publish","4":"has-post-thumbnail","6":"product_cat-casio","7":"product_cat-ceasuri-barbati","8":"product_cat-ceasuri-dama","9":"pa_brand-casio","10":"pa_braslet-otel-inoxidabil","11":"pa_corpus-34x46mm","12":"pa_forma-dreptunghiular","13":"pa_funcii-data","14":"pa_funcii-fazele-lunii","15":"pa_funcii-ziua-saptamanii","16":"pa_garatia-24-luni","17":"pa_korpus-argintiu","18":"pa_kvarc-quartz","19":"pa_material-otel-inoxidabil","20":"pa_mehanizm-quartz","21":"pa_remeshok-argintiu","22":"pa_steklo-cristal-mineral","23":"pa_strana-japonia","24":"pa_voda-5-atm","26":"first","27":"instock","28":"purchasable","29":"product-type-simple"},"acf":[],"_links":{"self":[{"href":"https:\/\/ceasuri.md\/ru\/wp-json\/wp\/v2\/product\/52421","targetHints":{"allow":["GET"]}}],"collection":[{"href":"https:\/\/ceasuri.md\/ru\/wp-json\/wp\/v2\/product"}],"about":[{"href":"https:\/\/ceasuri.md\/ru\/wp-json\/wp\/v2\/types\/product"}],"replies":[{"embeddable":true,"href":"https:\/\/ceasuri.md\/ru\/wp-json\/wp\/v2\/comments?post=52421"}],"wp:featuredmedia":[{"embeddable":true,"href":"https:\/\/ceasuri.md\/ru\/wp-json\/wp\/v2\/media\/52422"}],"wp:attachment":[{"href":"https:\/\/ceasuri.md\/ru\/wp-json\/wp\/v2\/media?parent=52421"}],"wp:term":[{"taxonomy":"product_brand","embeddable":true,"href":"https:\/\/ceasuri.md\/ru\/wp-json\/wp\/v2\/product_brand?post=52421"},{"taxonomy":"product_cat","embeddable":true,"href":"https:\/\/ceasuri.md\/ru\/wp-json\/wp\/v2\/product_cat?post=52421"},{"taxonomy":"product_tag","embeddable":true,"href":"https:\/\/ceasuri.md\/ru\/wp-json\/wp\/v2\/product_tag?post=52421"}],"curies":[{"name":"wp","href":"https:\/\/api.w.org\/{rel}","templated":true}]}}