{"id":52418,"date":"2026-04-02T23:50:08","date_gmt":"2026-04-02T20:50:08","guid":{"rendered":"http:\/\/new.ceasuri.md\/shop\/uncategorized\/casio-edifice-ecb-2000dc-1bef\/"},"modified":"2026-04-20T01:28:13","modified_gmt":"2026-04-19T22:28:13","slug":"casio-edifice-ecb-2000dc-1bef","status":"publish","type":"product","link":"https:\/\/ceasuri.md\/ru\/shop\/branduri\/casio\/casio-edifice-ecb-2000dc-1bef\/","title":{"rendered":"\u0427\u0430\u0441\u044b CASIO EDIFICE ECB-2000DC-1BEF"},"content":{"rendered":"<p>Preia controlul asupra vitezei \u0219i inteligen\u021bei cu o combina\u021bie analogic\u0103-digital\u0103 alimentat\u0103 cu energie solar\u0103 EDIFICE.<\/p>\n<p>Inspirat de suspensiile ma\u0219inilor de formula, SOSPENSIONE ECB-2000 este primul EDIFICE cu o carcas\u0103 din r\u0103\u0219in\u0103 ranforsat\u0103 cu fibr\u0103 de carbon, gra\u021bie unui design unic al carcasei care aranjeaz\u0103 urechile \u00eentr-o configura\u021bie cu patru bra\u021be. Anca este \u0219i ea \u00eent\u0103rit\u0103 cu fibr\u0103 de carbon, aduc\u00e2nd adev\u0103ratul spirit al sporturilor cu motor at\u00e2t \u00een designul, c\u00e2t \u0219i \u00een materialele acestui ceas.<\/p>\n<p>Sincronizarea cu smartphone-ul dumneavoastr\u0103 prin Bluetooth\u00ae este foarte u\u0219oar\u0103. Atinge\u021bi aplica\u021bia dedicat\u0103 pentru a accesa cronometrarea de precizie la secund\u0103, at\u00e2t de important\u0103 pentru echipele de curse, \u0219i pentru a gestiona f\u0103r\u0103 efort timpul mondial \u0219i a transfera datele cronometrului m\u0103surate la milisecund\u0103 pe smartphone-ul dumneavoastr\u0103.<\/p>\n<p>Lumina LED Super Illuminator face ca vizualizarea cadranului analogic-digital s\u0103 nu mai fie o problem\u0103, iar sistemul Tough Solar v\u0103 men\u021bine \u00eenc\u0103rcat \u0219i v\u0103 permite s\u0103 executa\u021bi chiar \u0219i func\u021biile de mare \u00eenc\u0103rcare cu doar o cantitate mic\u0103 de lumin\u0103.<\/p>","protected":false},"excerpt":{"rendered":"<p>Preia controlul asupra vitezei \u0219i inteligen\u021bei cu o combina\u021bie analogic\u0103-digital\u0103 alimentat\u0103 cu energie solar\u0103 EDIFICE. Inspirat de suspensiile ma\u0219inilor de formula, SOSPENSIONE ECB-2000 este primul EDIFICE cu o carcas\u0103 din r\u0103\u0219in\u0103 ranforsat\u0103 cu fibr\u0103 de carbon, gra\u021bie unui design unic al carcasei care aranjeaz\u0103 urechile \u00eentr-o configura\u021bie cu patru bra\u021be. Anca este \u0219i ea \u00eent\u0103rit\u0103 [&hellip;]<\/p>\n","protected":false},"featured_media":52419,"comment_status":"closed","ping_status":"open","template":"","meta":{"_acf_changed":false},"product_brand":[],"product_cat":[27,20,536],"product_tag":[],"class_list":{"0":"post-52418","1":"product","2":"type-product","3":"status-publish","4":"has-post-thumbnail","6":"product_cat-casio","7":"product_cat-ceasuri-barbati","8":"product_cat-edifice","9":"pa_brand-casio","10":"pa_brand-edifice","11":"pa_braslet-otel-inoxidabil","12":"pa_corpus-48-mm","13":"pa_forma-rotund","14":"pa_funcii-alarma","15":"pa_funcii-bluetooth-smart","16":"pa_funcii-calendar","17":"pa_funcii-cronometru","18":"pa_funcii-dual-time","19":"pa_funcii-iluminare","20":"pa_funcii-rezerva-de-energie","21":"pa_funcii-timp-mondial","22":"pa_garatia-24-luni","23":"pa_korpus-negru","24":"pa_kvarc-quartz","25":"pa_material-carbon","26":"pa_material-otel-inoxidabil","27":"pa_mehanizm-baterie-solara","28":"pa_remeshok-multicolor","29":"pa_steklo-cristal-mineral","30":"pa_strana-japonia","31":"pa_voda-10-atm","33":"first","34":"instock","35":"purchasable","36":"product-type-simple"},"acf":[],"_links":{"self":[{"href":"https:\/\/ceasuri.md\/ru\/wp-json\/wp\/v2\/product\/52418","targetHints":{"allow":["GET"]}}],"collection":[{"href":"https:\/\/ceasuri.md\/ru\/wp-json\/wp\/v2\/product"}],"about":[{"href":"https:\/\/ceasuri.md\/ru\/wp-json\/wp\/v2\/types\/product"}],"replies":[{"embeddable":true,"href":"https:\/\/ceasuri.md\/ru\/wp-json\/wp\/v2\/comments?post=52418"}],"wp:featuredmedia":[{"embeddable":true,"href":"https:\/\/ceasuri.md\/ru\/wp-json\/wp\/v2\/media\/52419"}],"wp:attachment":[{"href":"https:\/\/ceasuri.md\/ru\/wp-json\/wp\/v2\/media?parent=52418"}],"wp:term":[{"taxonomy":"product_brand","embeddable":true,"href":"https:\/\/ceasuri.md\/ru\/wp-json\/wp\/v2\/product_brand?post=52418"},{"taxonomy":"product_cat","embeddable":true,"href":"https:\/\/ceasuri.md\/ru\/wp-json\/wp\/v2\/product_cat?post=52418"},{"taxonomy":"product_tag","embeddable":true,"href":"https:\/\/ceasuri.md\/ru\/wp-json\/wp\/v2\/product_tag?post=52418"}],"curies":[{"name":"wp","href":"https:\/\/api.w.org\/{rel}","templated":true}]}}