{"id":52409,"date":"2026-04-02T23:50:08","date_gmt":"2026-04-02T20:50:08","guid":{"rendered":"http:\/\/new.ceasuri.md\/shop\/uncategorized\/casio-collection-w-800h-2a\/"},"modified":"2026-04-17T14:34:01","modified_gmt":"2026-04-17T11:34:01","slug":"casio-collection-w-800h-2a","status":"publish","type":"product","link":"https:\/\/ceasuri.md\/ru\/shop\/branduri\/casio\/casio-collection-w-800h-2a\/","title":{"rendered":"Ceas CASIO COLLECTION W-800H-2A"},"content":{"rendered":"<p>O caracteristic\u0103 notabil\u0103 a modelului W-800 este cadranul mare, \u00eemp\u0103r\u021bit \u00een trei zone separate. Ora curent\u0103 ocup\u0103 aproximativ jum\u0103tate din cadran, ceea ce face ca aceasta s\u0103 fie u\u0219or de citit.<\/p>\n<p>De\u0219i nu dispune de o func\u021bie de or\u0103 mondial\u0103 complet\u0103, ofer\u0103 o or\u0103 dubl\u0103, permi\u021b\u00e2nd purt\u0103torului s\u0103 urm\u0103reasc\u0103 un alt fus orar pe care l-a ales \u00een prealabil.<\/p>\n<p>Op\u021biunile de culoare \u00eenchis\u0103 ale modelului \u00eel fac potrivit at\u00e2t pentru via\u021ba de ora\u0219 casual, c\u00e2t \u0219i pentru activit\u0103\u021bi mai militarizate.<\/p>","protected":false},"excerpt":{"rendered":"<p>O caracteristic\u0103 notabil\u0103 a modelului W-800 este cadranul mare, \u00eemp\u0103r\u021bit \u00een trei zone separate. Ora curent\u0103 ocup\u0103 aproximativ jum\u0103tate din cadran, ceea ce face ca aceasta s\u0103 fie u\u0219or de citit. De\u0219i nu dispune de o func\u021bie de or\u0103 mondial\u0103 complet\u0103, ofer\u0103 o or\u0103 dubl\u0103, permi\u021b\u00e2nd purt\u0103torului s\u0103 urm\u0103reasc\u0103 un alt fus orar pe care [&hellip;]<\/p>\n","protected":false},"featured_media":52410,"comment_status":"closed","ping_status":"open","template":"","meta":{"_acf_changed":false},"product_brand":[],"product_cat":[27,20],"product_tag":[],"class_list":{"0":"post-52409","1":"product","2":"type-product","3":"status-publish","4":"has-post-thumbnail","6":"product_cat-casio","7":"product_cat-ceasuri-barbati","8":"pa_brand-casio","9":"pa_braslet-plastic","10":"pa_corpus-37x44mm","11":"pa_forma-octogonala","12":"pa_funcii-alarma","13":"pa_funcii-calendar","14":"pa_funcii-cronometru","15":"pa_funcii-dual-time","16":"pa_funcii-iluminare","17":"pa_garatia-24-luni","18":"pa_korpus-albastru-inchis","19":"pa_kvarc-quartz","20":"pa_material-plastic","21":"pa_mehanizm-electronic","22":"pa_remeshok-albastru-inchis","23":"pa_steklo-plastic","24":"pa_strana-japonia","25":"pa_voda-10-atm","27":"first","28":"instock","29":"purchasable","30":"product-type-simple"},"acf":[],"_links":{"self":[{"href":"https:\/\/ceasuri.md\/ru\/wp-json\/wp\/v2\/product\/52409","targetHints":{"allow":["GET"]}}],"collection":[{"href":"https:\/\/ceasuri.md\/ru\/wp-json\/wp\/v2\/product"}],"about":[{"href":"https:\/\/ceasuri.md\/ru\/wp-json\/wp\/v2\/types\/product"}],"replies":[{"embeddable":true,"href":"https:\/\/ceasuri.md\/ru\/wp-json\/wp\/v2\/comments?post=52409"}],"wp:featuredmedia":[{"embeddable":true,"href":"https:\/\/ceasuri.md\/ru\/wp-json\/wp\/v2\/media\/52410"}],"wp:attachment":[{"href":"https:\/\/ceasuri.md\/ru\/wp-json\/wp\/v2\/media?parent=52409"}],"wp:term":[{"taxonomy":"product_brand","embeddable":true,"href":"https:\/\/ceasuri.md\/ru\/wp-json\/wp\/v2\/product_brand?post=52409"},{"taxonomy":"product_cat","embeddable":true,"href":"https:\/\/ceasuri.md\/ru\/wp-json\/wp\/v2\/product_cat?post=52409"},{"taxonomy":"product_tag","embeddable":true,"href":"https:\/\/ceasuri.md\/ru\/wp-json\/wp\/v2\/product_tag?post=52409"}],"curies":[{"name":"wp","href":"https:\/\/api.w.org\/{rel}","templated":true}]}}