{"id":52402,"date":"2024-02-20T10:59:22","date_gmt":"2024-02-20T08:59:22","guid":{"rendered":"http:\/\/new.ceasuri.md\/shop\/uncategorized\/casio-collection-ltp-b165l-5bvef\/"},"modified":"2026-05-01T18:25:02","modified_gmt":"2026-05-01T15:25:02","slug":"casio-collection-ltp-b165l-5bvef","status":"publish","type":"product","link":"https:\/\/ceasuri.md\/ru\/shop\/branduri\/casio\/casio-collection-ltp-b165l-5bvef\/","title":{"rendered":"\u0427\u0430\u0441\u044b CASIO COLLECTION LTP-B165L-5BVEF"},"content":{"rendered":"<p>Casio Collection este un ceas p\u0103trat elegant \u0219i stilat, potrivit at\u00e2t pentru petreceri, c\u00e2t \u0219i pentru utilizarea zilnic\u0103.<\/p>\n<p>Cadranul ceasului de culoare ro\u0219u somon prezint\u0103 indici romani magnifici \u0219i o sticl\u0103 mineral\u0103.<\/p>\n<p>Carcasa ceasului este fabricat\u0103 din o\u021bel inoxidabil \u0219i sunt rezistente la ap\u0103.<\/p>\n<p>Cureaua este confec\u021bionat\u0103 din piele.<\/p>","protected":false},"excerpt":{"rendered":"<p>Casio Collection este un ceas p\u0103trat elegant \u0219i stilat, potrivit at\u00e2t pentru petreceri, c\u00e2t \u0219i pentru utilizarea zilnic\u0103. Cadranul ceasului de culoare ro\u0219u somon prezint\u0103 indici romani magnifici \u0219i o sticl\u0103 mineral\u0103. Carcasa ceasului este fabricat\u0103 din o\u021bel inoxidabil \u0219i sunt rezistente la ap\u0103. Cureaua este confec\u021bionat\u0103 din piele.<\/p>","protected":false},"featured_media":52403,"comment_status":"closed","ping_status":"open","template":"","meta":{"_acf_changed":false},"product_brand":[],"product_cat":[27,25],"product_tag":[],"class_list":{"0":"post-52402","1":"product","2":"type-product","3":"status-publish","4":"has-post-thumbnail","6":"product_cat-casio","7":"product_cat-ceasuri-dama","8":"pa_brand-casio","9":"pa_braslet-piele","10":"pa_corpus-25x35mm","11":"pa_forma-dreptunghiular","12":"pa_garatia-24-luni","13":"pa_korpus-argintiu","14":"pa_kvarc-quartz","15":"pa_material-otel-inoxidabil","16":"pa_mehanizm-quartz","17":"pa_remeshok-bej","18":"pa_steklo-cristal-mineral","19":"pa_strana-japonia","20":"pa_voda-5-atm","22":"first","23":"instock","24":"purchasable","25":"product-type-simple"},"acf":[],"_links":{"self":[{"href":"https:\/\/ceasuri.md\/ru\/wp-json\/wp\/v2\/product\/52402","targetHints":{"allow":["GET"]}}],"collection":[{"href":"https:\/\/ceasuri.md\/ru\/wp-json\/wp\/v2\/product"}],"about":[{"href":"https:\/\/ceasuri.md\/ru\/wp-json\/wp\/v2\/types\/product"}],"replies":[{"embeddable":true,"href":"https:\/\/ceasuri.md\/ru\/wp-json\/wp\/v2\/comments?post=52402"}],"wp:featuredmedia":[{"embeddable":true,"href":"https:\/\/ceasuri.md\/ru\/wp-json\/wp\/v2\/media\/52403"}],"wp:attachment":[{"href":"https:\/\/ceasuri.md\/ru\/wp-json\/wp\/v2\/media?parent=52402"}],"wp:term":[{"taxonomy":"product_brand","embeddable":true,"href":"https:\/\/ceasuri.md\/ru\/wp-json\/wp\/v2\/product_brand?post=52402"},{"taxonomy":"product_cat","embeddable":true,"href":"https:\/\/ceasuri.md\/ru\/wp-json\/wp\/v2\/product_cat?post=52402"},{"taxonomy":"product_tag","embeddable":true,"href":"https:\/\/ceasuri.md\/ru\/wp-json\/wp\/v2\/product_tag?post=52402"}],"curies":[{"name":"wp","href":"https:\/\/api.w.org\/{rel}","templated":true}]}}