{"id":52398,"date":"2026-04-02T23:50:08","date_gmt":"2026-04-02T20:50:08","guid":{"rendered":"http:\/\/new.ceasuri.md\/shop\/uncategorized\/casio-collection-ltp-b165l-2bvef\/"},"modified":"2026-04-07T04:41:15","modified_gmt":"2026-04-07T01:41:15","slug":"casio-collection-ltp-b165l-2bvef","status":"publish","type":"product","link":"https:\/\/ceasuri.md\/ru\/shop\/branduri\/casio\/casio-collection-ltp-b165l-2bvef\/","title":{"rendered":"Ceas CASIO COLLECTION  LTP-B165L-2BVEF"},"content":{"rendered":"<p>Casio Collection este un ceas de form\u0103 p\u0103trat\u0103, elegant \u0219i stilat, potrivit at\u00e2t pentru petreceri, c\u00e2t \u0219i pentru utilizarea zilnic\u0103.<\/p>\n<p>Cadranul turcoaz este decorat cu indici romani \u0219i sticl\u0103 mineral\u0103.<\/p>\n<p>Carcasa este fabricat\u0103 din o\u021bel inoxidabil \u0219i este rezistent\u0103 la ap\u0103.<\/p>\n<p>Cureaua este confec\u021bionat\u0103 din piele.<\/p>","protected":false},"excerpt":{"rendered":"<p>Casio Collection este un ceas de form\u0103 p\u0103trat\u0103, elegant \u0219i stilat, potrivit at\u00e2t pentru petreceri, c\u00e2t \u0219i pentru utilizarea zilnic\u0103. Cadranul turcoaz este decorat cu indici romani \u0219i sticl\u0103 mineral\u0103. Carcasa este fabricat\u0103 din o\u021bel inoxidabil \u0219i este rezistent\u0103 la ap\u0103. Cureaua este confec\u021bionat\u0103 din piele.<\/p>","protected":false},"featured_media":52399,"comment_status":"closed","ping_status":"open","template":"","meta":{"_acf_changed":false},"product_brand":[],"product_cat":[27,25],"product_tag":[],"class_list":{"0":"post-52398","1":"product","2":"type-product","3":"status-publish","4":"has-post-thumbnail","6":"product_cat-casio","7":"product_cat-ceasuri-dama","8":"pa_brand-casio","9":"pa_braslet-piele","10":"pa_corpus-25x35mm","11":"pa_forma-dreptunghiular","12":"pa_garatia-24-luni","13":"pa_korpus-argintiu","14":"pa_material-otel-inoxidabil","15":"pa_mehanizm-quartz","16":"pa_remeshok-gri","17":"pa_steklo-cristal-mineral","18":"pa_strana-japonia","19":"pa_voda-5-atm","21":"first","22":"instock","23":"purchasable","24":"product-type-simple"},"acf":[],"_links":{"self":[{"href":"https:\/\/ceasuri.md\/ru\/wp-json\/wp\/v2\/product\/52398","targetHints":{"allow":["GET"]}}],"collection":[{"href":"https:\/\/ceasuri.md\/ru\/wp-json\/wp\/v2\/product"}],"about":[{"href":"https:\/\/ceasuri.md\/ru\/wp-json\/wp\/v2\/types\/product"}],"replies":[{"embeddable":true,"href":"https:\/\/ceasuri.md\/ru\/wp-json\/wp\/v2\/comments?post=52398"}],"wp:featuredmedia":[{"embeddable":true,"href":"https:\/\/ceasuri.md\/ru\/wp-json\/wp\/v2\/media\/52399"}],"wp:attachment":[{"href":"https:\/\/ceasuri.md\/ru\/wp-json\/wp\/v2\/media?parent=52398"}],"wp:term":[{"taxonomy":"product_brand","embeddable":true,"href":"https:\/\/ceasuri.md\/ru\/wp-json\/wp\/v2\/product_brand?post=52398"},{"taxonomy":"product_cat","embeddable":true,"href":"https:\/\/ceasuri.md\/ru\/wp-json\/wp\/v2\/product_cat?post=52398"},{"taxonomy":"product_tag","embeddable":true,"href":"https:\/\/ceasuri.md\/ru\/wp-json\/wp\/v2\/product_tag?post=52398"}],"curies":[{"name":"wp","href":"https:\/\/api.w.org\/{rel}","templated":true}]}}