{"id":52394,"date":"2024-02-20T10:23:25","date_gmt":"2024-02-20T08:23:25","guid":{"rendered":"http:\/\/new.ceasuri.md\/shop\/uncategorized\/casio-collection-ltp-b165gl-2bvef\/"},"modified":"2026-05-01T18:24:57","modified_gmt":"2026-05-01T15:24:57","slug":"casio-collection-ltp-b165gl-2bvef","status":"publish","type":"product","link":"https:\/\/ceasuri.md\/ru\/shop\/branduri\/casio\/casio-collection-ltp-b165gl-2bvef\/","title":{"rendered":"\u0427\u0430\u0441\u044b CASIO COLLECTION LTP-B165GL-2BVEF"},"content":{"rendered":"<p>Casio Collection este un ceas p\u0103trat elegant \u0219i stilat, potrivit at\u00e2t pentru petreceri, c\u00e2t \u0219i pentru utilizarea zilnic\u0103.<\/p>\n<p>Cadranul ceasului albastru safir prezint\u0103 un magnific indici romani \u0219i o sticl\u0103 mineral\u0103.<\/p>\n<p>Carcasa are o l\u0103\u021bime de 25 mm \u0219i o grosime de 8 mm este fabricat\u0103 din o\u021bel inoxidabil.<\/p>\n<p>Cureaua este confec\u021bionat\u0103 din piele.<\/p>","protected":false},"excerpt":{"rendered":"<p>Casio Collection este un ceas p\u0103trat elegant \u0219i stilat, potrivit at\u00e2t pentru petreceri, c\u00e2t \u0219i pentru utilizarea zilnic\u0103. Cadranul ceasului albastru safir prezint\u0103 un magnific indici romani \u0219i o sticl\u0103 mineral\u0103. Carcasa are o l\u0103\u021bime de 25 mm \u0219i o grosime de 8 mm este fabricat\u0103 din o\u021bel inoxidabil. Cureaua este confec\u021bionat\u0103 din piele.<\/p>","protected":false},"featured_media":52395,"comment_status":"closed","ping_status":"open","template":"","meta":{"_acf_changed":false},"product_brand":[],"product_cat":[27,25],"product_tag":[],"class_list":{"0":"post-52394","1":"product","2":"type-product","3":"status-publish","4":"has-post-thumbnail","6":"product_cat-casio","7":"product_cat-ceasuri-dama","8":"pa_brand-casio","9":"pa_braslet-piele","10":"pa_corpus-25x35mm","11":"pa_forma-dreptunghiular","12":"pa_garatia-24-luni","13":"pa_korpus-auriu","14":"pa_kvarc-quartz","15":"pa_material-otel-inoxidabil","16":"pa_mehanizm-quartz","17":"pa_remeshok-negru","18":"pa_steklo-cristal-mineral","19":"pa_strana-japonia","20":"pa_voda-5-atm","22":"first","23":"instock","24":"purchasable","25":"product-type-simple"},"acf":[],"_links":{"self":[{"href":"https:\/\/ceasuri.md\/ru\/wp-json\/wp\/v2\/product\/52394","targetHints":{"allow":["GET"]}}],"collection":[{"href":"https:\/\/ceasuri.md\/ru\/wp-json\/wp\/v2\/product"}],"about":[{"href":"https:\/\/ceasuri.md\/ru\/wp-json\/wp\/v2\/types\/product"}],"replies":[{"embeddable":true,"href":"https:\/\/ceasuri.md\/ru\/wp-json\/wp\/v2\/comments?post=52394"}],"wp:featuredmedia":[{"embeddable":true,"href":"https:\/\/ceasuri.md\/ru\/wp-json\/wp\/v2\/media\/52395"}],"wp:attachment":[{"href":"https:\/\/ceasuri.md\/ru\/wp-json\/wp\/v2\/media?parent=52394"}],"wp:term":[{"taxonomy":"product_brand","embeddable":true,"href":"https:\/\/ceasuri.md\/ru\/wp-json\/wp\/v2\/product_brand?post=52394"},{"taxonomy":"product_cat","embeddable":true,"href":"https:\/\/ceasuri.md\/ru\/wp-json\/wp\/v2\/product_cat?post=52394"},{"taxonomy":"product_tag","embeddable":true,"href":"https:\/\/ceasuri.md\/ru\/wp-json\/wp\/v2\/product_tag?post=52394"}],"curies":[{"name":"wp","href":"https:\/\/api.w.org\/{rel}","templated":true}]}}