{"id":52389,"date":"2026-04-02T23:50:08","date_gmt":"2026-04-02T20:50:08","guid":{"rendered":"http:\/\/new.ceasuri.md\/shop\/uncategorized\/casio-g-shock-gst-b400-1aer\/"},"modified":"2026-04-17T14:33:56","modified_gmt":"2026-04-17T11:33:56","slug":"casio-g-shock-gst-b400-1aer","status":"publish","type":"product","link":"https:\/\/ceasuri.md\/ru\/shop\/branduri\/casio\/casio-g-shock-gst-b400-1aer\/","title":{"rendered":"Ceas CASIO G-SHOCK GST-B400-1AER"},"content":{"rendered":"<p>Casio Corporation a ad\u0103ugat modelul G-SHOCK GST-B400 la linia sa de ceasuri G-SHOCK din o\u021bel. Ceasul este realizat \u00een stilul recognoscibil G-STEEL, dar \u00een acela\u0219i timp are o serie de inova\u021bii serioase. \u00cen primul r\u00e2nd, are o carcas\u0103 sub\u021bire &#8211; doar 12,9 mm. Pentru a ob\u021bine o grosime at\u00e2t de mic\u0103 (mai ales pentru G-SHOCK, al c\u0103rui modul electronic este \u201esuspendat\u201d \u00een interiorul carcasei), inginerii japonezi au reu\u0219it s\u0103 reduc\u0103 num\u0103rul de componente ale modulului (men\u021bin\u00e2nd \u0219i chiar sporind func\u021biile acestuia) \u0219i mai dens amplasarea lor. \u0218i cazul \u00een sine a dob\u00e2ndit accentuat contururi ascu\u021bite, \u0219i chiar \u0219uruburile de pe luneta au devenit \u0219i mai vizibile. Merit\u0103 s\u0103 acorda\u021bi aten\u021bie texturii lunetei din o\u021bel \u00een sine: zonele satinate \u0219i lustruite alterneaz\u0103 delicat pe suprafa\u021ba sa.<\/p>\n<p>Carcasa este realizat\u0103 \u00een conformitate cu conceptul Carbon Core Guard al companiei, care ofer\u0103 ceasului o durabilitate f\u0103r\u0103 precedent. Partea central\u0103 a carcasei este realizat\u0103 din polimer de carbon armat, \u00een timp ce panourile din fa\u021b\u0103 \u0219i din spate sunt realizate din o\u021bel. \u00centre acestea se afl\u0103 microamortizoare compozite care absorb \u00een continuare \u0219ocurile \u0219i vibra\u021biile.<\/p>\n<p>Structura de protec\u021bie robust\u0103, dar u\u0219oar\u0103, cu un miez din fibr\u0103 de carbon, absoarbe \u0219ocurile externe \u0219i p\u0103streaz\u0103 conectivitatea Bluetooth \u0219i func\u021bionarea panoului solar, chiar \u0219i \u00een timp ce reduce dimensiunea componentelor \u0219i u\u0219ureaz\u0103 structura.<\/p>","protected":false},"excerpt":{"rendered":"<p>Casio Corporation a ad\u0103ugat modelul G-SHOCK GST-B400 la linia sa de ceasuri G-SHOCK din o\u021bel. Ceasul este realizat \u00een stilul recognoscibil G-STEEL, dar \u00een acela\u0219i timp are o serie de inova\u021bii serioase. \u00cen primul r\u00e2nd, are o carcas\u0103 sub\u021bire &#8211; doar 12,9 mm. Pentru a ob\u021bine o grosime at\u00e2t de mic\u0103 (mai ales pentru G-SHOCK, [&hellip;]<\/p>\n","protected":false},"featured_media":52390,"comment_status":"closed","ping_status":"open","template":"","meta":{"_acf_changed":false},"product_brand":[],"product_cat":[27,20,419],"product_tag":[],"class_list":{"0":"post-52389","1":"product","2":"type-product","3":"status-publish","4":"has-post-thumbnail","6":"product_cat-casio","7":"product_cat-ceasuri-barbati","8":"product_cat-g-shock","9":"pa_brand-casio","10":"pa_brand-g-shock","11":"pa_braslet-plastic","12":"pa_corpus-48-mm","13":"pa_forma-atipica","14":"pa_funcii-alarma","15":"pa_funcii-bluetooth-smart","16":"pa_funcii-calendar","17":"pa_funcii-cronometru","18":"pa_funcii-dual-time","19":"pa_funcii-iluminare","20":"pa_funcii-rezerva-de-energie","21":"pa_funcii-timp-mondial","22":"pa_garatia-24-luni","23":"pa_korpus-argintiu","24":"pa_kvarc-quartz","25":"pa_material-carbon","26":"pa_material-otel-inoxidabil","27":"pa_mehanizm-baterie-solara","28":"pa_remeshok-negru","29":"pa_steklo-cristal-mineral","30":"pa_strana-japonia","31":"pa_voda-20-atm","33":"first","34":"instock","35":"purchasable","36":"product-type-simple"},"acf":[],"_links":{"self":[{"href":"https:\/\/ceasuri.md\/ru\/wp-json\/wp\/v2\/product\/52389","targetHints":{"allow":["GET"]}}],"collection":[{"href":"https:\/\/ceasuri.md\/ru\/wp-json\/wp\/v2\/product"}],"about":[{"href":"https:\/\/ceasuri.md\/ru\/wp-json\/wp\/v2\/types\/product"}],"replies":[{"embeddable":true,"href":"https:\/\/ceasuri.md\/ru\/wp-json\/wp\/v2\/comments?post=52389"}],"wp:featuredmedia":[{"embeddable":true,"href":"https:\/\/ceasuri.md\/ru\/wp-json\/wp\/v2\/media\/52390"}],"wp:attachment":[{"href":"https:\/\/ceasuri.md\/ru\/wp-json\/wp\/v2\/media?parent=52389"}],"wp:term":[{"taxonomy":"product_brand","embeddable":true,"href":"https:\/\/ceasuri.md\/ru\/wp-json\/wp\/v2\/product_brand?post=52389"},{"taxonomy":"product_cat","embeddable":true,"href":"https:\/\/ceasuri.md\/ru\/wp-json\/wp\/v2\/product_cat?post=52389"},{"taxonomy":"product_tag","embeddable":true,"href":"https:\/\/ceasuri.md\/ru\/wp-json\/wp\/v2\/product_tag?post=52389"}],"curies":[{"name":"wp","href":"https:\/\/api.w.org\/{rel}","templated":true}]}}