{"id":52384,"date":"2026-04-02T23:50:08","date_gmt":"2026-04-02T20:50:08","guid":{"rendered":"http:\/\/new.ceasuri.md\/shop\/uncategorized\/casio-g-shock-gma-s2100bs-3a\/"},"modified":"2026-04-07T04:41:13","modified_gmt":"2026-04-07T01:41:13","slug":"casio-g-shock-gma-s2100bs-3a","status":"publish","type":"product","link":"https:\/\/ceasuri.md\/ru\/shop\/branduri\/casio\/casio-g-shock-gma-s2100bs-3a\/","title":{"rendered":"Ceas CASIO G-SHOCK GMA-S2100BS-3A"},"content":{"rendered":"<p>Lumineaz\u0103-\u021bi zilele de var\u0103 cu culorile vibrante ale ceasului G-SHOCK.<\/p>\n<p>Ceasul GMA-S2100 are un cadran plat \u0219i indicatoare orare simple, fiecare component\u0103 aduc\u00e2nd o culoare diferit\u0103 la celebrarea distractiv\u0103 a celei mai \u00eensorite perioade a anului.<\/p>\n<p>Structur\u0103 de protec\u021bie Carbon Core. Carcasa din plastic rezistent la \u0219ocuri cu fibre de carbon este mai durabil\u0103 \u0219i, \u00een acela\u0219i timp, mai u\u0219oar\u0103. Acela\u0219i material protejeaz\u0103 modulul interior de deteriorare \u0219i deformare \u00een timpul \u0219ocurilor.<\/p>\n<p>Format de timp de 12 \u0219i 24 de ore. Cronometru cu dou\u0103 citiri de precizie: 1\/100s (\u00eenainte de 1h) \u0219i 1s (dup\u0103 1h) \u0219i timp de m\u0103surare de 24h. num\u0103r\u0103toare invers\u0103 de la 1s la 24h.<\/p>\n<p>Ora mondial\u0103 &#8211; 48 de ora\u0219e (31 de fusuri orare), timp universal coordonat (UTC). Func\u021bie de activare\/dezactivare a orei de var\u0103.<\/p>\n<p>Indicator retrograd pentru s\u0103pt\u0103m\u00e2n\u0103.<\/p>\n<p>Func\u021bii Mute\/unmute \u0219i de mi\u0219care a m\u00e2inii pentru vizualizarea neobstruc\u021bionat\u0103 a informa\u021biilor de pe afi\u0219ajele digitale.<\/p>\n<p>Curea din polimer cu cataram\u0103 clasic\u0103.<\/p>","protected":false},"excerpt":{"rendered":"<p>Lumineaz\u0103-\u021bi zilele de var\u0103 cu culorile vibrante ale ceasului G-SHOCK. Ceasul GMA-S2100 are un cadran plat \u0219i indicatoare orare simple, fiecare component\u0103 aduc\u00e2nd o culoare diferit\u0103 la celebrarea distractiv\u0103 a celei mai \u00eensorite perioade a anului. Structur\u0103 de protec\u021bie Carbon Core. Carcasa din plastic rezistent la \u0219ocuri cu fibre de carbon este mai durabil\u0103 \u0219i, [&hellip;]<\/p>\n","protected":false},"featured_media":52385,"comment_status":"closed","ping_status":"open","template":"","meta":{"_acf_changed":false},"product_brand":[],"product_cat":[27,20,25,419],"product_tag":[],"class_list":{"0":"post-52384","1":"product","2":"type-product","3":"status-publish","4":"has-post-thumbnail","6":"product_cat-casio","7":"product_cat-ceasuri-barbati","8":"product_cat-ceasuri-dama","9":"product_cat-g-shock","10":"pa_brand-casio","11":"pa_brand-g-shock","12":"pa_braslet-plastic","13":"pa_corpus-43x46mm","14":"pa_forma-octogonala","15":"pa_funcii-alarma","16":"pa_funcii-calendar","17":"pa_funcii-cronometru","18":"pa_funcii-dual-time","19":"pa_funcii-iluminare","20":"pa_funcii-timp-mondial","21":"pa_funcii-ziua-saptamanii","22":"pa_garatia-24-luni","23":"pa_korpus-verde","24":"pa_material-carbon","25":"pa_material-plastic","26":"pa_mehanizm-electronic","27":"pa_mehanizm-quartz","28":"pa_remeshok-verde","29":"pa_steklo-cristal-mineral","30":"pa_strana-japonia","31":"pa_voda-20-atm","33":"first","34":"instock","35":"purchasable","36":"product-type-simple"},"acf":[],"_links":{"self":[{"href":"https:\/\/ceasuri.md\/ru\/wp-json\/wp\/v2\/product\/52384","targetHints":{"allow":["GET"]}}],"collection":[{"href":"https:\/\/ceasuri.md\/ru\/wp-json\/wp\/v2\/product"}],"about":[{"href":"https:\/\/ceasuri.md\/ru\/wp-json\/wp\/v2\/types\/product"}],"replies":[{"embeddable":true,"href":"https:\/\/ceasuri.md\/ru\/wp-json\/wp\/v2\/comments?post=52384"}],"wp:featuredmedia":[{"embeddable":true,"href":"https:\/\/ceasuri.md\/ru\/wp-json\/wp\/v2\/media\/52385"}],"wp:attachment":[{"href":"https:\/\/ceasuri.md\/ru\/wp-json\/wp\/v2\/media?parent=52384"}],"wp:term":[{"taxonomy":"product_brand","embeddable":true,"href":"https:\/\/ceasuri.md\/ru\/wp-json\/wp\/v2\/product_brand?post=52384"},{"taxonomy":"product_cat","embeddable":true,"href":"https:\/\/ceasuri.md\/ru\/wp-json\/wp\/v2\/product_cat?post=52384"},{"taxonomy":"product_tag","embeddable":true,"href":"https:\/\/ceasuri.md\/ru\/wp-json\/wp\/v2\/product_tag?post=52384"}],"curies":[{"name":"wp","href":"https:\/\/api.w.org\/{rel}","templated":true}]}}