{"id":52379,"date":"2026-04-02T23:50:08","date_gmt":"2026-04-02T20:50:08","guid":{"rendered":"http:\/\/new.ceasuri.md\/shop\/uncategorized\/casio-g-shock-gm-2100mwg-1aer\/"},"modified":"2026-04-17T14:33:52","modified_gmt":"2026-04-17T11:33:52","slug":"casio-g-shock-gm-2100mwg-1aer","status":"publish","type":"product","link":"https:\/\/ceasuri.md\/ru\/shop\/branduri\/casio\/casio-g-shock-gm-2100mwg-1aer\/","title":{"rendered":"Ceas CASIO G-SHOCK GM-2100MWG-1AER"},"content":{"rendered":"<p>C\u0103l\u0103tori\u021bi pe Calea Lactee cu un ceas G-SHOCK cu un capac metalic special.<\/p>\n<p>Aceast\u0103 edi\u021bie limitat\u0103 GM-2100 recreeaz\u0103 luneta metalic\u0103 octogonal\u0103 iconic\u0103 cu o luneta metalic\u0103 placat\u0103 cu ioni de culoare violet \u0219i un motiv galactic gravat cu laser. Cadranul, cu grada\u021biile sale de culoare aplicate prin pulverizare cu abur, aminte\u0219te de Calea Lactee care str\u0103luce\u0219te pe cerul nop\u021bii. Banda reia imaginea cerului nop\u021bii, iar profunzimea sa este transmis\u0103 de o band\u0103 translucid\u0103 mat\u0103 din r\u0103\u0219in\u0103 albastru \u00eenchis. Partea inferioar\u0103 a carcasei negre placate cu ioni este decorat\u0103 cu o gravur\u0103 laser \u00een forma C\u0103ii Lactee.<\/p>\n<p>Toate aceste detalii se reunesc \u00eentr-un design superb care aduce minunea cosmosului la \u00eencheietura dvs. \u00een culori elegante de violet, negru \u0219i albastru marin &#8211; potrivite pentru o varietate de ocazii.<\/p>\n<p>Format de timp de 12 \u0219i 24 de ore. Cronometru cu dou\u0103 citiri de precizie: 1\/100s (\u00eenainte de 1h) \u0219i 1s (dup\u0103 1h) \u0219i un timp de m\u0103surare de 24h. Cronometru cu num\u0103r\u0103toare invers\u0103 de la 1s la 24h.<\/p>\n<p>Ora mondial\u0103 &#8211; 48 de ora\u0219e (31 de fusuri orare), timp universal coordonat (UTC). Func\u021bie de activare\/dezactivare a orei de var\u0103.<\/p>\n<p>Indicator retrograd pentru s\u0103pt\u0103m\u00e2n\u0103.<\/p>\n<p>Func\u021bii Mute\/unmute \u0219i de mi\u0219care a m\u00e2inii pentru vizionarea neobstruc\u021bionat\u0103 a informa\u021biilor de pe afi\u0219ajele digitale.<\/p>\n<p>Fundul carcasei din o\u021bel este fixat cu 4 \u0219uruburi \u0219i decorat cu o imagine gravat\u0103 a C\u0103ii Lactee.<\/p>\n<p>Curea confortabil\u0103 cu cataram\u0103 clasic\u0103 \u0219i sistem de schimbare rapid\u0103.<\/p>","protected":false},"excerpt":{"rendered":"<p>C\u0103l\u0103tori\u021bi pe Calea Lactee cu un ceas G-SHOCK cu un capac metalic special. Aceast\u0103 edi\u021bie limitat\u0103 GM-2100 recreeaz\u0103 luneta metalic\u0103 octogonal\u0103 iconic\u0103 cu o luneta metalic\u0103 placat\u0103 cu ioni de culoare violet \u0219i un motiv galactic gravat cu laser. Cadranul, cu grada\u021biile sale de culoare aplicate prin pulverizare cu abur, aminte\u0219te de Calea Lactee care [&hellip;]<\/p>\n","protected":false},"featured_media":52380,"comment_status":"closed","ping_status":"open","template":"","meta":{"_acf_changed":false},"product_brand":[],"product_cat":[27,20,419],"product_tag":[],"class_list":{"0":"post-52379","1":"product","2":"type-product","3":"status-publish","4":"has-post-thumbnail","6":"product_cat-casio","7":"product_cat-ceasuri-barbati","8":"product_cat-g-shock","9":"pa_brand-casio","10":"pa_brand-g-shock","11":"pa_braslet-plastic","12":"pa_corpus-44x49mm","13":"pa_forma-octogonala","14":"pa_funcii-alarma","15":"pa_funcii-calendar","16":"pa_funcii-cronometru","17":"pa_funcii-dual-time","18":"pa_funcii-iluminare","19":"pa_funcii-timp-mondial","20":"pa_funcii-ziua-saptamanii","21":"pa_garatia-24-luni","22":"pa_korpus-verde","23":"pa_kvarc-quartz","24":"pa_material-otel-inoxidabil","25":"pa_material-plastic","26":"pa_mehanizm-electronic","27":"pa_mehanizm-quartz","28":"pa_remeshok-negru","29":"pa_steklo-cristal-mineral","30":"pa_strana-japonia","31":"pa_voda-20-atm","33":"first","34":"instock","35":"purchasable","36":"product-type-simple"},"acf":[],"_links":{"self":[{"href":"https:\/\/ceasuri.md\/ru\/wp-json\/wp\/v2\/product\/52379","targetHints":{"allow":["GET"]}}],"collection":[{"href":"https:\/\/ceasuri.md\/ru\/wp-json\/wp\/v2\/product"}],"about":[{"href":"https:\/\/ceasuri.md\/ru\/wp-json\/wp\/v2\/types\/product"}],"replies":[{"embeddable":true,"href":"https:\/\/ceasuri.md\/ru\/wp-json\/wp\/v2\/comments?post=52379"}],"wp:featuredmedia":[{"embeddable":true,"href":"https:\/\/ceasuri.md\/ru\/wp-json\/wp\/v2\/media\/52380"}],"wp:attachment":[{"href":"https:\/\/ceasuri.md\/ru\/wp-json\/wp\/v2\/media?parent=52379"}],"wp:term":[{"taxonomy":"product_brand","embeddable":true,"href":"https:\/\/ceasuri.md\/ru\/wp-json\/wp\/v2\/product_brand?post=52379"},{"taxonomy":"product_cat","embeddable":true,"href":"https:\/\/ceasuri.md\/ru\/wp-json\/wp\/v2\/product_cat?post=52379"},{"taxonomy":"product_tag","embeddable":true,"href":"https:\/\/ceasuri.md\/ru\/wp-json\/wp\/v2\/product_tag?post=52379"}],"curies":[{"name":"wp","href":"https:\/\/api.w.org\/{rel}","templated":true}]}}