{"id":52374,"date":"2026-04-02T23:50:08","date_gmt":"2026-04-02T20:50:08","guid":{"rendered":"http:\/\/new.ceasuri.md\/shop\/uncategorized\/casio-g-shock-gbd-200-9er\/"},"modified":"2026-04-20T01:27:33","modified_gmt":"2026-04-19T22:27:33","slug":"casio-g-shock-gbd-200-9er","status":"publish","type":"product","link":"https:\/\/ceasuri.md\/ru\/shop\/branduri\/casio\/casio-g-shock-gbd-200-9er\/","title":{"rendered":"\u0427\u0430\u0441\u044b CASIO G-SHOCK GBD-200-9ER"},"content":{"rendered":"<p>Saluta\u021bi o pasiune serioas\u0103 pentru sport cu linia G-SQUAD de ceasuri G-SHOCK. Aceste modele au un design cu cadran p\u0103trat \u00een culori alese pentru a se calibra cu cele mai extreme antrenamente.<\/p>\n<p>Intra\u021bi \u00een cel mai sub\u021bire G-SQUAD de p\u00e2n\u0103 acum. Fantele laterale din lunet\u0103 permit culoarea carcasei interioare s\u0103 se \u00eentrevad\u0103, eviden\u021biind c\u00e2t de sub\u021bire este acest ceas.<\/p>\n<p>Butonul de lumin\u0103 este pozi\u021bionat pe partea frontal\u0103 a carcasei pentru un acces la \u00eendem\u00e2n\u0103, pentru a asigura o citire u\u0219oar\u0103 \u00een timpul antrenamentelor nocturne.<\/p>\n<p>Acceseaz\u0103 GPS-ul smartphone-ului t\u0103u prin Bluetooth\u00ae pentru m\u0103surarea precis\u0103 a accelerometrului. Toate informa\u021biile de care ave\u021bi nevoie sunt la \u00eendem\u00e2n\u0103 &#8211; distan\u021ba, viteza \u0219i ritmul, precum \u0219i citirea automat\u0103 a turelor pentru a \u021bine eviden\u021ba timpilor de alergare pentru distan\u021be stabilite. Afi\u0219ajul include caloriile arse, un contor de pa\u0219i, un cronometru de intervale \u0219i un cronometru de tur\u0103 pentru a v\u0103 men\u021bine exerci\u021biul zilnic pe drumul cel bun. De asemenea, utiliza\u021bi aplica\u021bia pentru a verifica jurnalele de via\u021b\u0103 \u0219i istoricul activit\u0103\u021bilor din ceasul dvs.<\/p>\n<p>Cu g\u0103uri de ajustare suplimentare \u00een banda moale din uretan pentru o potrivire de calitate \u0219i precizie, e\u0219ti preg\u0103tit s\u0103 te bucuri de o func\u021bie complet\u0103 \u0219i de un confort deplin.<\/p>","protected":false},"excerpt":{"rendered":"<p>Saluta\u021bi o pasiune serioas\u0103 pentru sport cu linia G-SQUAD de ceasuri G-SHOCK. Aceste modele au un design cu cadran p\u0103trat \u00een culori alese pentru a se calibra cu cele mai extreme antrenamente. Intra\u021bi \u00een cel mai sub\u021bire G-SQUAD de p\u00e2n\u0103 acum. Fantele laterale din lunet\u0103 permit culoarea carcasei interioare s\u0103 se \u00eentrevad\u0103, eviden\u021biind c\u00e2t de [&hellip;]<\/p>\n","protected":false},"featured_media":52375,"comment_status":"closed","ping_status":"open","template":"","meta":{"_acf_changed":false},"product_brand":[],"product_cat":[27,20,419],"product_tag":[],"class_list":{"0":"post-52374","1":"product","2":"type-product","3":"status-publish","4":"has-post-thumbnail","6":"product_cat-casio","7":"product_cat-ceasuri-barbati","8":"product_cat-g-shock","9":"pa_brand-casio","10":"pa_brand-g-shock","11":"pa_braslet-plastic","12":"pa_corpus-46x48mm","13":"pa_forma-octogonala","14":"pa_funcii-accelerometru","15":"pa_funcii-alarma","16":"pa_funcii-bluetooth-smart","17":"pa_funcii-calendar","18":"pa_funcii-cronometru","19":"pa_funcii-iluminare","20":"pa_funcii-timp-mondial","21":"pa_garatia-24-luni","22":"pa_korpus-verde","23":"pa_kvarc-quartz","24":"pa_material-plastic","25":"pa_mehanizm-electronic","26":"pa_remeshok-verde","27":"pa_steklo-cristal-mineral","28":"pa_strana-japonia","29":"pa_voda-20-atm","31":"first","32":"instock","33":"purchasable","34":"product-type-simple"},"acf":[],"_links":{"self":[{"href":"https:\/\/ceasuri.md\/ru\/wp-json\/wp\/v2\/product\/52374","targetHints":{"allow":["GET"]}}],"collection":[{"href":"https:\/\/ceasuri.md\/ru\/wp-json\/wp\/v2\/product"}],"about":[{"href":"https:\/\/ceasuri.md\/ru\/wp-json\/wp\/v2\/types\/product"}],"replies":[{"embeddable":true,"href":"https:\/\/ceasuri.md\/ru\/wp-json\/wp\/v2\/comments?post=52374"}],"wp:featuredmedia":[{"embeddable":true,"href":"https:\/\/ceasuri.md\/ru\/wp-json\/wp\/v2\/media\/52375"}],"wp:attachment":[{"href":"https:\/\/ceasuri.md\/ru\/wp-json\/wp\/v2\/media?parent=52374"}],"wp:term":[{"taxonomy":"product_brand","embeddable":true,"href":"https:\/\/ceasuri.md\/ru\/wp-json\/wp\/v2\/product_brand?post=52374"},{"taxonomy":"product_cat","embeddable":true,"href":"https:\/\/ceasuri.md\/ru\/wp-json\/wp\/v2\/product_cat?post=52374"},{"taxonomy":"product_tag","embeddable":true,"href":"https:\/\/ceasuri.md\/ru\/wp-json\/wp\/v2\/product_tag?post=52374"}],"curies":[{"name":"wp","href":"https:\/\/api.w.org\/{rel}","templated":true}]}}