{"id":52369,"date":"2026-04-02T23:50:08","date_gmt":"2026-04-02T20:50:08","guid":{"rendered":"http:\/\/new.ceasuri.md\/shop\/uncategorized\/casio-g-shock-ga-b001g-1a\/"},"modified":"2026-04-17T14:33:48","modified_gmt":"2026-04-17T11:33:48","slug":"casio-g-shock-ga-b001g-1a","status":"publish","type":"product","link":"https:\/\/ceasuri.md\/ru\/shop\/branduri\/casio\/casio-g-shock-ga-b001g-1a\/","title":{"rendered":"Ceas CASIO G-SHOCK GA-B001G-1A"},"content":{"rendered":"<p>V\u0103 prezent\u0103m gama de ceasuri G-SHOCK GA-B001 &#8211; un nou design cu accent pe durabilitate \u0219i func\u021bionalitate.<\/p>\n<p>Acest ceas nu este doar la mod\u0103, ci \u0219i func\u021bional. Sincroniza\u021bi-v\u0103 cu smartphone-ul prin Bluetooth\u00ae \u0219i accesa\u021bi aplica\u021bia dedicat\u0103 pentru a accesa func\u021biile de care ave\u021bi nevoie.<\/p>\n<p>Linia GA-B001 are un design inovator cu dou\u0103 componente separate ale lunetei superioare \u0219i inferioare care se conecteaz\u0103 \u00een pozi\u021biile orei 9 \u0219i orei 3. Aceast\u0103 ingeniozitate este completat\u0103 de o aten\u021bie meticuloas\u0103 la detalii, cu marcaje \u0219i un ecran LCD cu o form\u0103 unic\u0103, cum nu s-a mai v\u0103zut pe un ceas G-SHOCK.<\/p>\n<p>Format de timp de 12 \u0219i 24 de ore. Cronometru cu dou\u0103 citiri de precizie: 1\/100s (\u00eenainte de 1h) \u0219i 1s (dup\u0103 1h) \u0219i un timp de m\u0103surare de 24h. Cronometru cu num\u0103r\u0103toare invers\u0103 de la 1s la 24h.<\/p>\n<p>Ora mondial\u0103 &#8211; 38 de ora\u0219e (38 de fusuri orare), timp universal coordonat (UTC). Trecere automat\u0103 la ora de iarn\u0103 \u0219i de var\u0103, posibilitatea de a activa\/dezactiva aceast\u0103 func\u021bie.<\/p>\n<p>Tehnologie f\u0103r\u0103 fir Bluetooth\u00ae cu consum foarte redus de energie pentru sincronizarea cu un smartphone. Atunci c\u00e2nd este conectat la un smartphone, ceasul ajusteaz\u0103 automat ora curent\u0103, inclusiv ora de iarn\u0103\/ var\u0103, \u0219i copiaz\u0103 set\u0103rile orei mondiale pentru peste 300 de ora\u0219e.<\/p>\n<p>Func\u021bii de c\u0103utare a telefonului, mute\/unmute \u0219i mi\u0219care a m\u00e2inii pentru o vizualizare neobstruc\u021bionat\u0103 pe afi\u0219ajele digitale. Afi\u0219area zilei s\u0103pt\u0103m\u00e2nii \u00een \u0219ase limbi.<\/p>\n<p>Rezisten\u021b\u0103 la ap\u0103 de 200 m.<\/p>\n<p>Curea din polimer cu cataram\u0103 clasic\u0103.<\/p>","protected":false},"excerpt":{"rendered":"<p>V\u0103 prezent\u0103m gama de ceasuri G-SHOCK GA-B001 &#8211; un nou design cu accent pe durabilitate \u0219i func\u021bionalitate. Acest ceas nu este doar la mod\u0103, ci \u0219i func\u021bional. Sincroniza\u021bi-v\u0103 cu smartphone-ul prin Bluetooth\u00ae \u0219i accesa\u021bi aplica\u021bia dedicat\u0103 pentru a accesa func\u021biile de care ave\u021bi nevoie. Linia GA-B001 are un design inovator cu dou\u0103 componente separate ale [&hellip;]<\/p>\n","protected":false},"featured_media":52370,"comment_status":"closed","ping_status":"open","template":"","meta":{"_acf_changed":false},"product_brand":[],"product_cat":[27,20,419],"product_tag":[],"class_list":{"0":"post-52369","1":"product","2":"type-product","3":"status-publish","4":"has-post-thumbnail","6":"product_cat-casio","7":"product_cat-ceasuri-barbati","8":"product_cat-g-shock","9":"pa_brand-casio","10":"pa_brand-g-shock","11":"pa_braslet-plastic","12":"pa_corpus-43x46mm","13":"pa_forma-atipica","14":"pa_funcii-alarma","15":"pa_funcii-bluetooth-smart","16":"pa_funcii-calendar","17":"pa_funcii-cronometru","18":"pa_funcii-dual-time","19":"pa_funcii-iluminare","20":"pa_funcii-timp-mondial","21":"pa_garatia-24-luni","22":"pa_korpus-negru","23":"pa_korpus-rosu","24":"pa_kvarc-quartz","25":"pa_material-carbon","26":"pa_material-piele","27":"pa_mehanizm-electronic","28":"pa_mehanizm-quartz","29":"pa_remeshok-negru","30":"pa_steklo-cristal-mineral","31":"pa_strana-japonia","32":"pa_voda-20-atm","34":"first","35":"instock","36":"purchasable","37":"product-type-simple"},"acf":[],"_links":{"self":[{"href":"https:\/\/ceasuri.md\/ru\/wp-json\/wp\/v2\/product\/52369","targetHints":{"allow":["GET"]}}],"collection":[{"href":"https:\/\/ceasuri.md\/ru\/wp-json\/wp\/v2\/product"}],"about":[{"href":"https:\/\/ceasuri.md\/ru\/wp-json\/wp\/v2\/types\/product"}],"replies":[{"embeddable":true,"href":"https:\/\/ceasuri.md\/ru\/wp-json\/wp\/v2\/comments?post=52369"}],"wp:featuredmedia":[{"embeddable":true,"href":"https:\/\/ceasuri.md\/ru\/wp-json\/wp\/v2\/media\/52370"}],"wp:attachment":[{"href":"https:\/\/ceasuri.md\/ru\/wp-json\/wp\/v2\/media?parent=52369"}],"wp:term":[{"taxonomy":"product_brand","embeddable":true,"href":"https:\/\/ceasuri.md\/ru\/wp-json\/wp\/v2\/product_brand?post=52369"},{"taxonomy":"product_cat","embeddable":true,"href":"https:\/\/ceasuri.md\/ru\/wp-json\/wp\/v2\/product_cat?post=52369"},{"taxonomy":"product_tag","embeddable":true,"href":"https:\/\/ceasuri.md\/ru\/wp-json\/wp\/v2\/product_tag?post=52369"}],"curies":[{"name":"wp","href":"https:\/\/api.w.org\/{rel}","templated":true}]}}