{"id":52365,"date":"2026-04-02T23:50:08","date_gmt":"2026-04-02T20:50:08","guid":{"rendered":"http:\/\/new.ceasuri.md\/shop\/uncategorized\/casio-g-shock-ga-2100ah-6a\/"},"modified":"2026-04-20T01:27:31","modified_gmt":"2026-04-19T22:27:31","slug":"casio-g-shock-ga-2100ah-6a","status":"publish","type":"product","link":"https:\/\/ceasuri.md\/ru\/shop\/branduri\/casio\/casio-g-shock-ga-2100ah-6a\/","title":{"rendered":"\u0427\u0430\u0441\u044b CASIO G-SHOCK GA-2100AH-6A"},"content":{"rendered":"<p>Un ceas pentru cei care aspir\u0103 la v\u00e2rf \u00een lumea virtual\u0103 &#8211; \u0219i \u00een via\u021ba real\u0103.<\/p>\n<p>V\u0103 prezent\u0103m ceasul G-SHOCK, inspirat de determinarea necesar\u0103 pentru a atinge cele mai \u00eenalte niveluri \u00een jocurile pe calculator.<\/p>\n<p>Gamerii \u0219tiu de ce este nevoie pentru a excela \u00een jocurile de ac\u021biune \u0219i shooter. Acest ceas recreeaz\u0103 lumea captivant\u0103 \u0219i \u00een continu\u0103 schimbare a jocurilor cu culori polarizate violet \u0219i verde care \u00ee\u0219i schimb\u0103 culoarea \u00een func\u021bie de unghiul de vizualizare.<\/p>\n<p>Format de timp de 12 \u0219i 24 de ore. Cronometru cu dou\u0103 citiri de precizie: 1\/100s (\u00eenainte de 1h) \u0219i 1s (dup\u0103 1h) \u0219i un timp de m\u0103surare de 24h. Cronometru cu num\u0103r\u0103toare invers\u0103 de la 1s la 24h.<\/p>\n<p>Ora mondial\u0103 &#8211; 48 de ora\u0219e (31 de fusuri orare), timp universal coordonat (UTC). Func\u021bie de activare\/dezactivare a orei de var\u0103.<\/p>\n<p>Indicator retrograd pentru s\u0103pt\u0103m\u00e2n\u0103.<\/p>\n<p>Func\u021bii Mute\/unmute \u0219i de mi\u0219care a m\u00e2inii pentru vizionarea neobstruc\u021bionat\u0103 a informa\u021biilor de pe afi\u0219ajele digitale.<\/p>\n<p>Curea din polimer cu cataram\u0103 clasic\u0103 \u0219i sistem de schimbare rapid\u0103.<\/p>","protected":false},"excerpt":{"rendered":"<p>Un ceas pentru cei care aspir\u0103 la v\u00e2rf \u00een lumea virtual\u0103 &#8211; \u0219i \u00een via\u021ba real\u0103. V\u0103 prezent\u0103m ceasul G-SHOCK, inspirat de determinarea necesar\u0103 pentru a atinge cele mai \u00eenalte niveluri \u00een jocurile pe calculator. Gamerii \u0219tiu de ce este nevoie pentru a excela \u00een jocurile de ac\u021biune \u0219i shooter. Acest ceas recreeaz\u0103 lumea captivant\u0103 [&hellip;]<\/p>\n","protected":false},"featured_media":52366,"comment_status":"closed","ping_status":"open","template":"","meta":{"_acf_changed":false},"product_brand":[],"product_cat":[27,20,25,419],"product_tag":[],"class_list":{"0":"post-52365","1":"product","2":"type-product","3":"status-publish","4":"has-post-thumbnail","6":"product_cat-casio","7":"product_cat-ceasuri-barbati","8":"product_cat-ceasuri-dama","9":"product_cat-g-shock","10":"pa_brand-casio","11":"pa_brand-g-shock","12":"pa_braslet-plastic","13":"pa_corpus-45x49mm","14":"pa_forma-octogonala","15":"pa_funcii-alarma","16":"pa_funcii-calendar","17":"pa_funcii-cronometru","18":"pa_funcii-dual-time","19":"pa_funcii-iluminare","20":"pa_funcii-timp-mondial","21":"pa_funcii-ziua-saptamanii","22":"pa_garatia-24-luni","23":"pa_korpus-verde","24":"pa_korpus-violet","25":"pa_kvarc-quartz","26":"pa_material-carbon","27":"pa_material-plastic","28":"pa_mehanizm-electronic","29":"pa_mehanizm-quartz","30":"pa_remeshok-verde","31":"pa_remeshok-violet","32":"pa_steklo-cristal-mineral","33":"pa_strana-japonia","34":"pa_voda-20-atm","36":"first","37":"instock","38":"purchasable","39":"product-type-simple"},"acf":[],"_links":{"self":[{"href":"https:\/\/ceasuri.md\/ru\/wp-json\/wp\/v2\/product\/52365","targetHints":{"allow":["GET"]}}],"collection":[{"href":"https:\/\/ceasuri.md\/ru\/wp-json\/wp\/v2\/product"}],"about":[{"href":"https:\/\/ceasuri.md\/ru\/wp-json\/wp\/v2\/types\/product"}],"replies":[{"embeddable":true,"href":"https:\/\/ceasuri.md\/ru\/wp-json\/wp\/v2\/comments?post=52365"}],"wp:featuredmedia":[{"embeddable":true,"href":"https:\/\/ceasuri.md\/ru\/wp-json\/wp\/v2\/media\/52366"}],"wp:attachment":[{"href":"https:\/\/ceasuri.md\/ru\/wp-json\/wp\/v2\/media?parent=52365"}],"wp:term":[{"taxonomy":"product_brand","embeddable":true,"href":"https:\/\/ceasuri.md\/ru\/wp-json\/wp\/v2\/product_brand?post=52365"},{"taxonomy":"product_cat","embeddable":true,"href":"https:\/\/ceasuri.md\/ru\/wp-json\/wp\/v2\/product_cat?post=52365"},{"taxonomy":"product_tag","embeddable":true,"href":"https:\/\/ceasuri.md\/ru\/wp-json\/wp\/v2\/product_tag?post=52365"}],"curies":[{"name":"wp","href":"https:\/\/api.w.org\/{rel}","templated":true}]}}