{"id":52357,"date":"2026-04-02T23:50:08","date_gmt":"2026-04-02T20:50:08","guid":{"rendered":"http:\/\/new.ceasuri.md\/shop\/uncategorized\/casio-edifice-efv-610d-5cvuef\/"},"modified":"2026-04-15T20:32:33","modified_gmt":"2026-04-15T17:32:33","slug":"casio-edifice-efv-610d-5cvuef","status":"publish","type":"product","link":"https:\/\/ceasuri.md\/ru\/shop\/branduri\/casio\/casio-edifice-efv-610d-5cvuef\/","title":{"rendered":"Ceas CASIO EDIFICE EFV-610D-5CVUEF"},"content":{"rendered":"<p>Love\u0219te exact coarda potrivit\u0103 cu un cronograf clasic EDIFICE de dimensiuni medii, de dimensiuni clasice, care prezint\u0103 o asociere \u00eendr\u0103znea\u021b\u0103 de detalii fine \u0219i design.<\/p>\n<p>Un cadran mai lat \u0219i o lunet\u0103 mai sub\u021bire ofer\u0103 un design simplu, aerodinamic \u0219i sportiv, \u00een culori inspirate de stilurile de condus urbane cool.<\/p>\n<p>Ceas cronograf cu cronometru cu o precizie de 1\/10s \u0219i un timp de m\u0103surare de 1h. Cadran cu semne de liniu\u021b\u0103. Fereastra datei este la ora 3.<\/p>\n<p>Capac spate cu \u00eenchidere cu \u0219urub. Rezistent la ap\u0103 p\u00e2n\u0103 la 100 m.<\/p>\n<p>Br\u0103\u021bar\u0103 turnat\u0103. \u00cenchiz\u0103toare pliabil\u0103 tripl\u0103 cu eliberare printr-o singur\u0103 atingere. \u00cencuietorul de siguran\u021b\u0103 de pe br\u0103\u021bar\u0103 previne desfacerea accidental\u0103.<\/p>","protected":false},"excerpt":{"rendered":"<p>Love\u0219te exact coarda potrivit\u0103 cu un cronograf clasic EDIFICE de dimensiuni medii, de dimensiuni clasice, care prezint\u0103 o asociere \u00eendr\u0103znea\u021b\u0103 de detalii fine \u0219i design. Un cadran mai lat \u0219i o lunet\u0103 mai sub\u021bire ofer\u0103 un design simplu, aerodinamic \u0219i sportiv, \u00een culori inspirate de stilurile de condus urbane cool. Ceas cronograf cu cronometru cu [&hellip;]<\/p>\n","protected":false},"featured_media":52358,"comment_status":"closed","ping_status":"open","template":"","meta":{"_acf_changed":false},"product_brand":[],"product_cat":[27,20,536],"product_tag":[],"class_list":{"0":"post-52357","1":"product","2":"type-product","3":"status-publish","4":"has-post-thumbnail","6":"product_cat-casio","7":"product_cat-ceasuri-barbati","8":"product_cat-edifice","9":"pa_brand-casio","10":"pa_brand-edifice","11":"pa_braslet-otel-inoxidabil","12":"pa_corpus-44-mm","13":"pa_forma-rotund","14":"pa_funcii-cronograf","15":"pa_funcii-data","16":"pa_garatia-24-luni","17":"pa_korpus-argintiu","18":"pa_kvarc-quartz","19":"pa_material-otel-inoxidabil","20":"pa_mehanizm-quartz","21":"pa_remeshok-argintiu","22":"pa_steklo-cristal-mineral","23":"pa_strana-japonia","24":"pa_voda-10-atm","26":"first","27":"instock","28":"purchasable","29":"product-type-simple"},"acf":[],"_links":{"self":[{"href":"https:\/\/ceasuri.md\/ru\/wp-json\/wp\/v2\/product\/52357","targetHints":{"allow":["GET"]}}],"collection":[{"href":"https:\/\/ceasuri.md\/ru\/wp-json\/wp\/v2\/product"}],"about":[{"href":"https:\/\/ceasuri.md\/ru\/wp-json\/wp\/v2\/types\/product"}],"replies":[{"embeddable":true,"href":"https:\/\/ceasuri.md\/ru\/wp-json\/wp\/v2\/comments?post=52357"}],"wp:featuredmedia":[{"embeddable":true,"href":"https:\/\/ceasuri.md\/ru\/wp-json\/wp\/v2\/media\/52358"}],"wp:attachment":[{"href":"https:\/\/ceasuri.md\/ru\/wp-json\/wp\/v2\/media?parent=52357"}],"wp:term":[{"taxonomy":"product_brand","embeddable":true,"href":"https:\/\/ceasuri.md\/ru\/wp-json\/wp\/v2\/product_brand?post=52357"},{"taxonomy":"product_cat","embeddable":true,"href":"https:\/\/ceasuri.md\/ru\/wp-json\/wp\/v2\/product_cat?post=52357"},{"taxonomy":"product_tag","embeddable":true,"href":"https:\/\/ceasuri.md\/ru\/wp-json\/wp\/v2\/product_tag?post=52357"}],"curies":[{"name":"wp","href":"https:\/\/api.w.org\/{rel}","templated":true}]}}