{"id":52353,"date":"2026-04-02T23:50:08","date_gmt":"2026-04-02T20:50:08","guid":{"rendered":"http:\/\/new.ceasuri.md\/shop\/uncategorized\/casio-edifice-efs-s630d-1avuef\/"},"modified":"2026-04-07T04:41:07","modified_gmt":"2026-04-07T01:41:07","slug":"casio-edifice-efs-s630d-1avuef","status":"publish","type":"product","link":"https:\/\/ceasuri.md\/ru\/shop\/branduri\/casio\/casio-edifice-efs-s630d-1avuef\/","title":{"rendered":"Ceas CASIO EDIFICE EFS-S630D-1AVUEF"},"content":{"rendered":"<p>Casio Classic Chronograph Solar Powered este echipat cu mecanismul solar Casio 5585 \u00eempreun\u0103 cu un indicator de \u00eenc\u0103rcare.<\/p>\n<p>Schema de culori argintie se potrive\u0219te bine cu nuan\u021ba albastru marin a cadranului.<\/p>\n<p>Modelul are de oferit o dat\u0103 pentru ziua lunii, o acoperire Neobrite \u0219i un cronograf.<\/p>\n<p>O sticl\u0103 de cristal de safir de \u00eenalt\u0103 calitate \u00eel protejeaz\u0103 de posibile deterior\u0103ri.<\/p>\n<p>Rezisten\u021ba la ap\u0103 a ceasului ajunge la 10 ATM.<\/p>","protected":false},"excerpt":{"rendered":"<p>Casio Classic Chronograph Solar Powered este echipat cu mecanismul solar Casio 5585 \u00eempreun\u0103 cu un indicator de \u00eenc\u0103rcare. Schema de culori argintie se potrive\u0219te bine cu nuan\u021ba albastru marin a cadranului. Modelul are de oferit o dat\u0103 pentru ziua lunii, o acoperire Neobrite \u0219i un cronograf. O sticl\u0103 de cristal de safir de \u00eenalt\u0103 calitate [&hellip;]<\/p>\n","protected":false},"featured_media":52354,"comment_status":"closed","ping_status":"open","template":"","meta":{"_acf_changed":false},"product_brand":[],"product_cat":[27,20,536],"product_tag":[],"class_list":{"0":"post-52353","1":"product","2":"type-product","3":"status-publish","4":"has-post-thumbnail","6":"product_cat-casio","7":"product_cat-ceasuri-barbati","8":"product_cat-edifice","9":"pa_brand-casio","10":"pa_brand-edifice","11":"pa_braslet-otel-inoxidabil","12":"pa_corpus-44-mm","13":"pa_forma-rotund","14":"pa_funcii-cronograf","15":"pa_funcii-data","16":"pa_funcii-rezerva-de-energie","17":"pa_garatia-24-luni","18":"pa_korpus-argintiu","19":"pa_material-otel-inoxidabil","20":"pa_mehanizm-baterie-solara","21":"pa_remeshok-argintiu","22":"pa_steklo-cristal-safir","23":"pa_strana-japonia","24":"pa_voda-10-atm","26":"first","27":"instock","28":"purchasable","29":"product-type-simple"},"acf":[],"_links":{"self":[{"href":"https:\/\/ceasuri.md\/ru\/wp-json\/wp\/v2\/product\/52353","targetHints":{"allow":["GET"]}}],"collection":[{"href":"https:\/\/ceasuri.md\/ru\/wp-json\/wp\/v2\/product"}],"about":[{"href":"https:\/\/ceasuri.md\/ru\/wp-json\/wp\/v2\/types\/product"}],"replies":[{"embeddable":true,"href":"https:\/\/ceasuri.md\/ru\/wp-json\/wp\/v2\/comments?post=52353"}],"wp:featuredmedia":[{"embeddable":true,"href":"https:\/\/ceasuri.md\/ru\/wp-json\/wp\/v2\/media\/52354"}],"wp:attachment":[{"href":"https:\/\/ceasuri.md\/ru\/wp-json\/wp\/v2\/media?parent=52353"}],"wp:term":[{"taxonomy":"product_brand","embeddable":true,"href":"https:\/\/ceasuri.md\/ru\/wp-json\/wp\/v2\/product_brand?post=52353"},{"taxonomy":"product_cat","embeddable":true,"href":"https:\/\/ceasuri.md\/ru\/wp-json\/wp\/v2\/product_cat?post=52353"},{"taxonomy":"product_tag","embeddable":true,"href":"https:\/\/ceasuri.md\/ru\/wp-json\/wp\/v2\/product_tag?post=52353"}],"curies":[{"name":"wp","href":"https:\/\/api.w.org\/{rel}","templated":true}]}}