{"id":52339,"date":"2024-02-19T09:12:40","date_gmt":"2024-02-19T07:12:40","guid":{"rendered":"http:\/\/new.ceasuri.md\/shop\/uncategorized\/casio-edifice-efr-s108d-2avuef\/"},"modified":"2026-05-01T18:24:35","modified_gmt":"2026-05-01T15:24:35","slug":"casio-edifice-efr-s108d-2avuef","status":"publish","type":"product","link":"https:\/\/ceasuri.md\/ru\/shop\/branduri\/casio\/casio-edifice-efr-s108d-2avuef\/","title":{"rendered":"\u0427\u0430\u0441\u044b CASIO EDIFICE EFR-S108D-2AVUEF"},"content":{"rendered":"<p>Seria EDIFICE SLIM cu cristal de safir.<\/p>\n<p>Acest model analogic cu trei m\u00e2ini are o carcas\u0103 sub\u021bire de 7,8 mm grosime care \u00eembun\u0103t\u0103\u021be\u0219te potrivirea. Ceasul se m\u00e2ndre\u0219te cu o lunet\u0103 octogonal\u0103 plat\u0103 cu un finisaj hairline care creeaz\u0103 un design sportiv, dar luxos.<\/p>\n<p>Folose\u0219te un cristal de safir rezistent la zg\u00e2rieturi.<\/p>","protected":false},"excerpt":{"rendered":"<p>Seria EDIFICE SLIM cu cristal de safir. Acest model analogic cu trei m\u00e2ini are o carcas\u0103 sub\u021bire de 7,8 mm grosime care \u00eembun\u0103t\u0103\u021be\u0219te potrivirea. Ceasul se m\u00e2ndre\u0219te cu o lunet\u0103 octogonal\u0103 plat\u0103 cu un finisaj hairline care creeaz\u0103 un design sportiv, dar luxos. Folose\u0219te un cristal de safir rezistent la zg\u00e2rieturi.<\/p>","protected":false},"featured_media":52340,"comment_status":"closed","ping_status":"open","template":"","meta":{"_acf_changed":false},"product_brand":[],"product_cat":[27,20,536],"product_tag":[],"class_list":{"0":"post-52339","1":"product","2":"type-product","3":"status-publish","4":"has-post-thumbnail","6":"product_cat-casio","7":"product_cat-ceasuri-barbati","8":"product_cat-edifice","9":"pa_brand-casio","10":"pa_brand-edifice","11":"pa_braslet-otel-inoxidabil","12":"pa_corpus-40x45mm","13":"pa_forma-octogonala","14":"pa_funcii-data","15":"pa_garatia-24-luni","16":"pa_korpus-argintiu","17":"pa_kvarc-quartz","18":"pa_material-otel-inoxidabil","19":"pa_mehanizm-quartz","20":"pa_remeshok-argintiu","21":"pa_steklo-cristal-safir","22":"pa_strana-japonia","23":"pa_voda-10-atm","25":"first","26":"instock","27":"purchasable","28":"product-type-simple"},"acf":[],"_links":{"self":[{"href":"https:\/\/ceasuri.md\/ru\/wp-json\/wp\/v2\/product\/52339","targetHints":{"allow":["GET"]}}],"collection":[{"href":"https:\/\/ceasuri.md\/ru\/wp-json\/wp\/v2\/product"}],"about":[{"href":"https:\/\/ceasuri.md\/ru\/wp-json\/wp\/v2\/types\/product"}],"replies":[{"embeddable":true,"href":"https:\/\/ceasuri.md\/ru\/wp-json\/wp\/v2\/comments?post=52339"}],"wp:featuredmedia":[{"embeddable":true,"href":"https:\/\/ceasuri.md\/ru\/wp-json\/wp\/v2\/media\/52340"}],"wp:attachment":[{"href":"https:\/\/ceasuri.md\/ru\/wp-json\/wp\/v2\/media?parent=52339"}],"wp:term":[{"taxonomy":"product_brand","embeddable":true,"href":"https:\/\/ceasuri.md\/ru\/wp-json\/wp\/v2\/product_brand?post=52339"},{"taxonomy":"product_cat","embeddable":true,"href":"https:\/\/ceasuri.md\/ru\/wp-json\/wp\/v2\/product_cat?post=52339"},{"taxonomy":"product_tag","embeddable":true,"href":"https:\/\/ceasuri.md\/ru\/wp-json\/wp\/v2\/product_tag?post=52339"}],"curies":[{"name":"wp","href":"https:\/\/api.w.org\/{rel}","templated":true}]}}