{"id":52325,"date":"2026-04-02T23:49:24","date_gmt":"2026-04-02T20:49:24","guid":{"rendered":"http:\/\/new.ceasuri.md\/shop\/uncategorized\/casio-edifice-ecb-2200p-1aef\/"},"modified":"2026-04-20T01:27:23","modified_gmt":"2026-04-19T22:27:23","slug":"casio-edifice-ecb-2200p-1aef","status":"publish","type":"product","link":"https:\/\/ceasuri.md\/ru\/shop\/branduri\/casio\/casio-edifice-ecb-2200p-1aef\/","title":{"rendered":"\u0427\u0430\u0441\u044b CASIO EDIFICE ECB-2200P-1AEF"},"content":{"rendered":"<p>Sim\u021bi\u021bi adrenalina pur\u0103 a unei ma\u0219ini de curse de formul\u0103 care rupe pista, cu EDIFICE WINDFLOW, un cronograf combinat digital-analogic inspirat de pista de curse.<\/p>\n<p>Vederea lateral\u0103, conceput\u0103 pentru a evoca senza\u021bia v\u00e2ntului care curge printr-o ma\u0219in\u0103 de curse de formul\u0103 cu aripi, \u0219i fa\u021ba mecanic\u0103 ascu\u021bit\u0103 \u0219i dimensional\u0103 prezint\u0103 un aspect unic de vitez\u0103 pur\u0103. Carcasa din r\u0103\u0219in\u0103 armat\u0103 cu fibr\u0103 de carbon confer\u0103 rezisten\u021b\u0103, dar men\u021bine ceasul u\u0219or, pentru un design foarte u\u0219or de purtat. Cele patru deschideri de pe band\u0103 evoc\u0103 aspectul gurilor de aerisire ale ma\u0219inilor sport \u0219i au rolul de a spori respirabilitatea atunci c\u00e2nd purta\u021bi ceasul.<\/p>\n<p>Sincronizarea cu smartphone-ul prin Bluetooth\u00ae este foarte u\u0219oar\u0103. Atinge\u021bi aplica\u021bia pentru a accesa func\u021biile at\u00e2t de importante pentru echipele de curse &#8211; ob\u021bine\u021bi cronometrarea de precizie ajustat\u0103 automat la secund\u0103, gestiona\u021bi f\u0103r\u0103 efort timpul mondial, transfera\u021bi pe smartphone-ul dvs. datele cronometrului m\u0103surate la milisecund\u0103 pentru p\u00e2n\u0103 la 200 de timpi pe tur \u0219i utiliza\u021bi Super Illuminator pentru a ilumina cadranul analogic.<\/p>\n<p>Tough Solar poate \u00eenc\u0103rca ceasul de la lumina soarelui sau chiar de la lumina l\u0103mpii fluorescente, stoc\u00e2nd suficient\u0103 energie pentru p\u00e2n\u0103 la 7 luni de utilizare normal\u0103.<\/p>","protected":false},"excerpt":{"rendered":"<p>Sim\u021bi\u021bi adrenalina pur\u0103 a unei ma\u0219ini de curse de formul\u0103 care rupe pista, cu EDIFICE WINDFLOW, un cronograf combinat digital-analogic inspirat de pista de curse. Vederea lateral\u0103, conceput\u0103 pentru a evoca senza\u021bia v\u00e2ntului care curge printr-o ma\u0219in\u0103 de curse de formul\u0103 cu aripi, \u0219i fa\u021ba mecanic\u0103 ascu\u021bit\u0103 \u0219i dimensional\u0103 prezint\u0103 un aspect unic de vitez\u0103 [&hellip;]<\/p>\n","protected":false},"featured_media":52326,"comment_status":"closed","ping_status":"open","template":"","meta":{"_acf_changed":false},"product_brand":[],"product_cat":[27,20,536],"product_tag":[],"class_list":{"0":"post-52325","1":"product","2":"type-product","3":"status-publish","4":"has-post-thumbnail","6":"product_cat-casio","7":"product_cat-ceasuri-barbati","8":"product_cat-edifice","9":"pa_brand-casio","10":"pa_brand-edifice","11":"pa_braslet-plastic","12":"pa_corpus-48-mm","13":"pa_forma-rotund","14":"pa_funcii-alarma","15":"pa_funcii-bluetooth-smart","16":"pa_funcii-calendar","17":"pa_funcii-cronometru","18":"pa_funcii-dual-time","19":"pa_funcii-iluminare","20":"pa_funcii-rezerva-de-energie","21":"pa_funcii-timp-mondial","22":"pa_garatia-24-luni","23":"pa_korpus-negru","24":"pa_korpus-rosu","25":"pa_kvarc-quartz","26":"pa_material-carbon","27":"pa_material-otel-inoxidabil","28":"pa_mehanizm-baterie-solara","29":"pa_remeshok-negru","30":"pa_steklo-cristal-mineral","31":"pa_strana-japonia","32":"pa_voda-10-atm","34":"first","35":"instock","36":"purchasable","37":"product-type-simple"},"acf":[],"_links":{"self":[{"href":"https:\/\/ceasuri.md\/ru\/wp-json\/wp\/v2\/product\/52325","targetHints":{"allow":["GET"]}}],"collection":[{"href":"https:\/\/ceasuri.md\/ru\/wp-json\/wp\/v2\/product"}],"about":[{"href":"https:\/\/ceasuri.md\/ru\/wp-json\/wp\/v2\/types\/product"}],"replies":[{"embeddable":true,"href":"https:\/\/ceasuri.md\/ru\/wp-json\/wp\/v2\/comments?post=52325"}],"wp:featuredmedia":[{"embeddable":true,"href":"https:\/\/ceasuri.md\/ru\/wp-json\/wp\/v2\/media\/52326"}],"wp:attachment":[{"href":"https:\/\/ceasuri.md\/ru\/wp-json\/wp\/v2\/media?parent=52325"}],"wp:term":[{"taxonomy":"product_brand","embeddable":true,"href":"https:\/\/ceasuri.md\/ru\/wp-json\/wp\/v2\/product_brand?post=52325"},{"taxonomy":"product_cat","embeddable":true,"href":"https:\/\/ceasuri.md\/ru\/wp-json\/wp\/v2\/product_cat?post=52325"},{"taxonomy":"product_tag","embeddable":true,"href":"https:\/\/ceasuri.md\/ru\/wp-json\/wp\/v2\/product_tag?post=52325"}],"curies":[{"name":"wp","href":"https:\/\/api.w.org\/{rel}","templated":true}]}}