{"id":52314,"date":"2026-04-02T23:49:24","date_gmt":"2026-04-02T20:49:24","guid":{"rendered":"http:\/\/new.ceasuri.md\/shop\/uncategorized\/casio-g-shock-dw-b5600ah-6er\/"},"modified":"2026-04-20T01:27:21","modified_gmt":"2026-04-19T22:27:21","slug":"casio-g-shock-dw-b5600ah-6er","status":"publish","type":"product","link":"https:\/\/ceasuri.md\/ru\/shop\/branduri\/casio\/casio-g-shock-dw-b5600ah-6er\/","title":{"rendered":"\u0427\u0430\u0441\u044b CASIO G-SHOCK DW-B5600AH-6ER"},"content":{"rendered":"<p>Pentru cei care aspir\u0103 la cel mai \u00eenalt nivel \u00een lumea virtual\u0103 &#8211; \u0219i \u00een via\u021ba real\u0103. V\u0103 prezent\u0103m G-SHOCK-ul, inspirat de determinarea necesar\u0103 pentru a atinge cele mai \u00eenalte niveluri \u00een jocurile PC.<\/p>\n<p>Gamerii \u0219tiu de ce este nevoie pentru a excela \u00een jocurile de ac\u021biune \u0219i shooter. Acest ceas recreeaz\u0103 lumea captivant\u0103 \u0219i \u00een continu\u0103 schimbare a jocurilor cu culori polarizate violet \u0219i verde care \u00ee\u0219i schimb\u0103 culoarea \u00een func\u021bie de unghiul de vizualizare.<\/p>\n<p>Ceasul are caracteristici precum: Format de timp de 12 \u0219i 24 de ore, cronometru cu dou\u0103 citiri de precizie, cronometru cu num\u0103r\u0103toare invers\u0103 de la 1s la 24h.<\/p>\n<p>Ora mondial\u0103 &#8211; 38 de ora\u0219e (38 de fusuri orare), timp universal coordonat (UTC). Trecere automat\u0103 la ora de iarn\u0103 \u0219i de var\u0103, posibilitatea de a activa\/dezactiva aceast\u0103 func\u021bie.<\/p>\n<p>Tehnologie f\u0103r\u0103 fir Bluetooth\u00ae cu consum de energie ultra-redus pentru sincronizarea cu un smartphone. Atunci c\u00e2nd este conectat la un smartphone, ceasul ajusteaz\u0103 automat ora curent\u0103, inclusiv ora de iarn\u0103\/var\u0103, \u0219i copiaz\u0103 set\u0103rile orei mondiale pentru mai mult de 300 de ora\u0219e.<\/p>\n<p>Fundul carcasei din o\u021bel este fixat cu 4 \u0219uruburi. Curea din polimer cu \u00eenchidere clasic\u0103.<\/p>","protected":false},"excerpt":{"rendered":"<p>Pentru cei care aspir\u0103 la cel mai \u00eenalt nivel \u00een lumea virtual\u0103 &#8211; \u0219i \u00een via\u021ba real\u0103. V\u0103 prezent\u0103m G-SHOCK-ul, inspirat de determinarea necesar\u0103 pentru a atinge cele mai \u00eenalte niveluri \u00een jocurile PC. Gamerii \u0219tiu de ce este nevoie pentru a excela \u00een jocurile de ac\u021biune \u0219i shooter. Acest ceas recreeaz\u0103 lumea captivant\u0103 \u0219i [&hellip;]<\/p>\n","protected":false},"featured_media":52315,"comment_status":"closed","ping_status":"open","template":"","meta":{"_acf_changed":false},"product_brand":[],"product_cat":[27,20,419],"product_tag":[],"class_list":{"0":"post-52314","1":"product","2":"type-product","3":"status-publish","4":"has-post-thumbnail","6":"product_cat-casio","7":"product_cat-ceasuri-barbati","8":"product_cat-g-shock","9":"pa_brand-casio","10":"pa_brand-g-shock","11":"pa_braslet-plastic","12":"pa_corpus-43x49mm","13":"pa_forma-octogonala","14":"pa_funcii-alarma","15":"pa_funcii-bluetooth-smart","16":"pa_funcii-calendar","17":"pa_funcii-cronometru","18":"pa_funcii-iluminare","19":"pa_funcii-timp-mondial","20":"pa_garatia-24-luni","21":"pa_korpus-verde","22":"pa_korpus-violet","23":"pa_kvarc-quartz","24":"pa_material-plastic","25":"pa_mehanizm-electronic","26":"pa_remeshok-verde","27":"pa_remeshok-violet","28":"pa_steklo-cristal-mineral","29":"pa_strana-japonia","30":"pa_voda-20-atm","32":"first","33":"instock","34":"purchasable","35":"product-type-simple"},"acf":[],"_links":{"self":[{"href":"https:\/\/ceasuri.md\/ru\/wp-json\/wp\/v2\/product\/52314","targetHints":{"allow":["GET"]}}],"collection":[{"href":"https:\/\/ceasuri.md\/ru\/wp-json\/wp\/v2\/product"}],"about":[{"href":"https:\/\/ceasuri.md\/ru\/wp-json\/wp\/v2\/types\/product"}],"replies":[{"embeddable":true,"href":"https:\/\/ceasuri.md\/ru\/wp-json\/wp\/v2\/comments?post=52314"}],"wp:featuredmedia":[{"embeddable":true,"href":"https:\/\/ceasuri.md\/ru\/wp-json\/wp\/v2\/media\/52315"}],"wp:attachment":[{"href":"https:\/\/ceasuri.md\/ru\/wp-json\/wp\/v2\/media?parent=52314"}],"wp:term":[{"taxonomy":"product_brand","embeddable":true,"href":"https:\/\/ceasuri.md\/ru\/wp-json\/wp\/v2\/product_brand?post=52314"},{"taxonomy":"product_cat","embeddable":true,"href":"https:\/\/ceasuri.md\/ru\/wp-json\/wp\/v2\/product_cat?post=52314"},{"taxonomy":"product_tag","embeddable":true,"href":"https:\/\/ceasuri.md\/ru\/wp-json\/wp\/v2\/product_tag?post=52314"}],"curies":[{"name":"wp","href":"https:\/\/api.w.org\/{rel}","templated":true}]}}