{"id":52310,"date":"2026-04-02T23:49:24","date_gmt":"2026-04-02T20:49:24","guid":{"rendered":"http:\/\/new.ceasuri.md\/shop\/uncategorized\/casio-g-shock-dw-6900nnj-1er\/"},"modified":"2026-04-20T01:27:20","modified_gmt":"2026-04-19T22:27:20","slug":"casio-g-shock-dw-6900nnj-1er","status":"publish","type":"product","link":"https:\/\/ceasuri.md\/ru\/shop\/branduri\/casio\/casio-g-shock-dw-6900nnj-1er\/","title":{"rendered":"\u0427\u0430\u0441\u044b CASIO G-SHOCK DW-6900NNJ-1ER"},"content":{"rendered":"<p>Casio G-Shock Ninja Series este o edi\u021bie special\u0103 care v\u0103 va duce \u00een lumea artelor mar\u021biale japoneze.<\/p>\n<p>Combina\u021bia de caractere japoneze din cuv\u00e2ntul &#8222;ninja&#8221; \u00eenseamn\u0103 rezisten\u021b\u0103 ridicat\u0103 \u0219i aceea\u0219i rezisten\u021b\u0103 pe care G-Shock o \u00eentruchipeaz\u0103. Partea din spate prezint\u0103 simbolul steaua shuriken ninja, care se repet\u0103, de asemenea, \u0219i pe urechile \u0219i pe urechile curelei.<\/p>\n<p>Ceasul are un finisaj \u00eentunecat \u0219i un model care simbolizeaz\u0103 viteza v\u00e2ntului, \u00eentruchip\u00e2nd ninja super-rapid \u0219i stilul special de alergare ninja bashiri.<\/p>\n<p>Model are un cadran digital care afi\u0219eaz\u0103 data, ziua s\u0103pt\u0103m\u00e2nii, cronometrul, alarma \u0219i alte func\u021bii. Pentru o citire u\u0219oar\u0103 \u00een condi\u021bii de iluminare slab\u0103, ceasul este echipat cu un afi\u0219aj cu iluminare de fundal LED. Diametrul carcasei de 50 mm. Rezisten\u021ba la ap\u0103 a acestui model este de 200 m, astfel \u00eenc\u00e2t pute\u021bi \u00eenota cu ceasul f\u0103r\u0103 probleme.<\/p>\n<p>Casio G-Shock ofer\u0103 ceasul potrivit pentru to\u021bi cei care caut\u0103 o combina\u021bie \u00eentre un ceas sport robust, cu un design atractiv \u0219i un set bogat de func\u021bii.<\/p>","protected":false},"excerpt":{"rendered":"<p>Casio G-Shock Ninja Series este o edi\u021bie special\u0103 care v\u0103 va duce \u00een lumea artelor mar\u021biale japoneze. Combina\u021bia de caractere japoneze din cuv\u00e2ntul &#8222;ninja&#8221; \u00eenseamn\u0103 rezisten\u021b\u0103 ridicat\u0103 \u0219i aceea\u0219i rezisten\u021b\u0103 pe care G-Shock o \u00eentruchipeaz\u0103. Partea din spate prezint\u0103 simbolul steaua shuriken ninja, care se repet\u0103, de asemenea, \u0219i pe urechile \u0219i pe urechile curelei. [&hellip;]<\/p>\n","protected":false},"featured_media":52311,"comment_status":"closed","ping_status":"open","template":"","meta":{"_acf_changed":false},"product_brand":[],"product_cat":[27,20,419],"product_tag":[],"class_list":{"0":"post-52310","1":"product","2":"type-product","3":"status-publish","4":"has-post-thumbnail","6":"product_cat-casio","7":"product_cat-ceasuri-barbati","8":"product_cat-g-shock","9":"pa_brand-casio","10":"pa_brand-g-shock","11":"pa_braslet-plastic","12":"pa_corpus-50x53mm","13":"pa_forma-atipica","14":"pa_funcii-alarma","15":"pa_funcii-calendar","16":"pa_funcii-cronometru","17":"pa_funcii-iluminare","18":"pa_funcii-total-black","19":"pa_garatia-24-luni","20":"pa_korpus-negru","21":"pa_kvarc-quartz","22":"pa_material-plastic","23":"pa_mehanizm-electronic","24":"pa_remeshok-negru","25":"pa_steklo-cristal-mineral","26":"pa_strana-japonia","27":"pa_voda-20-atm","29":"first","30":"instock","31":"purchasable","32":"product-type-simple"},"acf":[],"_links":{"self":[{"href":"https:\/\/ceasuri.md\/ru\/wp-json\/wp\/v2\/product\/52310","targetHints":{"allow":["GET"]}}],"collection":[{"href":"https:\/\/ceasuri.md\/ru\/wp-json\/wp\/v2\/product"}],"about":[{"href":"https:\/\/ceasuri.md\/ru\/wp-json\/wp\/v2\/types\/product"}],"replies":[{"embeddable":true,"href":"https:\/\/ceasuri.md\/ru\/wp-json\/wp\/v2\/comments?post=52310"}],"wp:featuredmedia":[{"embeddable":true,"href":"https:\/\/ceasuri.md\/ru\/wp-json\/wp\/v2\/media\/52311"}],"wp:attachment":[{"href":"https:\/\/ceasuri.md\/ru\/wp-json\/wp\/v2\/media?parent=52310"}],"wp:term":[{"taxonomy":"product_brand","embeddable":true,"href":"https:\/\/ceasuri.md\/ru\/wp-json\/wp\/v2\/product_brand?post=52310"},{"taxonomy":"product_cat","embeddable":true,"href":"https:\/\/ceasuri.md\/ru\/wp-json\/wp\/v2\/product_cat?post=52310"},{"taxonomy":"product_tag","embeddable":true,"href":"https:\/\/ceasuri.md\/ru\/wp-json\/wp\/v2\/product_tag?post=52310"}],"curies":[{"name":"wp","href":"https:\/\/api.w.org\/{rel}","templated":true}]}}