{"id":52254,"date":"2026-04-02T23:48:40","date_gmt":"2026-04-02T20:48:40","guid":{"rendered":"http:\/\/new.ceasuri.md\/shop\/uncategorized\/fossil-brox-bq2803\/"},"modified":"2026-04-20T01:26:24","modified_gmt":"2026-04-19T22:26:24","slug":"fossil-brox-bq2803","status":"publish","type":"product","link":"https:\/\/ceasuri.md\/ru\/shop\/branduri\/fossil\/fossil-brox-bq2803\/","title":{"rendered":"\u0427\u0430\u0441\u044b FOSSIL BROX BQ2803"},"content":{"rendered":"<p>Un accesoriu practic &#8211; perfect pentru b\u0103rba\u021bii moderni. Ceas de m\u00e2n\u0103 pentru b\u0103rba\u021bi cu cuar\u021b.<\/p>\n<p>Cadran cu marcaje de curs\u0103 \u0219i cifre arabe. Func\u021biile de afi\u0219are a orei \u00een format 12 \u0219i 24, a datei \u0219i a zilei s\u0103pt\u0103m\u00e2nii sunt plasate pe cadrane mici. Br\u0103\u021bar\u0103 din o\u021bel.<\/p>","protected":false},"excerpt":{"rendered":"<p>Un accesoriu practic &#8211; perfect pentru b\u0103rba\u021bii moderni. Ceas de m\u00e2n\u0103 pentru b\u0103rba\u021bi cu cuar\u021b. Cadran cu marcaje de curs\u0103 \u0219i cifre arabe. Func\u021biile de afi\u0219are a orei \u00een format 12 \u0219i 24, a datei \u0219i a zilei s\u0103pt\u0103m\u00e2nii sunt plasate pe cadrane mici. Br\u0103\u021bar\u0103 din o\u021bel.<\/p>","protected":false},"featured_media":52255,"comment_status":"closed","ping_status":"open","template":"","meta":{"_acf_changed":false},"product_brand":[],"product_cat":[20,396],"product_tag":[],"class_list":{"0":"post-52254","1":"product","2":"type-product","3":"status-publish","4":"has-post-thumbnail","6":"product_cat-ceasuri-barbati","7":"product_cat-fossil","8":"pa_brand-fossil","9":"pa_braslet-otel-inoxidabil","10":"pa_corpus-50-mm","11":"pa_forma-rotund","12":"pa_funcii-data","13":"pa_funcii-ziua-saptamanii","14":"pa_garatia-24-luni","15":"pa_korpus-negru","16":"pa_kvarc-quartz","17":"pa_material-otel-inoxidabil","18":"pa_mehanizm-quartz","19":"pa_remeshok-negru","20":"pa_steklo-cristal-mineral","21":"pa_strana-sua","22":"pa_voda-5-atm","24":"first","25":"instock","26":"purchasable","27":"product-type-simple"},"acf":[],"_links":{"self":[{"href":"https:\/\/ceasuri.md\/ru\/wp-json\/wp\/v2\/product\/52254","targetHints":{"allow":["GET"]}}],"collection":[{"href":"https:\/\/ceasuri.md\/ru\/wp-json\/wp\/v2\/product"}],"about":[{"href":"https:\/\/ceasuri.md\/ru\/wp-json\/wp\/v2\/types\/product"}],"replies":[{"embeddable":true,"href":"https:\/\/ceasuri.md\/ru\/wp-json\/wp\/v2\/comments?post=52254"}],"wp:featuredmedia":[{"embeddable":true,"href":"https:\/\/ceasuri.md\/ru\/wp-json\/wp\/v2\/media\/52255"}],"wp:attachment":[{"href":"https:\/\/ceasuri.md\/ru\/wp-json\/wp\/v2\/media?parent=52254"}],"wp:term":[{"taxonomy":"product_brand","embeddable":true,"href":"https:\/\/ceasuri.md\/ru\/wp-json\/wp\/v2\/product_brand?post=52254"},{"taxonomy":"product_cat","embeddable":true,"href":"https:\/\/ceasuri.md\/ru\/wp-json\/wp\/v2\/product_cat?post=52254"},{"taxonomy":"product_tag","embeddable":true,"href":"https:\/\/ceasuri.md\/ru\/wp-json\/wp\/v2\/product_tag?post=52254"}],"curies":[{"name":"wp","href":"https:\/\/api.w.org\/{rel}","templated":true}]}}