{"id":52250,"date":"2026-04-02T23:48:40","date_gmt":"2026-04-02T20:48:40","guid":{"rendered":"http:\/\/new.ceasuri.md\/shop\/uncategorized\/fossil-brox-bq2799\/"},"modified":"2026-04-20T01:26:23","modified_gmt":"2026-04-19T22:26:23","slug":"fossil-brox-bq2799","status":"publish","type":"product","link":"https:\/\/ceasuri.md\/ru\/shop\/branduri\/fossil\/fossil-brox-bq2799\/","title":{"rendered":"\u0427\u0430\u0441\u044b FOSSIL BROX BQ2799"},"content":{"rendered":"<p>O alegere perfect\u0103 pentru orice iubitor de ceasuri, acest ceas analogic pentru b\u0103rba\u021bi de la FOSSIL \u00eembin\u0103 func\u021bionalitatea cu stilul modern.<\/p>\n<p>Cadranul rotund albastru este protejat de o sticl\u0103 mineral\u0103. Dispune de o coroan\u0103 pentru reglarea orei.<\/p>\n<p>Cureaua din piele natural\u0103 vine \u00eentr-o nuan\u021b\u0103 maro care ridic\u0103 \u0219i mai mult aspectul ceasului. \u00cen plus, este completat\u0103 cu o \u00eenchidere cu cataram\u0103 pentru a asigura o fixare sigur\u0103 pe \u00eencheietura m\u00e2inii.<\/p>","protected":false},"excerpt":{"rendered":"<p>O alegere perfect\u0103 pentru orice iubitor de ceasuri, acest ceas analogic pentru b\u0103rba\u021bi de la FOSSIL \u00eembin\u0103 func\u021bionalitatea cu stilul modern. Cadranul rotund albastru este protejat de o sticl\u0103 mineral\u0103. Dispune de o coroan\u0103 pentru reglarea orei. Cureaua din piele natural\u0103 vine \u00eentr-o nuan\u021b\u0103 maro care ridic\u0103 \u0219i mai mult aspectul ceasului. \u00cen plus, este [&hellip;]<\/p>\n","protected":false},"featured_media":52251,"comment_status":"closed","ping_status":"open","template":"","meta":{"_acf_changed":false},"product_brand":[],"product_cat":[20,396],"product_tag":[],"class_list":{"0":"post-52250","1":"product","2":"type-product","3":"status-publish","4":"has-post-thumbnail","6":"product_cat-ceasuri-barbati","7":"product_cat-fossil","8":"pa_brand-fossil","9":"pa_braslet-piele","10":"pa_corpus-50-mm","11":"pa_forma-rotund","12":"pa_funcii-data","13":"pa_funcii-ziua-saptamanii","14":"pa_garatia-24-luni","15":"pa_korpus-argintiu","16":"pa_kvarc-quartz","17":"pa_material-otel-inoxidabil","18":"pa_mehanizm-quartz","19":"pa_remeshok-maro","20":"pa_steklo-cristal-mineral","21":"pa_strana-sua","22":"pa_voda-5-atm","24":"first","25":"instock","26":"purchasable","27":"product-type-simple"},"acf":[],"_links":{"self":[{"href":"https:\/\/ceasuri.md\/ru\/wp-json\/wp\/v2\/product\/52250","targetHints":{"allow":["GET"]}}],"collection":[{"href":"https:\/\/ceasuri.md\/ru\/wp-json\/wp\/v2\/product"}],"about":[{"href":"https:\/\/ceasuri.md\/ru\/wp-json\/wp\/v2\/types\/product"}],"replies":[{"embeddable":true,"href":"https:\/\/ceasuri.md\/ru\/wp-json\/wp\/v2\/comments?post=52250"}],"wp:featuredmedia":[{"embeddable":true,"href":"https:\/\/ceasuri.md\/ru\/wp-json\/wp\/v2\/media\/52251"}],"wp:attachment":[{"href":"https:\/\/ceasuri.md\/ru\/wp-json\/wp\/v2\/media?parent=52250"}],"wp:term":[{"taxonomy":"product_brand","embeddable":true,"href":"https:\/\/ceasuri.md\/ru\/wp-json\/wp\/v2\/product_brand?post=52250"},{"taxonomy":"product_cat","embeddable":true,"href":"https:\/\/ceasuri.md\/ru\/wp-json\/wp\/v2\/product_cat?post=52250"},{"taxonomy":"product_tag","embeddable":true,"href":"https:\/\/ceasuri.md\/ru\/wp-json\/wp\/v2\/product_tag?post=52250"}],"curies":[{"name":"wp","href":"https:\/\/api.w.org\/{rel}","templated":true}]}}