{"id":52242,"date":"2026-04-02T23:48:40","date_gmt":"2026-04-02T20:48:40","guid":{"rendered":"http:\/\/new.ceasuri.md\/shop\/uncategorized\/fossil-easton-bq2792\/"},"modified":"2026-04-07T04:40:48","modified_gmt":"2026-04-07T01:40:48","slug":"fossil-easton-bq2792","status":"publish","type":"product","link":"https:\/\/ceasuri.md\/ru\/shop\/branduri\/fossil\/fossil-easton-bq2792\/","title":{"rendered":"Ceas FOSSIL EASTON BQ2792"},"content":{"rendered":"<p>\u00centoarce\u021bi capetele \u00een \u00eemprejurimile dvs cu acest ceas analogic pentru b\u0103rba\u021bi de la Fossil.<\/p>\n<p>\u00cencapsulat \u00eentr-o carcas\u0103 de 42 mm, cadranul negru de form\u0103 rotund\u0103 este acoperit cu sticl\u0103 mineral\u0103 \u0219i dispune de o func\u021bionalitate simpl\u0103 cu 3 m\u00e2ini pentru reglarea orei. Ceasul func\u021bioneaz\u0103 cu o mi\u0219care cu cuar\u021b.<\/p>\n<p>Cureaua din piele natural\u0103 vine \u00eentr-o nuan\u021b\u0103 maro care ridic\u0103 \u0219i mai mult aspectul ceasului. \u00cen plus, aceasta este rezistent\u0103 la ap\u0103 p\u00e2n\u0103 la 50 m \u0219i este completat\u0103 cu o cataram\u0103 pentru a asigura o fixare sigur\u0103 pe \u00eencheietura m\u00e2inii.<\/p>","protected":false},"excerpt":{"rendered":"<p>\u00centoarce\u021bi capetele \u00een \u00eemprejurimile dvs cu acest ceas analogic pentru b\u0103rba\u021bi de la Fossil. \u00cencapsulat \u00eentr-o carcas\u0103 de 42 mm, cadranul negru de form\u0103 rotund\u0103 este acoperit cu sticl\u0103 mineral\u0103 \u0219i dispune de o func\u021bionalitate simpl\u0103 cu 3 m\u00e2ini pentru reglarea orei. Ceasul func\u021bioneaz\u0103 cu o mi\u0219care cu cuar\u021b. Cureaua din piele natural\u0103 vine \u00eentr-o [&hellip;]<\/p>\n","protected":false},"featured_media":52243,"comment_status":"closed","ping_status":"open","template":"","meta":{"_acf_changed":false},"product_brand":[],"product_cat":[20,396],"product_tag":[],"class_list":{"0":"post-52242","1":"product","2":"type-product","3":"status-publish","4":"has-post-thumbnail","6":"product_cat-ceasuri-barbati","7":"product_cat-fossil","8":"pa_brand-fossil","9":"pa_braslet-piele","10":"pa_corpus-42-mm","11":"pa_forma-rotund","12":"pa_garatia-24-luni","13":"pa_korpus-gri","14":"pa_material-otel-inoxidabil","15":"pa_mehanizm-quartz","16":"pa_remeshok-maro","17":"pa_steklo-cristal-mineral","18":"pa_strana-sua","19":"pa_voda-5-atm","21":"first","22":"instock","23":"purchasable","24":"product-type-simple"},"acf":[],"_links":{"self":[{"href":"https:\/\/ceasuri.md\/ru\/wp-json\/wp\/v2\/product\/52242","targetHints":{"allow":["GET"]}}],"collection":[{"href":"https:\/\/ceasuri.md\/ru\/wp-json\/wp\/v2\/product"}],"about":[{"href":"https:\/\/ceasuri.md\/ru\/wp-json\/wp\/v2\/types\/product"}],"replies":[{"embeddable":true,"href":"https:\/\/ceasuri.md\/ru\/wp-json\/wp\/v2\/comments?post=52242"}],"wp:featuredmedia":[{"embeddable":true,"href":"https:\/\/ceasuri.md\/ru\/wp-json\/wp\/v2\/media\/52243"}],"wp:attachment":[{"href":"https:\/\/ceasuri.md\/ru\/wp-json\/wp\/v2\/media?parent=52242"}],"wp:term":[{"taxonomy":"product_brand","embeddable":true,"href":"https:\/\/ceasuri.md\/ru\/wp-json\/wp\/v2\/product_brand?post=52242"},{"taxonomy":"product_cat","embeddable":true,"href":"https:\/\/ceasuri.md\/ru\/wp-json\/wp\/v2\/product_cat?post=52242"},{"taxonomy":"product_tag","embeddable":true,"href":"https:\/\/ceasuri.md\/ru\/wp-json\/wp\/v2\/product_tag?post=52242"}],"curies":[{"name":"wp","href":"https:\/\/api.w.org\/{rel}","templated":true}]}}