{"id":52230,"date":"2026-04-02T23:48:40","date_gmt":"2026-04-02T20:48:40","guid":{"rendered":"http:\/\/new.ceasuri.md\/shop\/uncategorized\/diesel-griffed-dz4656\/"},"modified":"2026-04-17T14:32:58","modified_gmt":"2026-04-17T11:32:58","slug":"diesel-griffed-dz4656","status":"publish","type":"product","link":"https:\/\/ceasuri.md\/ru\/shop\/branduri\/diesel\/diesel-griffed-dz4656\/","title":{"rendered":"Ceas DIESEL GRIFFED DZ4656"},"content":{"rendered":"<p>\u00cendr\u0103znea\u021b\u0103, ironic\u0103 \u0219i niciodat\u0103 timid\u0103, Diesel nu urmeaz\u0103 tendin\u021bele, ci le creeaz\u0103. Cu un aspect distinctiv \u0219i o voce unic\u0103, Diesel face ca stilul s\u0103 avanseze \u00een mod constant.<\/p>\n<p>Ceasul pentru b\u0103rba\u021bi Diesel Griffed Chronograph \u00ee\u0219i datoreaz\u0103 performan\u021ba unei mi\u0219c\u0103ri cu cuar\u021b. Acest model elegant este alc\u0103tuit dintr-un plic din o\u021bel, un cadran albastru protejat de sticl\u0103 mineral\u0103 \u0219i o curea din piele maro.<\/p>\n<p>Data, cronograf, precum \u0219i m\u00e2ini \u0219i indici acoperi\u021bi cu un strat de acoperire fosforescent alc\u0103tuiesc func\u021bionalitatea produsului. Ceasul este rezistent la stropiri majore.<\/p>","protected":false},"excerpt":{"rendered":"<p>\u00cendr\u0103znea\u021b\u0103, ironic\u0103 \u0219i niciodat\u0103 timid\u0103, Diesel nu urmeaz\u0103 tendin\u021bele, ci le creeaz\u0103. Cu un aspect distinctiv \u0219i o voce unic\u0103, Diesel face ca stilul s\u0103 avanseze \u00een mod constant. Ceasul pentru b\u0103rba\u021bi Diesel Griffed Chronograph \u00ee\u0219i datoreaz\u0103 performan\u021ba unei mi\u0219c\u0103ri cu cuar\u021b. Acest model elegant este alc\u0103tuit dintr-un plic din o\u021bel, un cadran albastru protejat [&hellip;]<\/p>\n","protected":false},"featured_media":52231,"comment_status":"closed","ping_status":"open","template":"","meta":{"_acf_changed":false},"product_brand":[],"product_cat":[20,580],"product_tag":[],"class_list":{"0":"post-52230","1":"product","2":"type-product","3":"status-publish","4":"has-post-thumbnail","6":"product_cat-ceasuri-barbati","7":"product_cat-diesel","8":"pa_brand-diesel","9":"pa_braslet-piele","10":"pa_corpus-48-mm","11":"pa_forma-rotund","12":"pa_funcii-cronograf","13":"pa_funcii-data","14":"pa_garatia-24-luni","15":"pa_korpus-argintiu","16":"pa_korpus-negru","17":"pa_kvarc-quartz","18":"pa_material-otel-inoxidabil","19":"pa_mehanizm-quartz","20":"pa_remeshok-maro","21":"pa_steklo-cristal-mineral","22":"pa_strana-italia","23":"pa_voda-5-atm","25":"first","26":"instock","27":"purchasable","28":"product-type-simple"},"acf":[],"_links":{"self":[{"href":"https:\/\/ceasuri.md\/ru\/wp-json\/wp\/v2\/product\/52230","targetHints":{"allow":["GET"]}}],"collection":[{"href":"https:\/\/ceasuri.md\/ru\/wp-json\/wp\/v2\/product"}],"about":[{"href":"https:\/\/ceasuri.md\/ru\/wp-json\/wp\/v2\/types\/product"}],"replies":[{"embeddable":true,"href":"https:\/\/ceasuri.md\/ru\/wp-json\/wp\/v2\/comments?post=52230"}],"wp:featuredmedia":[{"embeddable":true,"href":"https:\/\/ceasuri.md\/ru\/wp-json\/wp\/v2\/media\/52231"}],"wp:attachment":[{"href":"https:\/\/ceasuri.md\/ru\/wp-json\/wp\/v2\/media?parent=52230"}],"wp:term":[{"taxonomy":"product_brand","embeddable":true,"href":"https:\/\/ceasuri.md\/ru\/wp-json\/wp\/v2\/product_brand?post=52230"},{"taxonomy":"product_cat","embeddable":true,"href":"https:\/\/ceasuri.md\/ru\/wp-json\/wp\/v2\/product_cat?post=52230"},{"taxonomy":"product_tag","embeddable":true,"href":"https:\/\/ceasuri.md\/ru\/wp-json\/wp\/v2\/product_tag?post=52230"}],"curies":[{"name":"wp","href":"https:\/\/api.w.org\/{rel}","templated":true}]}}