{"id":52226,"date":"2026-04-02T23:48:40","date_gmt":"2026-04-02T20:48:40","guid":{"rendered":"http:\/\/new.ceasuri.md\/shop\/uncategorized\/diesel-spiked-dz4655\/"},"modified":"2026-04-20T01:26:18","modified_gmt":"2026-04-19T22:26:18","slug":"diesel-spiked-dz4655","status":"publish","type":"product","link":"https:\/\/ceasuri.md\/ru\/shop\/branduri\/diesel\/diesel-spiked-dz4655\/","title":{"rendered":"Ceas DIESEL SPIKED DZ4655"},"content":{"rendered":"<p>\u00cendr\u0103znea\u021b\u0103, ironic\u0103 \u0219i niciodat\u0103 timid\u0103, Diesel nu urmeaz\u0103 tendin\u021bele, ci le creeaz\u0103. Cu un aspect distinctiv \u0219i o voce unic\u0103, Diesel face ca stilul s\u0103 avanseze \u00een mod constant.<\/p>\n<p>Spiked Chronograph este un ceas cu cuar\u021b pentru b\u0103rba\u021bi cu o schem\u0103 de culori argintiu-albastru. Are un plic \u0219i o br\u0103\u021bar\u0103 din o\u021bel inoxidabil \u0219i un cadran lustruit, care este protejat de sticl\u0103 mineral\u0103.<\/p>\n<p>Data, cronograful \u0219i acoperirea luminescent\u0103 alc\u0103tuiesc func\u021bionalitatea modelului. Rezisten\u021ba la ap\u0103 num\u0103r\u0103 5 ATM.<\/p>","protected":false},"excerpt":{"rendered":"<p>\u00cendr\u0103znea\u021b\u0103, ironic\u0103 \u0219i niciodat\u0103 timid\u0103, Diesel nu urmeaz\u0103 tendin\u021bele, ci le creeaz\u0103. Cu un aspect distinctiv \u0219i o voce unic\u0103, Diesel face ca stilul s\u0103 avanseze \u00een mod constant. Spiked Chronograph este un ceas cu cuar\u021b pentru b\u0103rba\u021bi cu o schem\u0103 de culori argintiu-albastru. Are un plic \u0219i o br\u0103\u021bar\u0103 din o\u021bel inoxidabil \u0219i un [&hellip;]<\/p>\n","protected":false},"featured_media":52227,"comment_status":"closed","ping_status":"open","template":"","meta":{"_acf_changed":false},"product_brand":[],"product_cat":[20,580],"product_tag":[],"class_list":{"0":"post-52226","1":"product","2":"type-product","3":"status-publish","4":"has-post-thumbnail","6":"product_cat-ceasuri-barbati","7":"product_cat-diesel","8":"pa_brand-diesel","9":"pa_braslet-otel-inoxidabil","10":"pa_corpus-49-mm","11":"pa_forma-rotund","12":"pa_funcii-cronograf","13":"pa_funcii-data","14":"pa_garatia-24-luni","15":"pa_korpus-argintiu","16":"pa_kvarc-quartz","17":"pa_material-otel-inoxidabil","18":"pa_mehanizm-quartz","19":"pa_remeshok-argintiu","20":"pa_steklo-cristal-mineral","21":"pa_strana-italia","22":"pa_voda-5-atm","24":"first","25":"instock","26":"purchasable","27":"product-type-simple"},"acf":[],"_links":{"self":[{"href":"https:\/\/ceasuri.md\/ru\/wp-json\/wp\/v2\/product\/52226","targetHints":{"allow":["GET"]}}],"collection":[{"href":"https:\/\/ceasuri.md\/ru\/wp-json\/wp\/v2\/product"}],"about":[{"href":"https:\/\/ceasuri.md\/ru\/wp-json\/wp\/v2\/types\/product"}],"replies":[{"embeddable":true,"href":"https:\/\/ceasuri.md\/ru\/wp-json\/wp\/v2\/comments?post=52226"}],"wp:featuredmedia":[{"embeddable":true,"href":"https:\/\/ceasuri.md\/ru\/wp-json\/wp\/v2\/media\/52227"}],"wp:attachment":[{"href":"https:\/\/ceasuri.md\/ru\/wp-json\/wp\/v2\/media?parent=52226"}],"wp:term":[{"taxonomy":"product_brand","embeddable":true,"href":"https:\/\/ceasuri.md\/ru\/wp-json\/wp\/v2\/product_brand?post=52226"},{"taxonomy":"product_cat","embeddable":true,"href":"https:\/\/ceasuri.md\/ru\/wp-json\/wp\/v2\/product_cat?post=52226"},{"taxonomy":"product_tag","embeddable":true,"href":"https:\/\/ceasuri.md\/ru\/wp-json\/wp\/v2\/product_tag?post=52226"}],"curies":[{"name":"wp","href":"https:\/\/api.w.org\/{rel}","templated":true}]}}