{"id":52194,"date":"2026-04-02T23:48:40","date_gmt":"2026-04-02T20:48:40","guid":{"rendered":"http:\/\/new.ceasuri.md\/shop\/uncategorized\/diesel-split-dz4630\/"},"modified":"2026-04-17T14:32:50","modified_gmt":"2026-04-17T11:32:50","slug":"diesel-split-dz4630","status":"publish","type":"product","link":"https:\/\/ceasuri.md\/ru\/shop\/branduri\/diesel\/diesel-split-dz4630\/","title":{"rendered":"Ceas DIESEL SPLIT DZ4630"},"content":{"rendered":"<p>\u00cendr\u0103znea\u021b\u0103, ironic\u0103 \u0219i niciodat\u0103 timid\u0103, Diesel nu urmeaz\u0103 tendin\u021bele, ci le creeaz\u0103. Cu un aspect distinctiv \u0219i o voce unic\u0103, Diesel face ca stilul s\u0103 avanseze \u00een mod constant.<\/p>\n<p>Colec\u021bia Split prezint\u0103 detalii inspirate de clemele de construc\u021bie folosite pentru a \u021bine laolalt\u0103 materiale grele &#8211; sau, \u00een acest caz, o carcas\u0103 de ceas cu un design de cronograf robust. Robuste\u021bea este compensat\u0103 de materiale \u0219i finisaje premium.<\/p>\n<p>Carcas\u0103 rotund\u0103 din o\u021bel inoxidabil cu cadran gri.<\/p>\n<p>Br\u0103\u021bar\u0103 din o\u021bel inoxidabil cu lan\u021b \u00eencrustat (verigile pot fi \u00eendep\u0103rtate pentru o potrivire personalizat\u0103).<\/p>","protected":false},"excerpt":{"rendered":"<p>\u00cendr\u0103znea\u021b\u0103, ironic\u0103 \u0219i niciodat\u0103 timid\u0103, Diesel nu urmeaz\u0103 tendin\u021bele, ci le creeaz\u0103. Cu un aspect distinctiv \u0219i o voce unic\u0103, Diesel face ca stilul s\u0103 avanseze \u00een mod constant. Colec\u021bia Split prezint\u0103 detalii inspirate de clemele de construc\u021bie folosite pentru a \u021bine laolalt\u0103 materiale grele &#8211; sau, \u00een acest caz, o carcas\u0103 de ceas cu [&hellip;]<\/p>\n","protected":false},"featured_media":52195,"comment_status":"closed","ping_status":"open","template":"","meta":{"_acf_changed":false},"product_brand":[],"product_cat":[20,580],"product_tag":[],"class_list":{"0":"post-52194","1":"product","2":"type-product","3":"status-publish","4":"has-post-thumbnail","6":"product_cat-ceasuri-barbati","7":"product_cat-diesel","8":"pa_brand-diesel","9":"pa_braslet-otel-inoxidabil","10":"pa_corpus-51-mm","11":"pa_forma-rotund","12":"pa_funcii-cronograf","13":"pa_garatia-24-luni","14":"pa_korpus-gri","15":"pa_kvarc-quartz","16":"pa_material-otel-inoxidabil","17":"pa_mehanizm-quartz","18":"pa_remeshok-argintiu","19":"pa_remeshok-gri","20":"pa_steklo-cristal-mineral","21":"pa_strana-italia","22":"pa_voda-5-atm","24":"first","25":"instock","26":"purchasable","27":"product-type-simple"},"acf":[],"_links":{"self":[{"href":"https:\/\/ceasuri.md\/ru\/wp-json\/wp\/v2\/product\/52194","targetHints":{"allow":["GET"]}}],"collection":[{"href":"https:\/\/ceasuri.md\/ru\/wp-json\/wp\/v2\/product"}],"about":[{"href":"https:\/\/ceasuri.md\/ru\/wp-json\/wp\/v2\/types\/product"}],"replies":[{"embeddable":true,"href":"https:\/\/ceasuri.md\/ru\/wp-json\/wp\/v2\/comments?post=52194"}],"wp:featuredmedia":[{"embeddable":true,"href":"https:\/\/ceasuri.md\/ru\/wp-json\/wp\/v2\/media\/52195"}],"wp:attachment":[{"href":"https:\/\/ceasuri.md\/ru\/wp-json\/wp\/v2\/media?parent=52194"}],"wp:term":[{"taxonomy":"product_brand","embeddable":true,"href":"https:\/\/ceasuri.md\/ru\/wp-json\/wp\/v2\/product_brand?post=52194"},{"taxonomy":"product_cat","embeddable":true,"href":"https:\/\/ceasuri.md\/ru\/wp-json\/wp\/v2\/product_cat?post=52194"},{"taxonomy":"product_tag","embeddable":true,"href":"https:\/\/ceasuri.md\/ru\/wp-json\/wp\/v2\/product_tag?post=52194"}],"curies":[{"name":"wp","href":"https:\/\/api.w.org\/{rel}","templated":true}]}}