{"id":52182,"date":"2026-04-02T23:48:40","date_gmt":"2026-04-02T20:48:40","guid":{"rendered":"http:\/\/new.ceasuri.md\/shop\/uncategorized\/diesel-vert-dz2193\/"},"modified":"2026-04-16T21:24:15","modified_gmt":"2026-04-16T18:24:15","slug":"diesel-vert-dz2193","status":"publish","type":"product","link":"https:\/\/ceasuri.md\/ru\/shop\/branduri\/diesel\/diesel-vert-dz2193\/","title":{"rendered":"Ceas DIESEL DZ2193"},"content":{"rendered":"<p>Diesel este un brand italian iconic de mod\u0103 al c\u0103rui stil modern \u0219i inovator din industria vestimentar\u0103 se reflect\u0103 \u0219i \u00een colec\u021bia de ceasuri.<\/p>\n<p>Diesel \u00ee\u0219i produce ceasurile \u00een colaborare cu gigantul american Fossil, astfel \u00eenc\u00e2t pute\u021bi fi siguri c\u0103 at\u00e2t calitatea, c\u00e2t \u0219i designul merg m\u00e2n\u0103 \u00een m\u00e2n\u0103 atunci c\u00e2nd cump\u0103ra\u021bi un ceas Diesel.<\/p>\n<p>Exist\u0103 o diferen\u021b\u0103 semnificativ\u0103 \u00eentre diversele modele, dar dac\u0103 sunte\u021bi un b\u0103rbat care dore\u0219te s\u0103 ias\u0103 \u00een eviden\u021b\u0103 din mul\u021bime, av\u00e2nd \u00een acela\u0219i timp un ceas de o calitate excep\u021bional\u0103, atunci Diesel este cu siguran\u021b\u0103 marca potrivit\u0103 pentru dumneavoastr\u0103.<\/p>","protected":false},"excerpt":{"rendered":"<p>Diesel este un brand italian iconic de mod\u0103 al c\u0103rui stil modern \u0219i inovator din industria vestimentar\u0103 se reflect\u0103 \u0219i \u00een colec\u021bia de ceasuri. Diesel \u00ee\u0219i produce ceasurile \u00een colaborare cu gigantul american Fossil, astfel \u00eenc\u00e2t pute\u021bi fi siguri c\u0103 at\u00e2t calitatea, c\u00e2t \u0219i designul merg m\u00e2n\u0103 \u00een m\u00e2n\u0103 atunci c\u00e2nd cump\u0103ra\u021bi un ceas Diesel. [&hellip;]<\/p>\n","protected":false},"featured_media":52183,"comment_status":"closed","ping_status":"open","template":"","meta":{"_acf_changed":false},"product_brand":[],"product_cat":[20,580],"product_tag":[],"class_list":{"0":"post-52182","1":"product","2":"type-product","3":"status-publish","4":"has-post-thumbnail","6":"product_cat-ceasuri-barbati","7":"product_cat-diesel","8":"pa_brand-diesel","9":"pa_braslet-piele","10":"pa_corpus-44-mm","11":"pa_forma-rotund","12":"pa_funcii-data","13":"pa_funcii-total-black","14":"pa_garatia-24-luni","15":"pa_korpus-negru","16":"pa_kvarc-quartz","17":"pa_material-otel-inoxidabil","18":"pa_mehanizm-quartz","19":"pa_remeshok-negru","20":"pa_steklo-cristal-mineral","21":"pa_strana-italia","22":"pa_voda-5-atm","24":"first","25":"instock","26":"purchasable","27":"product-type-simple"},"acf":[],"_links":{"self":[{"href":"https:\/\/ceasuri.md\/ru\/wp-json\/wp\/v2\/product\/52182","targetHints":{"allow":["GET"]}}],"collection":[{"href":"https:\/\/ceasuri.md\/ru\/wp-json\/wp\/v2\/product"}],"about":[{"href":"https:\/\/ceasuri.md\/ru\/wp-json\/wp\/v2\/types\/product"}],"replies":[{"embeddable":true,"href":"https:\/\/ceasuri.md\/ru\/wp-json\/wp\/v2\/comments?post=52182"}],"wp:featuredmedia":[{"embeddable":true,"href":"https:\/\/ceasuri.md\/ru\/wp-json\/wp\/v2\/media\/52183"}],"wp:attachment":[{"href":"https:\/\/ceasuri.md\/ru\/wp-json\/wp\/v2\/media?parent=52182"}],"wp:term":[{"taxonomy":"product_brand","embeddable":true,"href":"https:\/\/ceasuri.md\/ru\/wp-json\/wp\/v2\/product_brand?post=52182"},{"taxonomy":"product_cat","embeddable":true,"href":"https:\/\/ceasuri.md\/ru\/wp-json\/wp\/v2\/product_cat?post=52182"},{"taxonomy":"product_tag","embeddable":true,"href":"https:\/\/ceasuri.md\/ru\/wp-json\/wp\/v2\/product_tag?post=52182"}],"curies":[{"name":"wp","href":"https:\/\/api.w.org\/{rel}","templated":true}]}}