{"id":52153,"date":"2026-04-02T23:48:02","date_gmt":"2026-04-02T20:48:02","guid":{"rendered":"http:\/\/new.ceasuri.md\/shop\/uncategorized\/casio-collection-ws-1700h-5avef\/"},"modified":"2026-04-20T01:28:11","modified_gmt":"2026-04-19T22:28:11","slug":"casio-collection-ws-1700h-5avef","status":"publish","type":"product","link":"https:\/\/ceasuri.md\/ru\/shop\/branduri\/casio\/casio-collection-ws-1700h-5avef\/","title":{"rendered":"Ceas CASIO COLLECTION WS-1700H-5AVEF"},"content":{"rendered":"<p>Iubitorii de oceane s\u0103 ia aminte. Ceasuri digitale cu carcas\u0103 mare \u0219i func\u021bii practice pe care le vor \u00eendr\u0103gi to\u021bi cei pasiona\u021bi de sporturi marine.<\/p>\n<p>Designul robust, cu forma robust\u0103 a carcasei \u0219i cadranul cu mai multe ferestre, evoc\u0103 aspectul angrenajelor mecanice. Av\u00e2nd un ecran LCD inspirat de un aspect cool-gadget, aceste ceasuri ofer\u0103 informa\u021biile de care ave\u021bi nevoie \u00eentr-un mod clar vizibil \u0219i u\u0219or de citit.<\/p>\n<p>La fel de func\u021bionale ca \u0219i stilul, graficul mareelor, datele despre lun\u0103 \u0219i rezisten\u021ba la ap\u0103 de p\u00e2n\u0103 la 100 de metri ofer\u0103 ceea ce ai nevoie \u00een zilele cele mai active.<\/p>","protected":false},"excerpt":{"rendered":"<p>Iubitorii de oceane s\u0103 ia aminte. Ceasuri digitale cu carcas\u0103 mare \u0219i func\u021bii practice pe care le vor \u00eendr\u0103gi to\u021bi cei pasiona\u021bi de sporturi marine. Designul robust, cu forma robust\u0103 a carcasei \u0219i cadranul cu mai multe ferestre, evoc\u0103 aspectul angrenajelor mecanice. Av\u00e2nd un ecran LCD inspirat de un aspect cool-gadget, aceste ceasuri ofer\u0103 informa\u021biile [&hellip;]<\/p>\n","protected":false},"featured_media":52154,"comment_status":"closed","ping_status":"open","template":"","meta":{"_acf_changed":false},"product_brand":[],"product_cat":[27,20],"product_tag":[],"class_list":{"0":"post-52153","1":"product","2":"type-product","3":"status-publish","4":"has-post-thumbnail","6":"product_cat-casio","7":"product_cat-ceasuri-barbati","8":"pa_brand-casio","9":"pa_braslet-plastic","10":"pa_corpus-49x53mm","11":"pa_forma-octogonala","12":"pa_funcii-alarma","13":"pa_funcii-calendar","14":"pa_funcii-cronometru","15":"pa_funcii-dual-time","16":"pa_funcii-fazele-lunii","17":"pa_funcii-iluminare","18":"pa_garatia-24-luni","19":"pa_korpus-verde","20":"pa_kvarc-quartz","21":"pa_material-plastic","22":"pa_mehanizm-electronic","23":"pa_remeshok-verde","24":"pa_steklo-plastic","25":"pa_strana-japonia","26":"pa_voda-10-atm","28":"first","29":"outofstock","30":"purchasable","31":"product-type-simple"},"acf":[],"_links":{"self":[{"href":"https:\/\/ceasuri.md\/ru\/wp-json\/wp\/v2\/product\/52153","targetHints":{"allow":["GET"]}}],"collection":[{"href":"https:\/\/ceasuri.md\/ru\/wp-json\/wp\/v2\/product"}],"about":[{"href":"https:\/\/ceasuri.md\/ru\/wp-json\/wp\/v2\/types\/product"}],"replies":[{"embeddable":true,"href":"https:\/\/ceasuri.md\/ru\/wp-json\/wp\/v2\/comments?post=52153"}],"wp:featuredmedia":[{"embeddable":true,"href":"https:\/\/ceasuri.md\/ru\/wp-json\/wp\/v2\/media\/52154"}],"wp:attachment":[{"href":"https:\/\/ceasuri.md\/ru\/wp-json\/wp\/v2\/media?parent=52153"}],"wp:term":[{"taxonomy":"product_brand","embeddable":true,"href":"https:\/\/ceasuri.md\/ru\/wp-json\/wp\/v2\/product_brand?post=52153"},{"taxonomy":"product_cat","embeddable":true,"href":"https:\/\/ceasuri.md\/ru\/wp-json\/wp\/v2\/product_cat?post=52153"},{"taxonomy":"product_tag","embeddable":true,"href":"https:\/\/ceasuri.md\/ru\/wp-json\/wp\/v2\/product_tag?post=52153"}],"curies":[{"name":"wp","href":"https:\/\/api.w.org\/{rel}","templated":true}]}}