{"id":52150,"date":"2026-04-02T23:48:02","date_gmt":"2026-04-02T20:48:02","guid":{"rendered":"http:\/\/new.ceasuri.md\/shop\/uncategorized\/casio-collection-w-219hb-3avef\/"},"modified":"2026-04-07T04:40:31","modified_gmt":"2026-04-07T01:40:31","slug":"casio-collection-w-219hb-3avef","status":"publish","type":"product","link":"https:\/\/ceasuri.md\/ru\/shop\/branduri\/casio\/casio-collection-w-219hb-3avef\/","title":{"rendered":"Ceas CASIO COLLECTION W-219HB-3AVEF"},"content":{"rendered":"<p>Ie\u0219i\u021bi \u00een aer liber \u0219i explora\u021bi lumea din jurul dvs. cu acest ceas digital multifunc\u021bional.<\/p>\n<p>Ceasul are o curea cu velcro \u0219i vine \u00eentr-o schem\u0103 de culori p\u0103m\u00e2ntii care completeaz\u0103 perfect moda outdoor.<\/p>\n<p>Rezistent la ap\u0103 p\u00e2n\u0103 la 50 de metri, retroiluminare cu LED, format de timp de 12 \u0219i 24 de ore, cronometru cu precizie de 1\/100s \u0219i timp de m\u0103surare de 1h.<\/p>\n<p>Un accesoriu grozav de zi cu zi care v\u0103 va \u00eenc\u00e2nta cu caracterul s\u0103u practic \u0219i precizia sa.<\/p>","protected":false},"excerpt":{"rendered":"<p>Ie\u0219i\u021bi \u00een aer liber \u0219i explora\u021bi lumea din jurul dvs. cu acest ceas digital multifunc\u021bional. Ceasul are o curea cu velcro \u0219i vine \u00eentr-o schem\u0103 de culori p\u0103m\u00e2ntii care completeaz\u0103 perfect moda outdoor. Rezistent la ap\u0103 p\u00e2n\u0103 la 50 de metri, retroiluminare cu LED, format de timp de 12 \u0219i 24 de ore, cronometru cu [&hellip;]<\/p>\n","protected":false},"featured_media":52151,"comment_status":"closed","ping_status":"open","template":"","meta":{"_acf_changed":false},"product_brand":[],"product_cat":[27,20],"product_tag":[],"class_list":{"0":"post-52150","1":"product","2":"type-product","3":"status-publish","4":"has-post-thumbnail","6":"product_cat-casio","7":"product_cat-ceasuri-barbati","8":"pa_brand-casio","9":"pa_braslet-piele-textile","10":"pa_corpus-47-mm","11":"pa_forma-atipica","12":"pa_funcii-alarma","13":"pa_funcii-calendar","14":"pa_funcii-cronometru","15":"pa_funcii-iluminare","16":"pa_garatia-24-luni","17":"pa_korpus-negru","18":"pa_material-plastic","19":"pa_mehanizm-electronic","20":"pa_remeshok-negru","21":"pa_remeshok-verde","22":"pa_steklo-plastic","23":"pa_strana-japonia","24":"pa_voda-5-atm","26":"first","27":"instock","28":"purchasable","29":"product-type-simple"},"acf":[],"_links":{"self":[{"href":"https:\/\/ceasuri.md\/ru\/wp-json\/wp\/v2\/product\/52150","targetHints":{"allow":["GET"]}}],"collection":[{"href":"https:\/\/ceasuri.md\/ru\/wp-json\/wp\/v2\/product"}],"about":[{"href":"https:\/\/ceasuri.md\/ru\/wp-json\/wp\/v2\/types\/product"}],"replies":[{"embeddable":true,"href":"https:\/\/ceasuri.md\/ru\/wp-json\/wp\/v2\/comments?post=52150"}],"wp:featuredmedia":[{"embeddable":true,"href":"https:\/\/ceasuri.md\/ru\/wp-json\/wp\/v2\/media\/52151"}],"wp:attachment":[{"href":"https:\/\/ceasuri.md\/ru\/wp-json\/wp\/v2\/media?parent=52150"}],"wp:term":[{"taxonomy":"product_brand","embeddable":true,"href":"https:\/\/ceasuri.md\/ru\/wp-json\/wp\/v2\/product_brand?post=52150"},{"taxonomy":"product_cat","embeddable":true,"href":"https:\/\/ceasuri.md\/ru\/wp-json\/wp\/v2\/product_cat?post=52150"},{"taxonomy":"product_tag","embeddable":true,"href":"https:\/\/ceasuri.md\/ru\/wp-json\/wp\/v2\/product_tag?post=52150"}],"curies":[{"name":"wp","href":"https:\/\/api.w.org\/{rel}","templated":true}]}}