{"id":52137,"date":"2026-04-02T23:48:02","date_gmt":"2026-04-02T20:48:02","guid":{"rendered":"http:\/\/new.ceasuri.md\/shop\/uncategorized\/casio-collection-mtp-1302pd-6avef\/"},"modified":"2026-04-07T04:40:29","modified_gmt":"2026-04-07T01:40:29","slug":"casio-collection-mtp-1302pd-6avef","status":"publish","type":"product","link":"https:\/\/ceasuri.md\/ru\/shop\/branduri\/casio\/casio-collection-mtp-1302pd-6avef\/","title":{"rendered":"Ceas CASIO COLLECTION MTP-1302PD-6AVEF"},"content":{"rendered":"<p>Acest ceas simplu \u0219i atemporal are un cadran purpuriu, completat cu m\u00e2ini \u0219i indicatoare luminoase pentru o citire u\u0219oar\u0103 \u00een condi\u021bii de iluminare slab\u0103.<\/p>\n<p>Cu o carcas\u0103 \u0219i o curea din o\u021bel inoxidabil, acestea sunt at\u00e2t sofisticate, c\u00e2t \u0219i durabile. Datorit\u0103 mi\u0219c\u0103rii fiabile cu cuar\u021b, acestea garanteaz\u0103 o cronometrare precis\u0103, astfel \u00eenc\u00e2t s\u0103 pute\u021bi r\u0103m\u00e2ne punctual oriunde a\u021bi merge.<\/p>\n<p>Afi\u0219ajul datei, situat \u00een pozi\u021bia de la ora 3, adaug\u0103 practicitate acestui ceas deja impresionant, asigur\u00e2ndu-v\u0103 c\u0103 nu ve\u021bi rata niciodat\u0103 o \u00eent\u00e2lnire important\u0103.<\/p>\n<p>Fie c\u0103 merge\u021bi la birou, participa\u021bi la un eveniment formal sau v\u0103 bucura\u021bi de activit\u0103\u021bi \u00een aer liber, acest ceas este conceput pentru a v\u0103 \u00eenso\u021bi \u00een orice ocazie.<\/p>","protected":false},"excerpt":{"rendered":"<p>Acest ceas simplu \u0219i atemporal are un cadran purpuriu, completat cu m\u00e2ini \u0219i indicatoare luminoase pentru o citire u\u0219oar\u0103 \u00een condi\u021bii de iluminare slab\u0103. Cu o carcas\u0103 \u0219i o curea din o\u021bel inoxidabil, acestea sunt at\u00e2t sofisticate, c\u00e2t \u0219i durabile. Datorit\u0103 mi\u0219c\u0103rii fiabile cu cuar\u021b, acestea garanteaz\u0103 o cronometrare precis\u0103, astfel \u00eenc\u00e2t s\u0103 pute\u021bi r\u0103m\u00e2ne [&hellip;]<\/p>\n","protected":false},"featured_media":52138,"comment_status":"closed","ping_status":"open","template":"","meta":{"_acf_changed":false},"product_brand":[],"product_cat":[27,20],"product_tag":[],"class_list":{"0":"post-52137","1":"product","2":"type-product","3":"status-publish","4":"has-post-thumbnail","6":"product_cat-casio","7":"product_cat-ceasuri-barbati","8":"pa_brand-casio","9":"pa_braslet-otel-inoxidabil","10":"pa_corpus-39-mm","11":"pa_forma-rotund","12":"pa_funcii-data","13":"pa_garatia-24-luni","14":"pa_korpus-argintiu","15":"pa_material-alama","16":"pa_mehanizm-quartz","17":"pa_remeshok-argintiu","18":"pa_steklo-cristal-mineral","19":"pa_strana-japonia","20":"pa_voda-5-atm","22":"first","23":"instock","24":"purchasable","25":"product-type-simple"},"acf":[],"_links":{"self":[{"href":"https:\/\/ceasuri.md\/ru\/wp-json\/wp\/v2\/product\/52137","targetHints":{"allow":["GET"]}}],"collection":[{"href":"https:\/\/ceasuri.md\/ru\/wp-json\/wp\/v2\/product"}],"about":[{"href":"https:\/\/ceasuri.md\/ru\/wp-json\/wp\/v2\/types\/product"}],"replies":[{"embeddable":true,"href":"https:\/\/ceasuri.md\/ru\/wp-json\/wp\/v2\/comments?post=52137"}],"wp:featuredmedia":[{"embeddable":true,"href":"https:\/\/ceasuri.md\/ru\/wp-json\/wp\/v2\/media\/52138"}],"wp:attachment":[{"href":"https:\/\/ceasuri.md\/ru\/wp-json\/wp\/v2\/media?parent=52137"}],"wp:term":[{"taxonomy":"product_brand","embeddable":true,"href":"https:\/\/ceasuri.md\/ru\/wp-json\/wp\/v2\/product_brand?post=52137"},{"taxonomy":"product_cat","embeddable":true,"href":"https:\/\/ceasuri.md\/ru\/wp-json\/wp\/v2\/product_cat?post=52137"},{"taxonomy":"product_tag","embeddable":true,"href":"https:\/\/ceasuri.md\/ru\/wp-json\/wp\/v2\/product_tag?post=52137"}],"curies":[{"name":"wp","href":"https:\/\/api.w.org\/{rel}","templated":true}]}}