{"id":52131,"date":"2026-04-02T23:48:02","date_gmt":"2026-04-02T20:48:02","guid":{"rendered":"http:\/\/new.ceasuri.md\/shop\/uncategorized\/casio-collection-lw-205h-8aef\/"},"modified":"2026-04-07T04:40:27","modified_gmt":"2026-04-07T01:40:27","slug":"casio-collection-lw-205h-8aef","status":"publish","type":"product","link":"https:\/\/ceasuri.md\/ru\/shop\/branduri\/casio\/casio-collection-lw-205h-8aef\/","title":{"rendered":"Ceas CASIO COLLECTION LW-205H-8AEF"},"content":{"rendered":"<p>R\u0103sf\u0103\u021ba\u021bi-v\u0103 pentru moda pop cu un ceas digital care eviden\u021biaz\u0103 culori delicate.<\/p>\n<p>Cadranul este \u00een nuan\u021be pastelate, iar culoarea cadranului se schimb\u0103 \u00een func\u021bie de unghiul de vedere, pentru \u0219i mai mult\u0103 distrac\u021bie.<\/p>\n<p>Rezisten\u021ba la ap\u0103 p\u00e2n\u0103 la 50 de metri v\u0103 va scuti de grija de a v\u0103 sp\u0103la pe m\u00e2ini, iar iluminarea cu LED-uri v\u0103 permite s\u0103 vede\u021bi cu u\u0219urin\u021b\u0103 ora chiar \u0219i pe \u00eentuneric.<\/p>","protected":false},"excerpt":{"rendered":"<p>R\u0103sf\u0103\u021ba\u021bi-v\u0103 pentru moda pop cu un ceas digital care eviden\u021biaz\u0103 culori delicate. Cadranul este \u00een nuan\u021be pastelate, iar culoarea cadranului se schimb\u0103 \u00een func\u021bie de unghiul de vedere, pentru \u0219i mai mult\u0103 distrac\u021bie. Rezisten\u021ba la ap\u0103 p\u00e2n\u0103 la 50 de metri v\u0103 va scuti de grija de a v\u0103 sp\u0103la pe m\u00e2ini, iar iluminarea cu [&hellip;]<\/p>\n","protected":false},"featured_media":52132,"comment_status":"closed","ping_status":"open","template":"","meta":{"_acf_changed":false},"product_brand":[],"product_cat":[27,25],"product_tag":[],"class_list":{"0":"post-52131","1":"product","2":"type-product","3":"status-publish","4":"has-post-thumbnail","6":"product_cat-casio","7":"product_cat-ceasuri-dama","8":"pa_brand-casio","9":"pa_braslet-plastic","10":"pa_corpus-35x39mm","11":"pa_forma-dreptunghiular","12":"pa_funcii-alarma","13":"pa_funcii-calendar","14":"pa_funcii-cronometru","15":"pa_funcii-iluminare","16":"pa_garatia-24-luni","17":"pa_korpus-verde","18":"pa_material-plastic","19":"pa_mehanizm-electronic","20":"pa_remeshok-verde","21":"pa_steklo-plastic","22":"pa_strana-japonia","23":"pa_voda-5-atm","25":"first","26":"instock","27":"purchasable","28":"product-type-simple"},"acf":[],"_links":{"self":[{"href":"https:\/\/ceasuri.md\/ru\/wp-json\/wp\/v2\/product\/52131","targetHints":{"allow":["GET"]}}],"collection":[{"href":"https:\/\/ceasuri.md\/ru\/wp-json\/wp\/v2\/product"}],"about":[{"href":"https:\/\/ceasuri.md\/ru\/wp-json\/wp\/v2\/types\/product"}],"replies":[{"embeddable":true,"href":"https:\/\/ceasuri.md\/ru\/wp-json\/wp\/v2\/comments?post=52131"}],"wp:featuredmedia":[{"embeddable":true,"href":"https:\/\/ceasuri.md\/ru\/wp-json\/wp\/v2\/media\/52132"}],"wp:attachment":[{"href":"https:\/\/ceasuri.md\/ru\/wp-json\/wp\/v2\/media?parent=52131"}],"wp:term":[{"taxonomy":"product_brand","embeddable":true,"href":"https:\/\/ceasuri.md\/ru\/wp-json\/wp\/v2\/product_brand?post=52131"},{"taxonomy":"product_cat","embeddable":true,"href":"https:\/\/ceasuri.md\/ru\/wp-json\/wp\/v2\/product_cat?post=52131"},{"taxonomy":"product_tag","embeddable":true,"href":"https:\/\/ceasuri.md\/ru\/wp-json\/wp\/v2\/product_tag?post=52131"}],"curies":[{"name":"wp","href":"https:\/\/api.w.org\/{rel}","templated":true}]}}