{"id":52111,"date":"2026-04-02T23:48:02","date_gmt":"2026-04-02T20:48:02","guid":{"rendered":"http:\/\/new.ceasuri.md\/shop\/uncategorized\/casio-g-shock-gpr-h1000-1er\/"},"modified":"2026-04-20T01:28:01","modified_gmt":"2026-04-19T22:28:01","slug":"casio-g-shock-gpr-h1000-1er","status":"publish","type":"product","link":"https:\/\/ceasuri.md\/ru\/shop\/branduri\/casio\/casio-g-shock-gpr-h1000-1er\/","title":{"rendered":"\u0427\u0430\u0441\u044b CASIO G-SHOCK GPR-H1000-1ER"},"content":{"rendered":"<p>Proiectat pentru a func\u021biona chiar \u0219i \u00een cele mai dure medii, RANGEMAN din linia MASTER of G este o pies\u0103 cu adev\u0103rat rezistent\u0103 de echipament outdoor. Cu o structur\u0103 rezistent\u0103 la noroi pentru a \u00eempiedica p\u0103trunderea prafului fin \u0219i a murd\u0103riei, acesta este conceput pentru a rezista la cele mai dureroase condi\u021bii \u0219i la cele mai nefavorabile situa\u021bii meteorologice.<\/p>\n<p>Acest ceas musculos este echipat cu un monitor de ritm cardiac, func\u021bionalitate GPS \u00eencorporat\u0103 \u0219i un ecran LCD cu memorie \u00een pixeli (MIP) de \u00eenalt\u0103 defini\u021bie \u0219i contrast ridicat pentru o citire u\u0219oar\u0103.<\/p>\n<p>Carcasa este protejat\u0103 de componente metalice de dimensiuni considerabile \u00een st\u00e2nga \u0219i \u00een dreapta, protej\u00e2nd antena GPS \u0219i cei \u0219ase senzori din interior, pentru a v\u0103 oferi ceea ce ave\u021bi nevoie pentru o gam\u0103 larg\u0103 de activit\u0103\u021bi.<\/p>\n<p>Func\u021bia de drume\u021bie v\u0103 permite s\u0103 v\u0103 verifica\u021bi ritmul cardiac \u00een timp ce v\u0103 deplasa\u021bi, astfel \u00eenc\u00e2t s\u0103 v\u0103 pute\u021bi urm\u0103ri condi\u021bia fizic\u0103 \u00een timpul antrenamentelor.<\/p>\n<p>Verifica\u021bi graficul de maree pentru a afla mareele joase \u0219i \u00eenalte pentru a profita la maximum de sporturile nautice.<\/p>\n<p>Bucura\u021bi-v\u0103 de toate aceste func\u021bionalit\u0103\u021bi, f\u0103r\u0103 a sacrifica confortul. Banda moale din uretan ofer\u0103 o potrivire confortabil\u0103 pe care \u00eencheietura dvs. o va iubi \u0219i este texturat\u0103 pe partea superioar\u0103, astfel \u00eenc\u00e2t chiar \u0219i degetele umede s\u0103 o poat\u0103 str\u00e2nge f\u0103r\u0103 s\u0103 alunece.<\/p>\n<p>Carcasa, luneta \u0219i banda sunt fabricate din r\u0103\u0219in\u0103 bio, un material care se a\u0219teapt\u0103 s\u0103 contribuie la reducerea impactului asupra mediului.<\/p>\n<p>Cu silueta gravat\u0103 a personajului de pisic\u0103 s\u0103lbatic\u0103 RANGEMAN pe o pies\u0103 de band\u0103, fiecare detaliu al acestui ceas exemplific\u0103 spiritul acestei linii de ceasuri de specialitate MASTER of G.<\/p>","protected":false},"excerpt":{"rendered":"<p>Proiectat pentru a func\u021biona chiar \u0219i \u00een cele mai dure medii, RANGEMAN din linia MASTER of G este o pies\u0103 cu adev\u0103rat rezistent\u0103 de echipament outdoor. Cu o structur\u0103 rezistent\u0103 la noroi pentru a \u00eempiedica p\u0103trunderea prafului fin \u0219i a murd\u0103riei, acesta este conceput pentru a rezista la cele mai dureroase condi\u021bii \u0219i la cele [&hellip;]<\/p>\n","protected":false},"featured_media":52112,"comment_status":"closed","ping_status":"open","template":"","meta":{"_acf_changed":false},"product_brand":[],"product_cat":[27,20,419],"product_tag":[],"class_list":{"0":"post-52111","1":"product","2":"type-product","3":"status-publish","4":"has-post-thumbnail","6":"product_cat-casio","7":"product_cat-ceasuri-barbati","8":"product_cat-g-shock","9":"pa_brand-casio","10":"pa_brand-g-shock","11":"pa_braslet-cauciuc","12":"pa_corpus-53x61mm","13":"pa_forma-atipica","14":"pa_funcii-alarma","15":"pa_funcii-altimetru","16":"pa_funcii-barometru","17":"pa_funcii-bluetooth-smart","18":"pa_funcii-busola","19":"pa_funcii-calendar","20":"pa_funcii-cronometru","21":"pa_funcii-fazele-lunii","22":"pa_funcii-gps","23":"pa_funcii-iluminare","24":"pa_funcii-monitor-de-puls","25":"pa_funcii-rezerva-de-energie","26":"pa_funcii-termometru","27":"pa_funcii-timp-mondial","28":"pa_garatia-24-luni","29":"pa_korpus-argintiu","30":"pa_korpus-galben","31":"pa_korpus-negru","32":"pa_kvarc-quartz","33":"pa_material-cauciuc","34":"pa_material-otel-inoxidabil","35":"pa_mehanizm-baterie-solara","36":"pa_mehanizm-electronic","37":"pa_remeshok-negru","38":"pa_steklo-cristal-mineral","39":"pa_strana-japonia","40":"pa_voda-20-atm","42":"first","43":"instock","44":"purchasable","45":"product-type-simple"},"acf":[],"_links":{"self":[{"href":"https:\/\/ceasuri.md\/ru\/wp-json\/wp\/v2\/product\/52111","targetHints":{"allow":["GET"]}}],"collection":[{"href":"https:\/\/ceasuri.md\/ru\/wp-json\/wp\/v2\/product"}],"about":[{"href":"https:\/\/ceasuri.md\/ru\/wp-json\/wp\/v2\/types\/product"}],"replies":[{"embeddable":true,"href":"https:\/\/ceasuri.md\/ru\/wp-json\/wp\/v2\/comments?post=52111"}],"wp:featuredmedia":[{"embeddable":true,"href":"https:\/\/ceasuri.md\/ru\/wp-json\/wp\/v2\/media\/52112"}],"wp:attachment":[{"href":"https:\/\/ceasuri.md\/ru\/wp-json\/wp\/v2\/media?parent=52111"}],"wp:term":[{"taxonomy":"product_brand","embeddable":true,"href":"https:\/\/ceasuri.md\/ru\/wp-json\/wp\/v2\/product_brand?post=52111"},{"taxonomy":"product_cat","embeddable":true,"href":"https:\/\/ceasuri.md\/ru\/wp-json\/wp\/v2\/product_cat?post=52111"},{"taxonomy":"product_tag","embeddable":true,"href":"https:\/\/ceasuri.md\/ru\/wp-json\/wp\/v2\/product_tag?post=52111"}],"curies":[{"name":"wp","href":"https:\/\/api.w.org\/{rel}","templated":true}]}}