{"id":52106,"date":"2026-04-02T23:48:02","date_gmt":"2026-04-02T20:48:02","guid":{"rendered":"http:\/\/new.ceasuri.md\/shop\/uncategorized\/casio-g-shock-gma-p2100-2aer\/"},"modified":"2026-04-07T04:40:22","modified_gmt":"2026-04-07T01:40:22","slug":"casio-g-shock-gma-p2100-2aer","status":"publish","type":"product","link":"https:\/\/ceasuri.md\/ru\/shop\/branduri\/casio\/casio-g-shock-gma-p2100-2aer\/","title":{"rendered":"Ceas CASIO G-SHOCK GMA-P2100-2AER"},"content":{"rendered":"<p>Bucura\u021bi-v\u0103 de popularul design analogic \u0219i digital al modelului G-SHOCK cu o potrivire mai confortabil\u0103 ca niciodat\u0103.<\/p>\n<p>Modelul urmeaz\u0103 designul deja compact al modelului GMA-S2100 \u0219i devine \u0219i mai sub\u021bire \u0219i mai compact, \u00een timp ce lungimea curelei a fost redus\u0103, permi\u021b\u00e2nd purtarea ceasului pe \u00eencheieturile mai mici cu un confort total.<\/p>\n<p>Finisajele monocromatice \u00een culori vibrante &#8211; albastru turcoaz dinamic (o culoare nou\u0103), roz str\u0103lucitor \u0219i alb clasic &#8211; ridic\u0103 moralul, \u00een timp ce cadranul \u00eencastrat de la ora 9 este l\u0103sat \u00een urm\u0103, cre\u00e2nd un aspect aerodinamic, minimalist.<\/p>\n<p>O cadran\u0103 elegant\u0103, dar practic\u0103 &#8211; cadranul, logo-ul, indicii, m\u00e2inile \u0219i alte elemente sunt \u00een nuan\u021be diferite ale aceleia\u0219i culori, ceea ce este at\u00e2t sofisticat, c\u00e2t \u0219i u\u0219or de citit.<\/p>\n<p>Format de timp de 12 \u0219i 24 de ore. Cronometru cu dou\u0103 citiri de precizie: 1\/100s (\u00eenainte de 1h) \u0219i 1s (dup\u0103 1h) \u0219i un timp de m\u0103surare de 24h. Cronometru cu num\u0103r\u0103toare invers\u0103 de la 1s la 24h. Ora lumii &#8211; 48 de ora\u0219e (31 de fusuri orare), timp universal coordonat (UTC).<\/p>\n<p>Func\u021bii de activare\/dezactivare a orei de var\u0103, mute\/dezactivare \u0219i mi\u0219care a m\u00e2inii pentru o vizualizare neobstruc\u021bionat\u0103 pe afi\u0219ajul digital.<\/p>\n<p>Curea cu cataram\u0103 clasic\u0103.<\/p>","protected":false},"excerpt":{"rendered":"<p>Bucura\u021bi-v\u0103 de popularul design analogic \u0219i digital al modelului G-SHOCK cu o potrivire mai confortabil\u0103 ca niciodat\u0103. Modelul urmeaz\u0103 designul deja compact al modelului GMA-S2100 \u0219i devine \u0219i mai sub\u021bire \u0219i mai compact, \u00een timp ce lungimea curelei a fost redus\u0103, permi\u021b\u00e2nd purtarea ceasului pe \u00eencheieturile mai mici cu un confort total. Finisajele monocromatice \u00een [&hellip;]<\/p>\n","protected":false},"featured_media":52107,"comment_status":"closed","ping_status":"open","template":"","meta":{"_acf_changed":false},"product_brand":[],"product_cat":[27,25,419],"product_tag":[],"class_list":{"0":"post-52106","1":"product","2":"type-product","3":"status-publish","4":"has-post-thumbnail","6":"product_cat-casio","7":"product_cat-ceasuri-dama","8":"product_cat-g-shock","9":"pa_brand-casio","10":"pa_brand-g-shock","11":"pa_braslet-rasina","12":"pa_corpus-40x46mm","13":"pa_forma-octogonala","14":"pa_funcii-alarma","15":"pa_funcii-calendar","16":"pa_funcii-cronometru","17":"pa_funcii-data","18":"pa_funcii-dual-time","19":"pa_funcii-iluminare","20":"pa_funcii-timp-mondial","21":"pa_garatia-24-luni","22":"pa_korpus-turcoaz","23":"pa_material-plastic","24":"pa_mehanizm-electronic","25":"pa_mehanizm-quartz","26":"pa_remeshok-turcoaz","27":"pa_steklo-cristal-mineral","28":"pa_strana-japonia","29":"pa_voda-20-atm","31":"first","32":"instock","33":"purchasable","34":"product-type-simple"},"acf":[],"_links":{"self":[{"href":"https:\/\/ceasuri.md\/ru\/wp-json\/wp\/v2\/product\/52106","targetHints":{"allow":["GET"]}}],"collection":[{"href":"https:\/\/ceasuri.md\/ru\/wp-json\/wp\/v2\/product"}],"about":[{"href":"https:\/\/ceasuri.md\/ru\/wp-json\/wp\/v2\/types\/product"}],"replies":[{"embeddable":true,"href":"https:\/\/ceasuri.md\/ru\/wp-json\/wp\/v2\/comments?post=52106"}],"wp:featuredmedia":[{"embeddable":true,"href":"https:\/\/ceasuri.md\/ru\/wp-json\/wp\/v2\/media\/52107"}],"wp:attachment":[{"href":"https:\/\/ceasuri.md\/ru\/wp-json\/wp\/v2\/media?parent=52106"}],"wp:term":[{"taxonomy":"product_brand","embeddable":true,"href":"https:\/\/ceasuri.md\/ru\/wp-json\/wp\/v2\/product_brand?post=52106"},{"taxonomy":"product_cat","embeddable":true,"href":"https:\/\/ceasuri.md\/ru\/wp-json\/wp\/v2\/product_cat?post=52106"},{"taxonomy":"product_tag","embeddable":true,"href":"https:\/\/ceasuri.md\/ru\/wp-json\/wp\/v2\/product_tag?post=52106"}],"curies":[{"name":"wp","href":"https:\/\/api.w.org\/{rel}","templated":true}]}}