{"id":52102,"date":"2026-04-02T23:48:02","date_gmt":"2026-04-02T20:48:02","guid":{"rendered":"http:\/\/new.ceasuri.md\/shop\/uncategorized\/casio-g-shock-ga-2100bce-1aer\/"},"modified":"2026-04-20T01:27:59","modified_gmt":"2026-04-19T22:27:59","slug":"casio-g-shock-ga-2100bce-1aer","status":"publish","type":"product","link":"https:\/\/ceasuri.md\/ru\/shop\/branduri\/casio\/casio-g-shock-ga-2100bce-1aer\/","title":{"rendered":"\u0427\u0430\u0441\u044b CASIO G-SHOCK GA-2100BCE-1AER"},"content":{"rendered":"<p>G-Shock este o linie de ceasuri de la Casio, o companie japonez\u0103 care produce ceasuri electronice rezistente la \u0219ocuri mecanice \u0219i vibra\u021bii.<\/p>\n<p>G-Shock este o abreviere pentru Gravitational Shock (\u0219oc gravita\u021bional). Ceasurile sunt concepute \u00een principal pentru sport \u0219i activit\u0103\u021bi \u00een aer liber. Aproape toate sunt digitale sau o combina\u021bie de modele analogice \u0219i digitale, au func\u021bie de cronometru, num\u0103r\u0103toare invers\u0103, iluminare de fundal electroluminiscent\u0103 \u0219i rezisten\u021b\u0103 la ap\u0103 p\u00e2n\u0103 la 200 de metri.<\/p>\n<p>Designul trendy, complet negru, este completat de o curea ecologic\u0103 din nylon Cordura, cre\u00e2nd un aspect versatil \u0219i elegant.<\/p>\n<p>Format de timp de 12 \u0219i 24 de ore. Cronometru cu dou\u0103 citiri de precizie: 1\/100s (\u00eenainte de 1h) \u0219i 1s (dup\u0103 1h) \u0219i un timp de m\u0103surare de 24h. Cronometru cu num\u0103r\u0103toare invers\u0103 de la 1s la 24h.<\/p>\n<p>Ora mondial\u0103 &#8211; 48 de ora\u0219e (31 de fusuri orare), timp universal coordonat (UTC). Func\u021bie de activare\/dezactivare a orei de var\u0103. Indicator retrograd pentru s\u0103pt\u0103m\u00e2n\u0103.<\/p>\n<p>Func\u021bie mute\/unmute \u0219i mi\u0219care a m\u00e2inii pentru vizionarea neobstruc\u021bionat\u0103 a informa\u021biilor de pe afi\u0219ajele digitale. Curea realizat\u0103 din nailon Cordura ecologic. Cataram\u0103 clasic\u0103.<\/p>","protected":false},"excerpt":{"rendered":"<p>G-Shock este o linie de ceasuri de la Casio, o companie japonez\u0103 care produce ceasuri electronice rezistente la \u0219ocuri mecanice \u0219i vibra\u021bii. G-Shock este o abreviere pentru Gravitational Shock (\u0219oc gravita\u021bional). Ceasurile sunt concepute \u00een principal pentru sport \u0219i activit\u0103\u021bi \u00een aer liber. Aproape toate sunt digitale sau o combina\u021bie de modele analogice \u0219i digitale, [&hellip;]<\/p>\n","protected":false},"featured_media":52103,"comment_status":"closed","ping_status":"open","template":"","meta":{"_acf_changed":false},"product_brand":[],"product_cat":[27,20,25,419],"product_tag":[],"class_list":{"0":"post-52102","1":"product","2":"type-product","3":"status-publish","4":"has-post-thumbnail","6":"product_cat-casio","7":"product_cat-ceasuri-barbati","8":"product_cat-ceasuri-dama","9":"product_cat-g-shock","10":"pa_brand-casio","11":"pa_brand-g-shock","12":"pa_braslet-textile","13":"pa_corpus-45x49mm","14":"pa_forma-octogonala","15":"pa_funcii-alarma","16":"pa_funcii-calendar","17":"pa_funcii-cronometru","18":"pa_funcii-data","19":"pa_funcii-dual-time","20":"pa_funcii-iluminare","21":"pa_funcii-timp-mondial","22":"pa_funcii-total-black","23":"pa_garatia-24-luni","24":"pa_korpus-negru","25":"pa_kvarc-quartz","26":"pa_material-carbon","27":"pa_material-plastic","28":"pa_mehanizm-electronic","29":"pa_mehanizm-quartz","30":"pa_remeshok-negru","31":"pa_steklo-cristal-mineral","32":"pa_strana-japonia","33":"pa_voda-20-atm","35":"first","36":"instock","37":"purchasable","38":"product-type-simple"},"acf":[],"_links":{"self":[{"href":"https:\/\/ceasuri.md\/ru\/wp-json\/wp\/v2\/product\/52102","targetHints":{"allow":["GET"]}}],"collection":[{"href":"https:\/\/ceasuri.md\/ru\/wp-json\/wp\/v2\/product"}],"about":[{"href":"https:\/\/ceasuri.md\/ru\/wp-json\/wp\/v2\/types\/product"}],"replies":[{"embeddable":true,"href":"https:\/\/ceasuri.md\/ru\/wp-json\/wp\/v2\/comments?post=52102"}],"wp:featuredmedia":[{"embeddable":true,"href":"https:\/\/ceasuri.md\/ru\/wp-json\/wp\/v2\/media\/52103"}],"wp:attachment":[{"href":"https:\/\/ceasuri.md\/ru\/wp-json\/wp\/v2\/media?parent=52102"}],"wp:term":[{"taxonomy":"product_brand","embeddable":true,"href":"https:\/\/ceasuri.md\/ru\/wp-json\/wp\/v2\/product_brand?post=52102"},{"taxonomy":"product_cat","embeddable":true,"href":"https:\/\/ceasuri.md\/ru\/wp-json\/wp\/v2\/product_cat?post=52102"},{"taxonomy":"product_tag","embeddable":true,"href":"https:\/\/ceasuri.md\/ru\/wp-json\/wp\/v2\/product_tag?post=52102"}],"curies":[{"name":"wp","href":"https:\/\/api.w.org\/{rel}","templated":true}]}}