{"id":52097,"date":"2026-04-02T23:47:31","date_gmt":"2026-04-02T20:47:31","guid":{"rendered":"http:\/\/new.ceasuri.md\/shop\/uncategorized\/casio-g-shock-ga-2100-2a2er\/"},"modified":"2026-04-20T01:27:58","modified_gmt":"2026-04-19T22:27:58","slug":"casio-g-shock-ga-2100-2a2er","status":"publish","type":"product","link":"https:\/\/ceasuri.md\/ru\/shop\/branduri\/casio\/casio-g-shock-ga-2100-2a2er\/","title":{"rendered":"\u0427\u0430\u0441\u044b CASIO G-SHOCK GA-2100-2A2ER"},"content":{"rendered":"<p>Bine a\u021bi venit la colec\u021bia Tone-on-Tone G-SHOCK, un ceas dedicat unei estetici monocrome p\u00e2n\u0103 la cel mai mic detaliu.<\/p>\n<p>Carcasa, luneta, cureaua \u0219i chiar elementele cadranului sunt toate \u00een nuan\u021be subtil diferite ale aceleia\u0219i culori, cre\u00e2nd un aspect monocrom cu o profunzime \u0219i o dimensiune surprinz\u0103toare.<\/p>\n<p>Acest ceas colorat este un accesoriu excelent pentru moda stradal\u0103.<\/p>\n<p>Modelul se diferen\u021biaz\u0103 de alte jishokas prin u\u0219urin\u021ba, compactitatea \u0219i grosimea carcasei de numai 11,8 mm. Acest lucru este posibil datorit\u0103 tehnologiei Carbon Core Guard: modulul ceasului este protejat de o carcas\u0103 u\u0219oar\u0103 \u0219i ultrarezistent\u0103 din poliuretan ranforsat cu carbon, \u00een timp ce cadranul este acoperit cu sticl\u0103 mineral\u0103 c\u0103lit\u0103.<\/p>\n<p>Ceasul este echipat cu caracteristici precum: rezisten\u021b\u0103 la ap\u0103 de 200 de metri, cronometru, cronometru, ora mondial\u0103, func\u021bie convenabil\u0103 de pliere a m\u00e2inilor pentru citirea informa\u021biilor de pe afi\u0219aje, precum \u0219i iluminare dubl\u0103 luminoas\u0103 a cadranului \u0219i a afi\u0219ajului.<\/p>","protected":false},"excerpt":{"rendered":"<p>Bine a\u021bi venit la colec\u021bia Tone-on-Tone G-SHOCK, un ceas dedicat unei estetici monocrome p\u00e2n\u0103 la cel mai mic detaliu. Carcasa, luneta, cureaua \u0219i chiar elementele cadranului sunt toate \u00een nuan\u021be subtil diferite ale aceleia\u0219i culori, cre\u00e2nd un aspect monocrom cu o profunzime \u0219i o dimensiune surprinz\u0103toare. Acest ceas colorat este un accesoriu excelent pentru moda [&hellip;]<\/p>\n","protected":false},"featured_media":52098,"comment_status":"closed","ping_status":"open","template":"","meta":{"_acf_changed":false},"product_brand":[],"product_cat":[27,20,25,419],"product_tag":[],"class_list":{"0":"post-52097","1":"product","2":"type-product","3":"status-publish","4":"has-post-thumbnail","6":"product_cat-casio","7":"product_cat-ceasuri-barbati","8":"product_cat-ceasuri-dama","9":"product_cat-g-shock","10":"pa_brand-casio","11":"pa_brand-g-shock","12":"pa_braslet-plastic","13":"pa_corpus-45x49mm","14":"pa_forma-octogonala","15":"pa_funcii-alarma","16":"pa_funcii-calendar","17":"pa_funcii-cronometru","18":"pa_funcii-data","19":"pa_funcii-dual-time","20":"pa_funcii-iluminare","21":"pa_funcii-timp-mondial","22":"pa_garatia-24-luni","23":"pa_korpus-albastru","24":"pa_kvarc-quartz","25":"pa_material-carbon","26":"pa_material-plastic","27":"pa_mehanizm-electronic","28":"pa_mehanizm-quartz","29":"pa_remeshok-albastru","30":"pa_steklo-cristal-mineral","31":"pa_strana-japonia","32":"pa_voda-20-atm","34":"first","35":"instock","36":"purchasable","37":"product-type-simple"},"acf":[],"_links":{"self":[{"href":"https:\/\/ceasuri.md\/ru\/wp-json\/wp\/v2\/product\/52097","targetHints":{"allow":["GET"]}}],"collection":[{"href":"https:\/\/ceasuri.md\/ru\/wp-json\/wp\/v2\/product"}],"about":[{"href":"https:\/\/ceasuri.md\/ru\/wp-json\/wp\/v2\/types\/product"}],"replies":[{"embeddable":true,"href":"https:\/\/ceasuri.md\/ru\/wp-json\/wp\/v2\/comments?post=52097"}],"wp:featuredmedia":[{"embeddable":true,"href":"https:\/\/ceasuri.md\/ru\/wp-json\/wp\/v2\/media\/52098"}],"wp:attachment":[{"href":"https:\/\/ceasuri.md\/ru\/wp-json\/wp\/v2\/media?parent=52097"}],"wp:term":[{"taxonomy":"product_brand","embeddable":true,"href":"https:\/\/ceasuri.md\/ru\/wp-json\/wp\/v2\/product_brand?post=52097"},{"taxonomy":"product_cat","embeddable":true,"href":"https:\/\/ceasuri.md\/ru\/wp-json\/wp\/v2\/product_cat?post=52097"},{"taxonomy":"product_tag","embeddable":true,"href":"https:\/\/ceasuri.md\/ru\/wp-json\/wp\/v2\/product_tag?post=52097"}],"curies":[{"name":"wp","href":"https:\/\/api.w.org\/{rel}","templated":true}]}}