{"id":52092,"date":"2026-04-02T23:47:31","date_gmt":"2026-04-02T20:47:31","guid":{"rendered":"http:\/\/new.ceasuri.md\/shop\/uncategorized\/casio-g-shock-dw-5600bce-1er\/"},"modified":"2026-04-20T01:27:57","modified_gmt":"2026-04-19T22:27:57","slug":"casio-g-shock-dw-5600bce-1er","status":"publish","type":"product","link":"https:\/\/ceasuri.md\/ru\/shop\/branduri\/casio\/casio-g-shock-dw-5600bce-1er\/","title":{"rendered":"\u0427\u0430\u0441\u044b CASIO G-SHOCK DW-5600BCE-1ER"},"content":{"rendered":"<p>G-Shock este o linie de ceasuri de la Casio, o companie japonez\u0103 care produce ceasuri electronice rezistente la \u0219ocuri mecanice \u0219i vibra\u021bii.<\/p>\n<p>G-Shock este o abreviere pentru Gravitational Shock (\u0219oc gravita\u021bional). Ceasurile sunt concepute \u00een principal pentru sport \u0219i activit\u0103\u021bi \u00een aer liber. Aproape toate sunt digitale sau o combina\u021bie de modele analogice \u0219i digitale, au func\u021bie de cronometru, num\u0103r\u0103toare invers\u0103, iluminare de fundal electroluminiscent\u0103 \u0219i rezisten\u021b\u0103 la ap\u0103 p\u00e2n\u0103 la 200 de metri.<\/p>\n<p>Designul trendy, complet negru, este completat de o curea ecologic\u0103 din nylon Cordura, cre\u00e2nd un aspect versatil \u0219i elegant.<\/p>\n<p>Format de timp de 12 \u0219i 24 de ore. Cronometru cu dou\u0103 citiri de precizie: 1\/100s (\u00eenainte de 1h) \u0219i 1s (dup\u0103 1h) \u0219i timp de m\u0103surare de 24h. Cronometru cu num\u0103r\u0103toare invers\u0103 de la 1s la 24h cu repetare automat\u0103. Cureaua este realizat\u0103 din nailon Cordura ecologic, cataram\u0103 clasic\u0103.<\/p>","protected":false},"excerpt":{"rendered":"<p>G-Shock este o linie de ceasuri de la Casio, o companie japonez\u0103 care produce ceasuri electronice rezistente la \u0219ocuri mecanice \u0219i vibra\u021bii. G-Shock este o abreviere pentru Gravitational Shock (\u0219oc gravita\u021bional). Ceasurile sunt concepute \u00een principal pentru sport \u0219i activit\u0103\u021bi \u00een aer liber. Aproape toate sunt digitale sau o combina\u021bie de modele analogice \u0219i digitale, [&hellip;]<\/p>\n","protected":false},"featured_media":52093,"comment_status":"closed","ping_status":"open","template":"","meta":{"_acf_changed":false},"product_brand":[],"product_cat":[27,20,419],"product_tag":[],"class_list":{"0":"post-52092","1":"product","2":"type-product","3":"status-publish","4":"has-post-thumbnail","6":"product_cat-casio","7":"product_cat-ceasuri-barbati","8":"product_cat-g-shock","9":"pa_brand-casio","10":"pa_brand-g-shock","11":"pa_braslet-textile","12":"pa_corpus-43x49mm","13":"pa_forma-octogonala","14":"pa_funcii-alarma","15":"pa_funcii-calendar","16":"pa_funcii-cronometru","17":"pa_funcii-data","18":"pa_funcii-iluminare","19":"pa_funcii-total-black","20":"pa_garatia-24-luni","21":"pa_korpus-negru","22":"pa_kvarc-quartz","23":"pa_material-cauciuc","24":"pa_mehanizm-electronic","25":"pa_remeshok-negru","26":"pa_steklo-cristal-mineral","27":"pa_strana-japonia","28":"pa_voda-20-atm","30":"first","31":"instock","32":"purchasable","33":"product-type-simple"},"acf":[],"_links":{"self":[{"href":"https:\/\/ceasuri.md\/ru\/wp-json\/wp\/v2\/product\/52092","targetHints":{"allow":["GET"]}}],"collection":[{"href":"https:\/\/ceasuri.md\/ru\/wp-json\/wp\/v2\/product"}],"about":[{"href":"https:\/\/ceasuri.md\/ru\/wp-json\/wp\/v2\/types\/product"}],"replies":[{"embeddable":true,"href":"https:\/\/ceasuri.md\/ru\/wp-json\/wp\/v2\/comments?post=52092"}],"wp:featuredmedia":[{"embeddable":true,"href":"https:\/\/ceasuri.md\/ru\/wp-json\/wp\/v2\/media\/52093"}],"wp:attachment":[{"href":"https:\/\/ceasuri.md\/ru\/wp-json\/wp\/v2\/media?parent=52092"}],"wp:term":[{"taxonomy":"product_brand","embeddable":true,"href":"https:\/\/ceasuri.md\/ru\/wp-json\/wp\/v2\/product_brand?post=52092"},{"taxonomy":"product_cat","embeddable":true,"href":"https:\/\/ceasuri.md\/ru\/wp-json\/wp\/v2\/product_cat?post=52092"},{"taxonomy":"product_tag","embeddable":true,"href":"https:\/\/ceasuri.md\/ru\/wp-json\/wp\/v2\/product_tag?post=52092"}],"curies":[{"name":"wp","href":"https:\/\/api.w.org\/{rel}","templated":true}]}}