{"id":51981,"date":"2026-04-02T23:46:58","date_gmt":"2026-04-02T20:46:58","guid":{"rendered":"http:\/\/new.ceasuri.md\/shop\/uncategorized\/armani-exchange-dante-ax1867\/"},"modified":"2026-04-20T01:19:45","modified_gmt":"2026-04-19T22:19:45","slug":"armani-exchange-dante-ax1867","status":"publish","type":"product","link":"https:\/\/ceasuri.md\/ru\/shop\/branduri\/armani-exchange\/armani-exchange-dante-ax1867\/","title":{"rendered":"\u0427\u0430\u0441\u044b ARMANI EXCHANGE DANTE AX1867"},"content":{"rendered":"<p>Armani Exchange este un nume renumit \u00een lumea modei \u0219i a luxului, cunoscut pentru modelele sale de ultim\u0103 genera\u021bie, calitatea excep\u021bional\u0103 \u0219i atrac\u021bia atemporal\u0103.<\/p>\n<p>Cu o gam\u0103 larg\u0103 de ceasuri \u00een colec\u021bia sa, Armani Exchange ofer\u0103 ceasuri care \u00eembin\u0103 perfect stilul \u0219i func\u021bia, ceea ce le face o alegere perfect\u0103 pentru pasiona\u021bii de stil modern.<\/p>\n<p>Ceasurile Armani Exchange sunt o reflectare a valorilor de baz\u0103 ale brandului: rafinament, inova\u021bie \u0219i elegan\u021b\u0103. Ceasurile Armani Exchange se m\u00e2ndresc cu un design elegant \u0219i contemporan, cu o aten\u021bie la detalii evident\u0103 \u00een fiecare aspect, de la cadran p\u00e2n\u0103 la curea, ceea ce le face o adev\u0103rat\u0103 oper\u0103 de art\u0103 la \u00eencheietura m\u00e2inii tale. Fiecare pies\u0103 de ceas este realizat\u0103 cu meticulozitate p\u00e2n\u0103 la perfec\u021biune, folosind cele mai bune materiale \u0219i tehnologii avansate, pentru a asigura o performan\u021b\u0103 \u0219i o durabilitate de neegalat.<\/p>","protected":false},"excerpt":{"rendered":"<p>Armani Exchange este un nume renumit \u00een lumea modei \u0219i a luxului, cunoscut pentru modelele sale de ultim\u0103 genera\u021bie, calitatea excep\u021bional\u0103 \u0219i atrac\u021bia atemporal\u0103. Cu o gam\u0103 larg\u0103 de ceasuri \u00een colec\u021bia sa, Armani Exchange ofer\u0103 ceasuri care \u00eembin\u0103 perfect stilul \u0219i func\u021bia, ceea ce le face o alegere perfect\u0103 pentru pasiona\u021bii de stil modern. [&hellip;]<\/p>\n","protected":false},"featured_media":51982,"comment_status":"closed","ping_status":"open","template":"","meta":{"_acf_changed":false},"product_brand":[],"product_cat":[615,20],"product_tag":[],"class_list":{"0":"post-51981","1":"product","2":"type-product","3":"status-publish","4":"has-post-thumbnail","6":"product_cat-armani-exchange","7":"product_cat-ceasuri-barbati","8":"pa_brand-armani-exchange","9":"pa_braslet-otel-inoxidabil","10":"pa_corpus-42-mm","11":"pa_forma-rotund","12":"pa_funcii-data","13":"pa_funcii-total-black","14":"pa_funcii-ziua-saptamanii","15":"pa_garatia-24-luni","16":"pa_korpus-negru","17":"pa_kvarc-quartz","18":"pa_material-otel-inoxidabil","19":"pa_mehanizm-quartz","20":"pa_remeshok-negru","21":"pa_steklo-cristal-mineral","22":"pa_strana-italia","23":"pa_voda-5-atm","25":"first","26":"instock","27":"purchasable","28":"product-type-simple"},"acf":[],"_links":{"self":[{"href":"https:\/\/ceasuri.md\/ru\/wp-json\/wp\/v2\/product\/51981","targetHints":{"allow":["GET"]}}],"collection":[{"href":"https:\/\/ceasuri.md\/ru\/wp-json\/wp\/v2\/product"}],"about":[{"href":"https:\/\/ceasuri.md\/ru\/wp-json\/wp\/v2\/types\/product"}],"replies":[{"embeddable":true,"href":"https:\/\/ceasuri.md\/ru\/wp-json\/wp\/v2\/comments?post=51981"}],"wp:featuredmedia":[{"embeddable":true,"href":"https:\/\/ceasuri.md\/ru\/wp-json\/wp\/v2\/media\/51982"}],"wp:attachment":[{"href":"https:\/\/ceasuri.md\/ru\/wp-json\/wp\/v2\/media?parent=51981"}],"wp:term":[{"taxonomy":"product_brand","embeddable":true,"href":"https:\/\/ceasuri.md\/ru\/wp-json\/wp\/v2\/product_brand?post=51981"},{"taxonomy":"product_cat","embeddable":true,"href":"https:\/\/ceasuri.md\/ru\/wp-json\/wp\/v2\/product_cat?post=51981"},{"taxonomy":"product_tag","embeddable":true,"href":"https:\/\/ceasuri.md\/ru\/wp-json\/wp\/v2\/product_tag?post=51981"}],"curies":[{"name":"wp","href":"https:\/\/api.w.org\/{rel}","templated":true}]}}