{"id":51977,"date":"2024-01-30T12:37:14","date_gmt":"2024-01-30T10:37:14","guid":{"rendered":"http:\/\/new.ceasuri.md\/shop\/uncategorized\/armani-exchange-banks-ax1720\/"},"modified":"2026-05-01T18:20:49","modified_gmt":"2026-05-01T15:20:49","slug":"armani-exchange-banks-ax1720","status":"publish","type":"product","link":"https:\/\/ceasuri.md\/ru\/shop\/branduri\/armani-exchange\/armani-exchange-banks-ax1720\/","title":{"rendered":"\u0427\u0430\u0441\u044b ARMANI EXCHANGE BANKS AX1720"},"content":{"rendered":"<p>Armani Exchange este un nume renumit \u00een lumea modei \u0219i a luxului, cunoscut pentru modelele sale de ultim\u0103 genera\u021bie, calitatea excep\u021bional\u0103 \u0219i atrac\u021bia atemporal\u0103.<\/p>\n<p>Cu o gam\u0103 larg\u0103 de ceasuri \u00een colec\u021bia sa, Armani Exchange ofer\u0103 ceasuri care \u00eembin\u0103 perfect stilul \u0219i func\u021bia, ceea ce le face o alegere perfect\u0103 pentru pasiona\u021bii de stil modern.<\/p>\n<p>Ceasurile Armani Exchange sunt o reflectare a valorilor de baz\u0103 ale brandului: rafinament, inova\u021bie \u0219i elegan\u021b\u0103. Ceasurile Armani Exchange se m\u00e2ndresc cu un design elegant \u0219i contemporan, cu o aten\u021bie la detalii evident\u0103 \u00een fiecare aspect, de la cadran p\u00e2n\u0103 la curea, ceea ce le face o adev\u0103rat\u0103 oper\u0103 de art\u0103 la \u00eencheietura m\u00e2inii tale. Fiecare pies\u0103 de ceas este realizat\u0103 cu meticulozitate p\u00e2n\u0103 la perfec\u021biune, folosind cele mai bune materiale \u0219i tehnologii avansate, pentru a asigura o performan\u021b\u0103 \u0219i o durabilitate de neegalat.<\/p>\n<p>Un cronograf elegant &#8211; o alegere versatil\u0103 pentru cei care duc o via\u021b\u0103 dinamic\u0103 \u0219i ocupat\u0103. Ceas cronograf cu cronometru. Tehnologie Sunray pe cadran. Semnele sunt sub form\u0103 de tr\u0103s\u0103turi. Fereastr\u0103 pentru dat\u0103 \u00eentre semnele de la ora 4 \u0219i 5. Coroan\u0103 protejat\u0103. Br\u0103\u021bar\u0103 cu \u00eenchidere pliabil\u0103.<\/p>","protected":false},"excerpt":{"rendered":"<p>Armani Exchange este un nume renumit \u00een lumea modei \u0219i a luxului, cunoscut pentru modelele sale de ultim\u0103 genera\u021bie, calitatea excep\u021bional\u0103 \u0219i atrac\u021bia atemporal\u0103. Cu o gam\u0103 larg\u0103 de ceasuri \u00een colec\u021bia sa, Armani Exchange ofer\u0103 ceasuri care \u00eembin\u0103 perfect stilul \u0219i func\u021bia, ceea ce le face o alegere perfect\u0103 pentru pasiona\u021bii de stil modern. [&hellip;]<\/p>\n","protected":false},"featured_media":51978,"comment_status":"closed","ping_status":"open","template":"","meta":{"_acf_changed":false},"product_brand":[],"product_cat":[615,20],"product_tag":[],"class_list":{"0":"post-51977","1":"product","2":"type-product","3":"status-publish","4":"has-post-thumbnail","6":"product_cat-armani-exchange","7":"product_cat-ceasuri-barbati","8":"pa_brand-armani-exchange","9":"pa_braslet-otel-inoxidabil","10":"pa_corpus-44-mm","11":"pa_forma-rotund","12":"pa_funcii-cronograf","13":"pa_funcii-data","14":"pa_garatia-24-luni","15":"pa_korpus-argintiu","16":"pa_kvarc-quartz","17":"pa_material-otel-inoxidabil","18":"pa_mehanizm-quartz","19":"pa_remeshok-argintiu","20":"pa_steklo-cristal-mineral","21":"pa_strana-italia","22":"pa_voda-5-atm","24":"first","25":"instock","26":"purchasable","27":"product-type-simple"},"acf":[],"_links":{"self":[{"href":"https:\/\/ceasuri.md\/ru\/wp-json\/wp\/v2\/product\/51977","targetHints":{"allow":["GET"]}}],"collection":[{"href":"https:\/\/ceasuri.md\/ru\/wp-json\/wp\/v2\/product"}],"about":[{"href":"https:\/\/ceasuri.md\/ru\/wp-json\/wp\/v2\/types\/product"}],"replies":[{"embeddable":true,"href":"https:\/\/ceasuri.md\/ru\/wp-json\/wp\/v2\/comments?post=51977"}],"wp:featuredmedia":[{"embeddable":true,"href":"https:\/\/ceasuri.md\/ru\/wp-json\/wp\/v2\/media\/51978"}],"wp:attachment":[{"href":"https:\/\/ceasuri.md\/ru\/wp-json\/wp\/v2\/media?parent=51977"}],"wp:term":[{"taxonomy":"product_brand","embeddable":true,"href":"https:\/\/ceasuri.md\/ru\/wp-json\/wp\/v2\/product_brand?post=51977"},{"taxonomy":"product_cat","embeddable":true,"href":"https:\/\/ceasuri.md\/ru\/wp-json\/wp\/v2\/product_cat?post=51977"},{"taxonomy":"product_tag","embeddable":true,"href":"https:\/\/ceasuri.md\/ru\/wp-json\/wp\/v2\/product_tag?post=51977"}],"curies":[{"name":"wp","href":"https:\/\/api.w.org\/{rel}","templated":true}]}}