{"id":51917,"date":"2026-04-02T23:46:28","date_gmt":"2026-04-02T20:46:28","guid":{"rendered":"http:\/\/new.ceasuri.md\/shop\/uncategorized\/fossil-jewelry-jf04540710\/"},"modified":"2026-04-20T01:22:38","modified_gmt":"2026-04-19T22:22:38","slug":"fossil-jewelry-jf04540710","status":"publish","type":"product","link":"https:\/\/ceasuri.md\/ru\/shop\/accesorii\/accesorii-dama\/bratari\/fossil-jewelry-jf04540710\/","title":{"rendered":"FOSSIL JEWELRY JF04540710"},"content":{"rendered":"<p>\u00cen 1984, Fossil a \u00eenceput s\u0103 produc\u0103 bijuterii. Aceste bijuterii trebuiau s\u0103 fie realizate din materiale naturale \u0219i, pe l\u00e2ng\u0103 un aspect la mod\u0103, trebuiau s\u0103 reflecte \u0219i bijuteriile clasice.<\/p>\n<p>Bijuteriile Fossil sunt f\u0103cute pentru persoanele sensibile la tendin\u021be, care sunt \u00eencrez\u0103toare \u00een via\u021b\u0103 \u0219i \u0219tiu ce \u00ee\u0219i doresc.<\/p>\n<p>Datorit\u0103 viziunii mari asupra viitorului care se poate observa odat\u0103 cu introducerea noilor colec\u021bii, Fossil are multe milioane de fani fideli.<\/p>\n<p>Aceast\u0103 br\u0103\u021bar\u0103 cu m\u0103rgele are m\u0103rgele de lapis albastru, o\u021bel inoxidabil de culoare aurie \u0219i \u00eenchidere cu clips de homar.<\/p>","protected":false},"excerpt":{"rendered":"<p>\u00cen 1984, Fossil a \u00eenceput s\u0103 produc\u0103 bijuterii. Aceste bijuterii trebuiau s\u0103 fie realizate din materiale naturale \u0219i, pe l\u00e2ng\u0103 un aspect la mod\u0103, trebuiau s\u0103 reflecte \u0219i bijuteriile clasice. Bijuteriile Fossil sunt f\u0103cute pentru persoanele sensibile la tendin\u021be, care sunt \u00eencrez\u0103toare \u00een via\u021b\u0103 \u0219i \u0219tiu ce \u00ee\u0219i doresc. Datorit\u0103 viziunii mari asupra viitorului care [&hellip;]<\/p>\n","protected":false},"featured_media":51918,"comment_status":"closed","ping_status":"open","template":"","meta":{"_acf_changed":false},"product_brand":[],"product_cat":[577,396],"product_tag":[],"class_list":{"0":"post-51917","1":"product","2":"type-product","3":"status-publish","4":"has-post-thumbnail","6":"product_cat-bratari","7":"product_cat-fossil","8":"pa_brand-fossil","9":"pa_corpus-17-cm","10":"pa_korpus-albastru","11":"pa_korpus-auriu","12":"pa_material-otel-inoxidabil","13":"pa_strana-sua","15":"first","16":"instock","17":"purchasable","18":"product-type-simple"},"acf":[],"_links":{"self":[{"href":"https:\/\/ceasuri.md\/ru\/wp-json\/wp\/v2\/product\/51917","targetHints":{"allow":["GET"]}}],"collection":[{"href":"https:\/\/ceasuri.md\/ru\/wp-json\/wp\/v2\/product"}],"about":[{"href":"https:\/\/ceasuri.md\/ru\/wp-json\/wp\/v2\/types\/product"}],"replies":[{"embeddable":true,"href":"https:\/\/ceasuri.md\/ru\/wp-json\/wp\/v2\/comments?post=51917"}],"wp:featuredmedia":[{"embeddable":true,"href":"https:\/\/ceasuri.md\/ru\/wp-json\/wp\/v2\/media\/51918"}],"wp:attachment":[{"href":"https:\/\/ceasuri.md\/ru\/wp-json\/wp\/v2\/media?parent=51917"}],"wp:term":[{"taxonomy":"product_brand","embeddable":true,"href":"https:\/\/ceasuri.md\/ru\/wp-json\/wp\/v2\/product_brand?post=51917"},{"taxonomy":"product_cat","embeddable":true,"href":"https:\/\/ceasuri.md\/ru\/wp-json\/wp\/v2\/product_cat?post=51917"},{"taxonomy":"product_tag","embeddable":true,"href":"https:\/\/ceasuri.md\/ru\/wp-json\/wp\/v2\/product_tag?post=51917"}],"curies":[{"name":"wp","href":"https:\/\/api.w.org\/{rel}","templated":true}]}}