{"id":51870,"date":"2026-04-02T23:45:53","date_gmt":"2026-04-02T20:45:53","guid":{"rendered":"http:\/\/new.ceasuri.md\/shop\/uncategorized\/fossil-jewelry-jf04430710\/"},"modified":"2026-04-20T01:22:30","modified_gmt":"2026-04-19T22:22:30","slug":"fossil-jewelry-jf04430710","status":"publish","type":"product","link":"https:\/\/ceasuri.md\/ru\/shop\/accesorii\/accesorii-dama\/coliere\/fossil-jewelry-jf04430710\/","title":{"rendered":"FOSSIL JEWELRY JF04430710"},"content":{"rendered":"<p>\u00cen 1984, Fossil a \u00eenceput s\u0103 produc\u0103 bijuterii. Aceste bijuterii trebuiau s\u0103 fie realizate din materiale naturale \u0219i, pe l\u00e2ng\u0103 un aspect la mod\u0103, trebuiau s\u0103 reflecte \u0219i bijuteriile clasice.<\/p>\n<p>Bijuteriile Fossil sunt f\u0103cute pentru persoanele sensibile la tendin\u021be, care sunt \u00eencrez\u0103toare \u00een via\u021b\u0103 \u0219i \u0219tiu ce \u00ee\u0219i doresc.<\/p>\n<p>Datorit\u0103 viziunii mari asupra viitorului care se poate observa odat\u0103 cu introducerea noilor colec\u021bii, Fossil are multe milioane de fani fideli.<\/p>\n<p>Un stil dr\u0103gu\u021b din trecut, dar f\u0103cut pentru ziua de azi, cu un loc \u00een interior pentru o fotografie \u0219i mai dr\u0103gu\u021b\u0103 cu tine. Acest medalion \u00een form\u0103 de inim\u0103 din mam\u0103 de perl\u0103 are feroneria semn\u0103tura D-link cu accente de cristal, o\u021bel inoxidabil de ton auriu \u0219i o \u00eenchidere de tip homar.<\/p>","protected":false},"excerpt":{"rendered":"<p>\u00cen 1984, Fossil a \u00eenceput s\u0103 produc\u0103 bijuterii. Aceste bijuterii trebuiau s\u0103 fie realizate din materiale naturale \u0219i, pe l\u00e2ng\u0103 un aspect la mod\u0103, trebuiau s\u0103 reflecte \u0219i bijuteriile clasice. Bijuteriile Fossil sunt f\u0103cute pentru persoanele sensibile la tendin\u021be, care sunt \u00eencrez\u0103toare \u00een via\u021b\u0103 \u0219i \u0219tiu ce \u00ee\u0219i doresc. Datorit\u0103 viziunii mari asupra viitorului care [&hellip;]<\/p>\n","protected":false},"featured_media":51871,"comment_status":"closed","ping_status":"open","template":"","meta":{"_acf_changed":false},"product_brand":[],"product_cat":[583,396,607],"product_tag":[],"class_list":{"0":"post-51870","1":"product","2":"type-product","3":"status-publish","4":"has-post-thumbnail","6":"product_cat-coliere","7":"product_cat-fossil","8":"product_cat-lanturi-accesorii-dama","9":"pa_brand-fossil","10":"pa_corpus-41-cm","11":"pa_decor-cristale-swarowski","12":"pa_decor-sidef","13":"pa_korpus-auriu","14":"pa_material-otel-inoxidabil","15":"pa_strana-sua","17":"first","18":"instock","19":"purchasable","20":"product-type-simple"},"acf":[],"_links":{"self":[{"href":"https:\/\/ceasuri.md\/ru\/wp-json\/wp\/v2\/product\/51870","targetHints":{"allow":["GET"]}}],"collection":[{"href":"https:\/\/ceasuri.md\/ru\/wp-json\/wp\/v2\/product"}],"about":[{"href":"https:\/\/ceasuri.md\/ru\/wp-json\/wp\/v2\/types\/product"}],"replies":[{"embeddable":true,"href":"https:\/\/ceasuri.md\/ru\/wp-json\/wp\/v2\/comments?post=51870"}],"wp:featuredmedia":[{"embeddable":true,"href":"https:\/\/ceasuri.md\/ru\/wp-json\/wp\/v2\/media\/51871"}],"wp:attachment":[{"href":"https:\/\/ceasuri.md\/ru\/wp-json\/wp\/v2\/media?parent=51870"}],"wp:term":[{"taxonomy":"product_brand","embeddable":true,"href":"https:\/\/ceasuri.md\/ru\/wp-json\/wp\/v2\/product_brand?post=51870"},{"taxonomy":"product_cat","embeddable":true,"href":"https:\/\/ceasuri.md\/ru\/wp-json\/wp\/v2\/product_cat?post=51870"},{"taxonomy":"product_tag","embeddable":true,"href":"https:\/\/ceasuri.md\/ru\/wp-json\/wp\/v2\/product_tag?post=51870"}],"curies":[{"name":"wp","href":"https:\/\/api.w.org\/{rel}","templated":true}]}}