{"id":51805,"date":"2026-04-02T23:45:15","date_gmt":"2026-04-02T20:45:15","guid":{"rendered":"http:\/\/new.ceasuri.md\/shop\/uncategorized\/fossil-blue-dive-fs6013\/"},"modified":"2026-04-07T04:39:28","modified_gmt":"2026-04-07T01:39:28","slug":"fossil-blue-dive-fs6013","status":"publish","type":"product","link":"https:\/\/ceasuri.md\/ru\/shop\/branduri\/fossil\/fossil-blue-dive-fs6013\/","title":{"rendered":"Ceas FOSSIL BLUE DIVE FS6013"},"content":{"rendered":"<p>Designul elegant al carcasei \u0219i func\u021bionalitatea &#8211; alegerea unui b\u0103rbat care se str\u0103duie\u0219te s\u0103 ating\u0103 noi obiective. Ceas pentru b\u0103rba\u021bi Fossil Blue Dive rezistent la ap\u0103.<\/p>\n<p>Carcas\u0103 rotund\u0103 din o\u021bel cu cristal mineral. Luneta rotativ\u0103 canelat\u0103 cu scar\u0103 de minute.<\/p>\n<p>M\u00e2ini \u00een form\u0103 de spad\u0103 \u00een stil sabie. Indicatoare cu liniu\u021be \u0219i puncte, indicatorul de la ora 12 \u00een form\u0103 de triunghi. Markere \u0219i m\u00e2ini cu strat luminescent care str\u0103lucesc \u00een \u00eentuneric dup\u0103 o scurt\u0103 \u00eenc\u0103rcare la lumin\u0103.<\/p>\n<p>Fereastra pentru dat\u0103 cu lup\u0103 se afl\u0103 la ora 3.<\/p>","protected":false},"excerpt":{"rendered":"<p>Designul elegant al carcasei \u0219i func\u021bionalitatea &#8211; alegerea unui b\u0103rbat care se str\u0103duie\u0219te s\u0103 ating\u0103 noi obiective. Ceas pentru b\u0103rba\u021bi Fossil Blue Dive rezistent la ap\u0103. Carcas\u0103 rotund\u0103 din o\u021bel cu cristal mineral. Luneta rotativ\u0103 canelat\u0103 cu scar\u0103 de minute. M\u00e2ini \u00een form\u0103 de spad\u0103 \u00een stil sabie. Indicatoare cu liniu\u021be \u0219i puncte, indicatorul de [&hellip;]<\/p>\n","protected":false},"featured_media":51806,"comment_status":"closed","ping_status":"open","template":"","meta":{"_acf_changed":false},"product_brand":[],"product_cat":[20,396],"product_tag":[],"class_list":{"0":"post-51805","1":"product","2":"type-product","3":"status-publish","4":"has-post-thumbnail","6":"product_cat-ceasuri-barbati","7":"product_cat-fossil","8":"pa_brand-fossil","9":"pa_braslet-otel-inoxidabil","10":"pa_corpus-42-mm","11":"pa_forma-rotund","12":"pa_funcii-data","13":"pa_garatia-24-luni","14":"pa_korpus-argintiu","15":"pa_material-otel-inoxidabil","16":"pa_mehanizm-quartz","17":"pa_remeshok-argintiu","18":"pa_steklo-cristal-mineral","19":"pa_strana-sua","20":"pa_voda-10-atm","22":"first","23":"instock","24":"purchasable","25":"product-type-simple"},"acf":[],"_links":{"self":[{"href":"https:\/\/ceasuri.md\/ru\/wp-json\/wp\/v2\/product\/51805","targetHints":{"allow":["GET"]}}],"collection":[{"href":"https:\/\/ceasuri.md\/ru\/wp-json\/wp\/v2\/product"}],"about":[{"href":"https:\/\/ceasuri.md\/ru\/wp-json\/wp\/v2\/types\/product"}],"replies":[{"embeddable":true,"href":"https:\/\/ceasuri.md\/ru\/wp-json\/wp\/v2\/comments?post=51805"}],"wp:featuredmedia":[{"embeddable":true,"href":"https:\/\/ceasuri.md\/ru\/wp-json\/wp\/v2\/media\/51806"}],"wp:attachment":[{"href":"https:\/\/ceasuri.md\/ru\/wp-json\/wp\/v2\/media?parent=51805"}],"wp:term":[{"taxonomy":"product_brand","embeddable":true,"href":"https:\/\/ceasuri.md\/ru\/wp-json\/wp\/v2\/product_brand?post=51805"},{"taxonomy":"product_cat","embeddable":true,"href":"https:\/\/ceasuri.md\/ru\/wp-json\/wp\/v2\/product_cat?post=51805"},{"taxonomy":"product_tag","embeddable":true,"href":"https:\/\/ceasuri.md\/ru\/wp-json\/wp\/v2\/product_tag?post=51805"}],"curies":[{"name":"wp","href":"https:\/\/api.w.org\/{rel}","templated":true}]}}