{"id":51801,"date":"2026-04-02T23:45:15","date_gmt":"2026-04-02T20:45:15","guid":{"rendered":"http:\/\/new.ceasuri.md\/shop\/uncategorized\/fossil-carraway-fs6010\/"},"modified":"2026-04-20T01:20:54","modified_gmt":"2026-04-19T22:20:54","slug":"fossil-carraway-fs6010","status":"publish","type":"product","link":"https:\/\/ceasuri.md\/ru\/shop\/branduri\/fossil\/fossil-carraway-fs6010\/","title":{"rendered":"\u0427\u0430\u0441\u044b FOSSIL CARRAWAY FS6010"},"content":{"rendered":"<p>Un clasic instantaneu, Carraway este proiectat cu grij\u0103 p\u00e2n\u0103 la ultimul detaliu.<\/p>\n<p>Cu un cadran marin cu dou\u0103 straturi, o carcas\u0103 curbat\u0103 pentru \u00eencheietura ta \u0219i o br\u0103\u021bar\u0103 din o\u021bel inoxidabil bicolor cu 7 verigi, este la fel de atemporal pe c\u00e2t este de confortabil.<\/p>","protected":false},"excerpt":{"rendered":"<p>Un clasic instantaneu, Carraway este proiectat cu grij\u0103 p\u00e2n\u0103 la ultimul detaliu. Cu un cadran marin cu dou\u0103 straturi, o carcas\u0103 curbat\u0103 pentru \u00eencheietura ta \u0219i o br\u0103\u021bar\u0103 din o\u021bel inoxidabil bicolor cu 7 verigi, este la fel de atemporal pe c\u00e2t este de confortabil.<\/p>","protected":false},"featured_media":51802,"comment_status":"closed","ping_status":"open","template":"","meta":{"_acf_changed":false},"product_brand":[],"product_cat":[20,396],"product_tag":[],"class_list":{"0":"post-51801","1":"product","2":"type-product","3":"status-publish","4":"has-post-thumbnail","6":"product_cat-ceasuri-barbati","7":"product_cat-fossil","8":"pa_brand-fossil","9":"pa_braslet-otel-inoxidabil","10":"pa_corpus-30x35mm","11":"pa_forma-dreptunghiular","12":"pa_garatia-24-luni","13":"pa_korpus-argintiu","14":"pa_kvarc-quartz","15":"pa_material-otel-inoxidabil","16":"pa_mehanizm-quartz","17":"pa_remeshok-bicolor","18":"pa_steklo-cristal-mineral","19":"pa_strana-sua","20":"pa_voda-5-atm","22":"first","23":"instock","24":"purchasable","25":"product-type-simple"},"acf":[],"_links":{"self":[{"href":"https:\/\/ceasuri.md\/ru\/wp-json\/wp\/v2\/product\/51801","targetHints":{"allow":["GET"]}}],"collection":[{"href":"https:\/\/ceasuri.md\/ru\/wp-json\/wp\/v2\/product"}],"about":[{"href":"https:\/\/ceasuri.md\/ru\/wp-json\/wp\/v2\/types\/product"}],"replies":[{"embeddable":true,"href":"https:\/\/ceasuri.md\/ru\/wp-json\/wp\/v2\/comments?post=51801"}],"wp:featuredmedia":[{"embeddable":true,"href":"https:\/\/ceasuri.md\/ru\/wp-json\/wp\/v2\/media\/51802"}],"wp:attachment":[{"href":"https:\/\/ceasuri.md\/ru\/wp-json\/wp\/v2\/media?parent=51801"}],"wp:term":[{"taxonomy":"product_brand","embeddable":true,"href":"https:\/\/ceasuri.md\/ru\/wp-json\/wp\/v2\/product_brand?post=51801"},{"taxonomy":"product_cat","embeddable":true,"href":"https:\/\/ceasuri.md\/ru\/wp-json\/wp\/v2\/product_cat?post=51801"},{"taxonomy":"product_tag","embeddable":true,"href":"https:\/\/ceasuri.md\/ru\/wp-json\/wp\/v2\/product_tag?post=51801"}],"curies":[{"name":"wp","href":"https:\/\/api.w.org\/{rel}","templated":true}]}}