{"id":51793,"date":"2026-04-02T23:45:15","date_gmt":"2026-04-02T20:45:15","guid":{"rendered":"http:\/\/new.ceasuri.md\/shop\/uncategorized\/fossil-blue-dive-fs5994\/"},"modified":"2026-04-20T01:20:53","modified_gmt":"2026-04-19T22:20:53","slug":"fossil-blue-dive-fs5994","status":"publish","type":"product","link":"https:\/\/ceasuri.md\/ru\/shop\/branduri\/fossil\/fossil-blue-dive-fs5994\/","title":{"rendered":"Ceas FOSSIL BLUE  DIVE FS5994"},"content":{"rendered":"<p>Fossil Blue este unul dintre cele mai fiabile ceasuri, fidel mo\u0219tenirii sale inspirate din scufund\u0103ri: rezisten\u021b\u0103 superb\u0103 la ap\u0103, luneta rotativ\u0103 care urm\u0103re\u0219te timpul scurs (p\u00e2n\u0103 la o or\u0103), lup\u0103 pe fereastra datei, indicatoare orare geometrice.<\/p>\n<p>Carcas\u0103 din o\u021bel inoxidabil gri fumuriu, curea de \u00eenot din silicon gri fumuriu cu cataram\u0103 reglabil\u0103, interschimbabil\u0103 cu toate curelele Fossil de 22 mm.<\/p>","protected":false},"excerpt":{"rendered":"<p>Fossil Blue este unul dintre cele mai fiabile ceasuri, fidel mo\u0219tenirii sale inspirate din scufund\u0103ri: rezisten\u021b\u0103 superb\u0103 la ap\u0103, luneta rotativ\u0103 care urm\u0103re\u0219te timpul scurs (p\u00e2n\u0103 la o or\u0103), lup\u0103 pe fereastra datei, indicatoare orare geometrice. Carcas\u0103 din o\u021bel inoxidabil gri fumuriu, curea de \u00eenot din silicon gri fumuriu cu cataram\u0103 reglabil\u0103, interschimbabil\u0103 cu toate [&hellip;]<\/p>\n","protected":false},"featured_media":51794,"comment_status":"closed","ping_status":"open","template":"","meta":{"_acf_changed":false},"product_brand":[],"product_cat":[20,396],"product_tag":[],"class_list":{"0":"post-51793","1":"product","2":"type-product","3":"status-publish","4":"has-post-thumbnail","6":"product_cat-ceasuri-barbati","7":"product_cat-fossil","8":"pa_brand-fossil","9":"pa_braslet-silicon","10":"pa_corpus-42-mm","11":"pa_forma-rotund","12":"pa_funcii-data","13":"pa_garatia-24-luni","14":"pa_korpus-gri","15":"pa_kvarc-quartz","16":"pa_material-otel-inoxidabil","17":"pa_mehanizm-quartz","18":"pa_remeshok-gri","19":"pa_steklo-cristal-mineral","20":"pa_strana-sua","21":"pa_voda-10-atm","23":"first","24":"instock","25":"purchasable","26":"product-type-simple"},"acf":[],"_links":{"self":[{"href":"https:\/\/ceasuri.md\/ru\/wp-json\/wp\/v2\/product\/51793","targetHints":{"allow":["GET"]}}],"collection":[{"href":"https:\/\/ceasuri.md\/ru\/wp-json\/wp\/v2\/product"}],"about":[{"href":"https:\/\/ceasuri.md\/ru\/wp-json\/wp\/v2\/types\/product"}],"replies":[{"embeddable":true,"href":"https:\/\/ceasuri.md\/ru\/wp-json\/wp\/v2\/comments?post=51793"}],"wp:featuredmedia":[{"embeddable":true,"href":"https:\/\/ceasuri.md\/ru\/wp-json\/wp\/v2\/media\/51794"}],"wp:attachment":[{"href":"https:\/\/ceasuri.md\/ru\/wp-json\/wp\/v2\/media?parent=51793"}],"wp:term":[{"taxonomy":"product_brand","embeddable":true,"href":"https:\/\/ceasuri.md\/ru\/wp-json\/wp\/v2\/product_brand?post=51793"},{"taxonomy":"product_cat","embeddable":true,"href":"https:\/\/ceasuri.md\/ru\/wp-json\/wp\/v2\/product_cat?post=51793"},{"taxonomy":"product_tag","embeddable":true,"href":"https:\/\/ceasuri.md\/ru\/wp-json\/wp\/v2\/product_tag?post=51793"}],"curies":[{"name":"wp","href":"https:\/\/api.w.org\/{rel}","templated":true}]}}