{"id":51789,"date":"2026-04-02T23:45:15","date_gmt":"2026-04-02T20:45:15","guid":{"rendered":"http:\/\/new.ceasuri.md\/shop\/uncategorized\/fossil-blue-gmt-fs5991\/"},"modified":"2026-04-20T01:20:53","modified_gmt":"2026-04-19T22:20:53","slug":"fossil-blue-gmt-fs5991","status":"publish","type":"product","link":"https:\/\/ceasuri.md\/ru\/shop\/branduri\/fossil\/fossil-blue-gmt-fs5991\/","title":{"rendered":"\u0427\u0430\u0441\u044b FOSSIL BLUE GMT FS5991"},"content":{"rendered":"<p>Mo\u0219tenirea lui Fossil Blue continu\u0103, acum \u00eentr-o edi\u021bie special\u0103 GMT.<\/p>\n<p>Acest accesoriu de c\u0103l\u0103torie de ultim\u0103 genera\u021bie este prev\u0103zut cu o m\u00e2n\u0103 GMT u\u0219or de citit, pentru a vedea c\u00e2t e ceasul de la o coast\u0103 la alta dintr-o privire.<\/p>\n<p>De asemenea, are o rezisten\u021b\u0103 la ap\u0103 de 100 de metri \u0219i un luneta rotativ\u0103 de 24 de ore \u00een dou\u0103 tonuri.<\/p>\n<p>Carcas\u0103 din o\u021bel inoxidabil cu cadran albastru ,br\u0103\u021bar\u0103 din o\u021bel inoxidabil, verigile pot fi \u00eendep\u0103rtate pentru o potrivire personalizat\u0103.<\/p>","protected":false},"excerpt":{"rendered":"<p>Mo\u0219tenirea lui Fossil Blue continu\u0103, acum \u00eentr-o edi\u021bie special\u0103 GMT. Acest accesoriu de c\u0103l\u0103torie de ultim\u0103 genera\u021bie este prev\u0103zut cu o m\u00e2n\u0103 GMT u\u0219or de citit, pentru a vedea c\u00e2t e ceasul de la o coast\u0103 la alta dintr-o privire. De asemenea, are o rezisten\u021b\u0103 la ap\u0103 de 100 de metri \u0219i un luneta rotativ\u0103 [&hellip;]<\/p>\n","protected":false},"featured_media":51790,"comment_status":"closed","ping_status":"open","template":"","meta":{"_acf_changed":false},"product_brand":[],"product_cat":[20,396],"product_tag":[],"class_list":{"0":"post-51789","1":"product","2":"type-product","3":"status-publish","4":"has-post-thumbnail","6":"product_cat-ceasuri-barbati","7":"product_cat-fossil","8":"pa_brand-fossil","9":"pa_braslet-otel-inoxidabil","10":"pa_corpus-46-mm","11":"pa_forma-rotund","12":"pa_funcii-data","13":"pa_funcii-gmt","14":"pa_garatia-24-luni","15":"pa_korpus-argintiu","16":"pa_kvarc-quartz","17":"pa_material-otel-inoxidabil","18":"pa_mehanizm-quartz","19":"pa_remeshok-argintiu","20":"pa_steklo-cristal-mineral","21":"pa_strana-sua","22":"pa_voda-10-atm","24":"first","25":"instock","26":"purchasable","27":"product-type-simple"},"acf":[],"_links":{"self":[{"href":"https:\/\/ceasuri.md\/ru\/wp-json\/wp\/v2\/product\/51789","targetHints":{"allow":["GET"]}}],"collection":[{"href":"https:\/\/ceasuri.md\/ru\/wp-json\/wp\/v2\/product"}],"about":[{"href":"https:\/\/ceasuri.md\/ru\/wp-json\/wp\/v2\/types\/product"}],"replies":[{"embeddable":true,"href":"https:\/\/ceasuri.md\/ru\/wp-json\/wp\/v2\/comments?post=51789"}],"wp:featuredmedia":[{"embeddable":true,"href":"https:\/\/ceasuri.md\/ru\/wp-json\/wp\/v2\/media\/51790"}],"wp:attachment":[{"href":"https:\/\/ceasuri.md\/ru\/wp-json\/wp\/v2\/media?parent=51789"}],"wp:term":[{"taxonomy":"product_brand","embeddable":true,"href":"https:\/\/ceasuri.md\/ru\/wp-json\/wp\/v2\/product_brand?post=51789"},{"taxonomy":"product_cat","embeddable":true,"href":"https:\/\/ceasuri.md\/ru\/wp-json\/wp\/v2\/product_cat?post=51789"},{"taxonomy":"product_tag","embeddable":true,"href":"https:\/\/ceasuri.md\/ru\/wp-json\/wp\/v2\/product_tag?post=51789"}],"curies":[{"name":"wp","href":"https:\/\/api.w.org\/{rel}","templated":true}]}}