{"id":51781,"date":"2026-04-02T23:45:15","date_gmt":"2026-04-02T20:45:15","guid":{"rendered":"http:\/\/new.ceasuri.md\/shop\/uncategorized\/fossil-inscription-fs5934\/"},"modified":"2026-04-07T04:39:24","modified_gmt":"2026-04-07T01:39:24","slug":"fossil-inscription-fs5934","status":"publish","type":"product","link":"https:\/\/ceasuri.md\/ru\/shop\/branduri\/fossil\/fossil-inscription-fs5934\/","title":{"rendered":"Ceas FOSSIL INSCRIPTION FS5934"},"content":{"rendered":"<p>Fossil a fost \u00eentotdeauna inspirat de creativitatea \u0219i ingeniozitatea american\u0103, s\u0103 insufl\u0103m o nou\u0103 via\u021b\u0103 industriei prin crearea de ceasuri \u0219i accesorii de calitate, la mod\u0103, care sunt at\u00e2t distractive, c\u00e2t \u0219i accesibile.<\/p>\n<p>Carcasa de form\u0103 p\u0103trat\u0103 a fost un punct de cotitur\u0103 \u00een istoria orologeriei.<\/p>\n<p>Vechiul devine din nou nou nou &#8211; acest ceas de Inscription de la Fossil este completat de un cadran cu dou\u0103 straturi \u0219i de \u0219uruburi expuse \u00een partea superioar\u0103 a inelului.<\/p>","protected":false},"excerpt":{"rendered":"<p>Fossil a fost \u00eentotdeauna inspirat de creativitatea \u0219i ingeniozitatea american\u0103, s\u0103 insufl\u0103m o nou\u0103 via\u021b\u0103 industriei prin crearea de ceasuri \u0219i accesorii de calitate, la mod\u0103, care sunt at\u00e2t distractive, c\u00e2t \u0219i accesibile. Carcasa de form\u0103 p\u0103trat\u0103 a fost un punct de cotitur\u0103 \u00een istoria orologeriei. Vechiul devine din nou nou nou &#8211; acest ceas [&hellip;]<\/p>\n","protected":false},"featured_media":51782,"comment_status":"closed","ping_status":"open","template":"","meta":{"_acf_changed":false},"product_brand":[],"product_cat":[20,396],"product_tag":[],"class_list":{"0":"post-51781","1":"product","2":"type-product","3":"status-publish","4":"has-post-thumbnail","6":"product_cat-ceasuri-barbati","7":"product_cat-fossil","8":"pa_brand-fossil","9":"pa_braslet-piele","10":"pa_corpus-42x42-mm","11":"pa_forma-octogonala","12":"pa_funcii-data","13":"pa_garatia-24-luni","14":"pa_korpus-gri","15":"pa_material-otel-inoxidabil","16":"pa_mehanizm-quartz","17":"pa_remeshok-maro","18":"pa_steklo-cristal-mineral","19":"pa_strana-sua","20":"pa_voda-5-atm","22":"first","23":"instock","24":"purchasable","25":"product-type-simple"},"acf":[],"_links":{"self":[{"href":"https:\/\/ceasuri.md\/ru\/wp-json\/wp\/v2\/product\/51781","targetHints":{"allow":["GET"]}}],"collection":[{"href":"https:\/\/ceasuri.md\/ru\/wp-json\/wp\/v2\/product"}],"about":[{"href":"https:\/\/ceasuri.md\/ru\/wp-json\/wp\/v2\/types\/product"}],"replies":[{"embeddable":true,"href":"https:\/\/ceasuri.md\/ru\/wp-json\/wp\/v2\/comments?post=51781"}],"wp:featuredmedia":[{"embeddable":true,"href":"https:\/\/ceasuri.md\/ru\/wp-json\/wp\/v2\/media\/51782"}],"wp:attachment":[{"href":"https:\/\/ceasuri.md\/ru\/wp-json\/wp\/v2\/media?parent=51781"}],"wp:term":[{"taxonomy":"product_brand","embeddable":true,"href":"https:\/\/ceasuri.md\/ru\/wp-json\/wp\/v2\/product_brand?post=51781"},{"taxonomy":"product_cat","embeddable":true,"href":"https:\/\/ceasuri.md\/ru\/wp-json\/wp\/v2\/product_cat?post=51781"},{"taxonomy":"product_tag","embeddable":true,"href":"https:\/\/ceasuri.md\/ru\/wp-json\/wp\/v2\/product_tag?post=51781"}],"curies":[{"name":"wp","href":"https:\/\/api.w.org\/{rel}","templated":true}]}}