{"id":51765,"date":"2026-04-02T23:44:31","date_gmt":"2026-04-02T20:44:31","guid":{"rendered":"http:\/\/new.ceasuri.md\/shop\/uncategorized\/fossil-raquel-es5306\/"},"modified":"2026-04-15T20:30:04","modified_gmt":"2026-04-15T17:30:04","slug":"fossil-raquel-es5306","status":"publish","type":"product","link":"https:\/\/ceasuri.md\/ru\/shop\/branduri\/fossil\/fossil-raquel-es5306\/","title":{"rendered":"Ceas FOSSIL RAQUEL ES5306"},"content":{"rendered":"<p>Un adev\u0103rat simbol, ceasul dreptunghiular Raquel, este actualizat pentru momentul actual.<\/p>\n<p>Sub\u021bire \u0219i versatil, acesta are un cadran de ceas din mam\u0103 de perl\u0103 cu o ram\u0103 interioar\u0103 str\u0103lucitoare, o mi\u0219care cu trei m\u00e2ini.<\/p>\n<p>Br\u0103\u021bar\u0103 din o\u021bel inoxidabil periat \u0219i lustruit cu 7 verigi.<\/p>","protected":false},"excerpt":{"rendered":"<p>Un adev\u0103rat simbol, ceasul dreptunghiular Raquel, este actualizat pentru momentul actual. Sub\u021bire \u0219i versatil, acesta are un cadran de ceas din mam\u0103 de perl\u0103 cu o ram\u0103 interioar\u0103 str\u0103lucitoare, o mi\u0219care cu trei m\u00e2ini. Br\u0103\u021bar\u0103 din o\u021bel inoxidabil periat \u0219i lustruit cu 7 verigi.<\/p>","protected":false},"featured_media":51766,"comment_status":"closed","ping_status":"open","template":"","meta":{"_acf_changed":false},"product_brand":[],"product_cat":[25,396],"product_tag":[],"class_list":{"0":"post-51765","1":"product","2":"type-product","3":"status-publish","4":"has-post-thumbnail","6":"product_cat-ceasuri-dama","7":"product_cat-fossil","8":"pa_brand-fossil","9":"pa_braslet-otel-inoxidabil","10":"pa_corpus-26x32mm","11":"pa_decor-cristale-swarowski","12":"pa_forma-dreptunghiular","13":"pa_funcii-data","14":"pa_garatia-24-luni","15":"pa_korpus-argintiu","16":"pa_kvarc-quartz","17":"pa_material-otel-inoxidabil","18":"pa_mehanizm-quartz","19":"pa_remeshok-argintiu","20":"pa_steklo-cristal-mineral","21":"pa_strana-sua","22":"pa_voda-5-atm","24":"first","25":"instock","26":"purchasable","27":"product-type-simple"},"acf":[],"_links":{"self":[{"href":"https:\/\/ceasuri.md\/ru\/wp-json\/wp\/v2\/product\/51765","targetHints":{"allow":["GET"]}}],"collection":[{"href":"https:\/\/ceasuri.md\/ru\/wp-json\/wp\/v2\/product"}],"about":[{"href":"https:\/\/ceasuri.md\/ru\/wp-json\/wp\/v2\/types\/product"}],"replies":[{"embeddable":true,"href":"https:\/\/ceasuri.md\/ru\/wp-json\/wp\/v2\/comments?post=51765"}],"wp:featuredmedia":[{"embeddable":true,"href":"https:\/\/ceasuri.md\/ru\/wp-json\/wp\/v2\/media\/51766"}],"wp:attachment":[{"href":"https:\/\/ceasuri.md\/ru\/wp-json\/wp\/v2\/media?parent=51765"}],"wp:term":[{"taxonomy":"product_brand","embeddable":true,"href":"https:\/\/ceasuri.md\/ru\/wp-json\/wp\/v2\/product_brand?post=51765"},{"taxonomy":"product_cat","embeddable":true,"href":"https:\/\/ceasuri.md\/ru\/wp-json\/wp\/v2\/product_cat?post=51765"},{"taxonomy":"product_tag","embeddable":true,"href":"https:\/\/ceasuri.md\/ru\/wp-json\/wp\/v2\/product_tag?post=51765"}],"curies":[{"name":"wp","href":"https:\/\/api.w.org\/{rel}","templated":true}]}}